{"id":3815,"date":"2021-06-14T11:11:42","date_gmt":"2021-06-14T08:11:42","guid":{"rendered":"http:\/\/www.unisera.com\/zirhli-seri\/"},"modified":"2021-06-30T17:18:13","modified_gmt":"2021-06-30T14:18:13","slug":"zirhli-seri","status":"publish","type":"page","link":"http:\/\/www.unisera.com\/ru\/zirhli-seri\/","title":{"rendered":"Z\u0131rhl\u0131 Seri"},"content":{"rendered":"<div class=\"wpb-content-wrapper\"><p>[vc_row][vc_column][vc_row_inner][vc_column_inner width=&#187;1\/3&#8243;][vc_single_image image=&#187;3769&#8243; img_size=&#187;medium&#187; onclick=&#187;custom_link&#187; link=&#187;http:\/\/www.unisera.com\/orjinal-krom-korumali-icten-disli-adaptor\/&#187;][vc_custom_heading text=&#187;Orjinal Krom Korumal\u0131 \u0130\u00e7ten Di\u015fli Adapt\u00f6r&#187; google_fonts=&#187;font_family:Open%20Sans%3A300%2C300italic%2Cregular%2Citalic%2C600%2C600italic%2C700%2C700italic%2C800%2C800italic|font_style:600%20bold%20regular%3A600%3Anormal&#187; link=&#187;url:http%3A%2F%2Fwww.unisera.com%2Forjinal-krom-korumali-icten-disli-adaptor%2F|title:Orjinal%20Krom%20Korumal%C4%B1%20%C4%B0%C3%A7ten%20Di%C5%9Fli%20Adapt%C3%B6r&#187;][\/vc_column_inner][vc_column_inner width=&#187;1\/3&#8243;][vc_single_image image=&#187;3775&#8243; img_size=&#187;medium&#187; onclick=&#187;custom_link&#187; link=&#187;http:\/\/www.unisera.com\/pp-kaplin-cikisli-orjinal-krom-korumali-icten-disli-vana\/&#187;][vc_custom_heading text=&#187;PP Kaplin \u00c7\u0131k\u0131\u015fl\u0131 Orjinal Krom Korumal\u0131 \u0130\u00e7ten Di\u015fli Vana&#187; google_fonts=&#187;font_family:Open%20Sans%3A300%2C300italic%2Cregular%2Citalic%2C600%2C600italic%2C700%2C700italic%2C800%2C800italic|font_style:600%20bold%20regular%3A600%3Anormal&#187; link=&#187;url:http%3A%2F%2Fwww.unisera.com%2Fpp-kaplin-cikisli-orjinal-krom-korumali-icten-disli-vana%2F|title:PP%20Kaplin%20%C3%87%C4%B1k%C4%B1%C5%9Fl%C4%B1%20Orjinal%20Krom%20Korumal%C4%B1%20%C4%B0%C3%A7ten%20Di%C5%9Fli%20Vana&#187;][\/vc_column_inner][vc_column_inner width=&#187;1\/3&#8243;][vc_single_image image=&#187;3781&#8243; img_size=&#187;medium&#187; onclick=&#187;custom_link&#187; link=&#187;http:\/\/www.unisera.com\/yuzuklu-plastik-disi-disi-vana\/&#187;][vc_custom_heading text=&#187;PP Plastik K\u00fcreli Orjinal Krom Korumal\u0131 \u0130\u00e7ten Di\u015fli K\u00fcresel Vana&#187; google_fonts=&#187;font_family:Open%20Sans%3A300%2C300italic%2Cregular%2Citalic%2C600%2C600italic%2C700%2C700italic%2C800%2C800italic|font_style:600%20bold%20regular%3A600%3Anormal&#187; link=&#187;url:http%3A%2F%2Fwww.unisera.com%2Fyuzuklu-plastik-disi-disi-vana%2F|title:PP%20Plastik%20K%C3%BCreli%20Orjinal%20Krom%20Korumal%C4%B1%20%C4%B0%C3%A7ten%20Di%C5%9Fli%20K%C3%BCresel%20Vana&#187;][\/vc_column_inner][\/vc_row_inner][vc_separator color=&#187;green&#187;][vc_row_inner][vc_column_inner width=&#187;1\/3&#8243;][vc_single_image image=&#187;3787&#8243; img_size=&#187;medium&#187; onclick=&#187;custom_link&#187; link=&#187;http:\/\/www.unisera.com\/yuzuklu-plastik-disi-erkek-vana\/&#187;][vc_custom_heading text=&#187;PP Orjinal Krom Korumal\u0131 \u0130\u00e7 Di\u015f \u2013 D\u0131\u015f Di\u015f K\u00fcresel Vana&#187; google_fonts=&#187;font_family:Open%20Sans%3A300%2C300italic%2Cregular%2Citalic%2C600%2C600italic%2C700%2C700italic%2C800%2C800italic|font_style:600%20bold%20regular%3A600%3Anormal&#187; link=&#187;url:http%3A%2F%2Fwww.unisera.com%2Fyuzuklu-plastik-disi-erkek-vana%2F|title:PP%20Orjinal%20Krom%20Korumal%C4%B1%20%C4%B0%C3%A7%20Di%C5%9F%20%E2%80%93%20D%C4%B1%C5%9F%20Di%C5%9F%20K%C3%BCresel%20Vana&#187;][\/vc_column_inner][vc_column_inner width=&#187;1\/3&#8243;][vc_single_image image=&#187;3688&#8243; img_size=&#187;medium&#187; onclick=&#187;custom_link&#187; link=&#187;http:\/\/www.unisera.com\/yuzuklu-icten-disli-te\/&#187;][vc_custom_heading text=&#187;Y\u00fcz\u00fckl\u00fc \u0130\u00e7ten Di\u015fli Te&#187; google_fonts=&#187;font_family:Open%20Sans%3A300%2C300italic%2Cregular%2Citalic%2C600%2C600italic%2C700%2C700italic%2C800%2C800italic|font_style:600%20bold%20regular%3A600%3Anormal&#187; link=&#187;url:http%3A%2F%2Fwww.unisera.com%2Fyuzuklu-icten-disli-te%2F|title:Y%C3%BCz%C3%BCkl%C3%BC%20%C4%B0%C3%A7ten%20Di%C5%9Fli%20Te&#187;][\/vc_column_inner][vc_column_inner width=&#187;1\/3&#8243;][vc_single_image image=&#187;3695&#8243; img_size=&#187;medium&#187; onclick=&#187;custom_link&#187; link=&#187;http:\/\/www.unisera.com\/yuzuklu-icten-disli-dirsek\/&#187;][vc_custom_heading text=&#187;Y\u00fcz\u00fckl\u00fc \u0130\u00e7ten Di\u015fli Dirsek&#187; google_fonts=&#187;font_family:Open%20Sans%3A300%2C300italic%2Cregular%2Citalic%2C600%2C600italic%2C700%2C700italic%2C800%2C800italic|font_style:600%20bold%20regular%3A600%3Anormal&#187; link=&#187;url:http%3A%2F%2Fwww.unisera.com%2Fyuzuklu-icten-disli-dirsek%2F|title:Y%C3%BCz%C3%BCkl%C3%BC%20%C4%B0%C3%A7ten%20Di%C5%9Fli%20Dirsek&#187;][\/vc_column_inner][\/vc_row_inner][vc_separator color=&#187;green&#187;][vc_row_inner][vc_column_inner width=&#187;1\/3&#8243;][vc_single_image image=&#187;3793&#8243; img_size=&#187;medium&#187; onclick=&#187;custom_link&#187; link=&#187;http:\/\/www.unisera.com\/yuzuklu-istavroz-ic-dis-kaplin-te\/&#187;][vc_custom_heading text=&#187;Y\u00fcz\u00fckl\u00fc \u0130stavroz \u0130\u00e7-Di\u015f Kaplin Te&#187; google_fonts=&#187;font_family:Open%20Sans%3A300%2C300italic%2Cregular%2Citalic%2C600%2C600italic%2C700%2C700italic%2C800%2C800italic|font_style:600%20bold%20regular%3A600%3Anormal&#187; link=&#187;url:http%3A%2F%2Fwww.unisera.com%2Fyuzuklu-istavroz-ic-dis-kaplin-te%2F|title:Y%C3%BCz%C3%BCkl%C3%BC%20%C4%B0stavroz%20%C4%B0%C3%A7-Di%C5%9F%20Kaplin%20Te&#187;][\/vc_column_inner][vc_column_inner width=&#187;1\/3&#8243;][vc_single_image image=&#187;3669&#8243; img_size=&#187;medium&#187; onclick=&#187;custom_link&#187; link=&#187;http:\/\/www.unisera.com\/yuzuklu-kose-dirsek\/&#187;][vc_custom_heading text=&#187;Y\u00fcz\u00fckl\u00fc Duvara Monte Edilebilen Kaplin Di\u015fi Vana ve Musluk Dirse\u011fi&#187; google_fonts=&#187;font_family:Open%20Sans%3A300%2C300italic%2Cregular%2Citalic%2C600%2C600italic%2C700%2C700italic%2C800%2C800italic|font_style:600%20bold%20regular%3A600%3Anormal&#187; link=&#187;url:http%3A%2F%2Fwww.unisera.com%2Fyuzuklu-kose-dirsek%2F|title:Y%C3%BCz%C3%BCkl%C3%BC%20Duvara%20Monte%20Edilebilen%20Kaplin%20Di%C5%9Fi%20Vana%20ve%20Musluk%20Dirse%C4%9Fi&#187;][\/vc_column_inner][vc_column_inner width=&#187;1\/3&#8243;][vc_single_image image=&#187;3708&#8243; img_size=&#187;medium&#187; onclick=&#187;custom_link&#187; link=&#187;http:\/\/www.unisera.com\/yuzuklu-civatali-priz-kolye\/&#187;][vc_custom_heading text=&#187;Y\u00fcz\u00fckl\u00fc Civatal\u0131 Priz Kolye&#187; google_fonts=&#187;font_family:Open%20Sans%3A300%2C300italic%2Cregular%2Citalic%2C600%2C600italic%2C700%2C700italic%2C800%2C800italic|font_style:600%20bold%20regular%3A600%3Anormal&#187; link=&#187;url:http%3A%2F%2Fwww.unisera.com%2Fyuzuklu-civatali-priz-kolye%2F|title:Y%C3%BCz%C3%BCkl%C3%BC%20Civatal%C4%B1%20Priz%20Kolye&#187;][\/vc_column_inner][\/vc_row_inner][vc_separator color=&#187;green&#187;][vc_row_inner][vc_column_inner width=&#187;1\/3&#8243;][vc_single_image image=&#187;3721&#8243; img_size=&#187;medium&#187; onclick=&#187;custom_link&#187; link=&#187;http:\/\/www.unisera.com\/yuzuklu-kaplin-priz-kolye\/&#187;][vc_custom_heading text=&#187;Y\u00fcz\u00fckl\u00fc Kaplin Priz Kolye&#187; google_fonts=&#187;font_family:Open%20Sans%3A300%2C300italic%2Cregular%2Citalic%2C600%2C600italic%2C700%2C700italic%2C800%2C800italic|font_style:600%20bold%20regular%3A600%3Anormal&#187; link=&#187;url:http%3A%2F%2Fwww.unisera.com%2Fyuzuklu-kaplin-priz-kolye%2F|title:Y%C3%BCz%C3%BCkl%C3%BC%20Kaplin%20Priz%20Kolye&#187;][\/vc_column_inner][vc_column_inner width=&#187;1\/3&#8243;][vc_single_image image=&#187;3799&#8243; img_size=&#187;medium&#187; onclick=&#187;custom_link&#187; link=&#187;http:\/\/www.unisera.com\/yuzuklu-plastik-ic-dis-kruva-te\/&#187;][vc_custom_heading text=&#187;Y\u00fcz\u00fckl\u00fc Plastik \u0130\u00e7 Di\u015f Kruva Te &#187; google_fonts=&#187;font_family:Open%20Sans%3A300%2C300italic%2Cregular%2Citalic%2C600%2C600italic%2C700%2C700italic%2C800%2C800italic|font_style:600%20bold%20regular%3A600%3Anormal&#187; link=&#187;url:http%3A%2F%2Fwww.unisera.com%2Fyuzuklu-plastik-ic-dis-kruva-te%2F|title:Y%C3%BCz%C3%BCkl%C3%BC%20Plastik%20%C4%B0%C3%A7%20Di%C5%9F%20Kruva%20Te&#187;][\/vc_column_inner][vc_column_inner width=&#187;1\/3&#8243;][\/vc_column_inner][\/vc_row_inner][vc_separator color=&#187;green&#187;][vc_row_inner][vc_column_inner width=&#187;1\/3&#8243;][\/vc_column_inner][vc_column_inner width=&#187;1\/3&#8243;][\/vc_column_inner][vc_column_inner width=&#187;1\/3&#8243;][\/vc_column_inner][\/vc_row_inner][\/vc_column][\/vc_row][vc_row][vc_column][vc_column_text][\/vc_column_text][\/vc_column][\/vc_row]<\/p>\n<\/div>","protected":false},"excerpt":{"rendered":"<p>[vc_row][vc_column][vc_row_inner][vc_column_inner width=&#187;1\/3&#8243;][vc_single_image image=&#187;3769&#8243; img_size=&#187;medium&#187; onclick=&#187;custom_link&#187; link=&#187;http:\/\/www.unisera.com\/orjinal-krom-korumali-icten-disli-adaptor\/&#187;][vc_custom_heading text=&#187;Orjinal Krom Korumal\u0131 \u0130\u00e7ten Di\u015fli Adapt\u00f6r&#187; google_fonts=&#187;font_family:Open%20Sans%3A300%2C300italic%2Cregular%2Citalic%2C600%2C600italic%2C700%2C700italic%2C800%2C800italic|font_style:600%20bold%20regular%3A600%3Anormal&#187; link=&#187;url:http%3A%2F%2Fwww.unisera.com%2Forjinal-krom-korumali-icten-disli-adaptor%2F|title:Orjinal%20Krom%20Korumal%C4%B1%20%C4%B0%C3%A7ten%20Di%C5%9Fli%20Adapt%C3%B6r&#187;][\/vc_column_inner][vc_column_inner width=&#187;1\/3&#8243;][vc_single_image image=&#187;3775&#8243; img_size=&#187;medium&#187; onclick=&#187;custom_link&#187; link=&#187;http:\/\/www.unisera.com\/pp-kaplin-cikisli-orjinal-krom-korumali-icten-disli-vana\/&#187;][vc_custom_heading text=&#187;PP Kaplin \u00c7\u0131k\u0131\u015fl\u0131 Orjinal Krom Korumal\u0131 \u0130\u00e7ten Di\u015fli Vana&#187; google_fonts=&#187;font_family:Open%20Sans%3A300%2C300italic%2Cregular%2Citalic%2C600%2C600italic%2C700%2C700italic%2C800%2C800italic|font_style:600%20bold%20regular%3A600%3Anormal&#187; link=&#187;url:http%3A%2F%2Fwww.unisera.com%2Fpp-kaplin-cikisli-orjinal-krom-korumali-icten-disli-vana%2F|title:PP%20Kaplin%20%C3%87%C4%B1k%C4%B1%C5%9Fl%C4%B1%20Orjinal%20Krom%20Korumal%C4%B1%20%C4%B0%C3%A7ten%20Di%C5%9Fli%20Vana&#187;][\/vc_column_inner][vc_column_inner width=&#187;1\/3&#8243;][vc_single_image image=&#187;3781&#8243; img_size=&#187;medium&#187; onclick=&#187;custom_link&#187; link=&#187;http:\/\/www.unisera.com\/yuzuklu-plastik-disi-disi-vana\/&#187;][vc_custom_heading text=&#187;PP Plastik K\u00fcreli Orjinal Krom Korumal\u0131 \u0130\u00e7ten Di\u015fli K\u00fcresel Vana&#187; google_fonts=&#187;font_family:Open%20Sans%3A300%2C300italic%2Cregular%2Citalic%2C600%2C600italic%2C700%2C700italic%2C800%2C800italic|font_style:600%20bold%20regular%3A600%3Anormal&#187; link=&#187;url:http%3A%2F%2Fwww.unisera.com%2Fyuzuklu-plastik-disi-disi-vana%2F|title:PP%20Plastik%20K%C3%BCreli%20Orjinal%20Krom%20Korumal%C4%B1%20%C4%B0%C3%A7ten%20Di%C5%9Fli%20K%C3%BCresel%20Vana&#187;][\/vc_column_inner][\/vc_row_inner][vc_separator color=&#187;green&#187;][vc_row_inner][vc_column_inner width=&#187;1\/3&#8243;][vc_single_image image=&#187;3787&#8243; img_size=&#187;medium&#187; onclick=&#187;custom_link&#187; link=&#187;http:\/\/www.unisera.com\/yuzuklu-plastik-disi-erkek-vana\/&#187;][vc_custom_heading text=&#187;PP Orjinal [&hellip;]<\/p>\n","protected":false},"author":1,"featured_media":0,"parent":0,"menu_order":0,"comment_status":"closed","ping_status":"closed","template":"","meta":{"_joinchat":[],"footnotes":""},"class_list":["post-3815","page","type-page","status-publish","hentry"],"yoast_head":"<!-- This site is optimized with the Yoast SEO Premium plugin v24.7 (Yoast SEO v27.4) - https:\/\/yoast.com\/product\/yoast-seo-premium-wordpress\/ -->\n<title>Z\u0131rhl\u0131 Seri - Unisera Damla Sulama Sistemleri A.\u015e. - PP Compression Fittings<\/title>\n<meta name=\"robots\" content=\"index, follow, max-snippet:-1, max-image-preview:large, max-video-preview:-1\" \/>\n<link rel=\"canonical\" href=\"http:\/\/www.unisera.com\/ru\/zirhli-seri\/\" \/>\n<meta property=\"og:locale\" content=\"ru_RU\" \/>\n<meta property=\"og:type\" content=\"article\" \/>\n<meta property=\"og:title\" content=\"Z\u0131rhl\u0131 Seri\" \/>\n<meta property=\"og:description\" content=\"[vc_row][vc_column][vc_row_inner][vc_column_inner width=&#187;1\/3&#8243;][vc_single_image image=&#187;3769&#8243; img_size=&#187;medium&#187; onclick=&#187;custom_link&#187; link=&#187;http:\/\/www.unisera.com\/orjinal-krom-korumali-icten-disli-adaptor\/&#187;][vc_custom_heading text=&#187;Orjinal Krom Korumal\u0131 \u0130\u00e7ten Di\u015fli Adapt\u00f6r&#187; google_fonts=&#187;font_family:Open%20Sans%3A300%2C300italic%2Cregular%2Citalic%2C600%2C600italic%2C700%2C700italic%2C800%2C800italic|font_style:600%20bold%20regular%3A600%3Anormal&#187; link=&#187;url:http%3A%2F%2Fwww.unisera.com%2Forjinal-krom-korumali-icten-disli-adaptor%2F|title:Orjinal%20Krom%20Korumal%C4%B1%20%C4%B0%C3%A7ten%20Di%C5%9Fli%20Adapt%C3%B6r&#187;][\/vc_column_inner][vc_column_inner width=&#187;1\/3&#8243;][vc_single_image image=&#187;3775&#8243; img_size=&#187;medium&#187; onclick=&#187;custom_link&#187; link=&#187;http:\/\/www.unisera.com\/pp-kaplin-cikisli-orjinal-krom-korumali-icten-disli-vana\/&#187;][vc_custom_heading text=&#187;PP Kaplin \u00c7\u0131k\u0131\u015fl\u0131 Orjinal Krom Korumal\u0131 \u0130\u00e7ten Di\u015fli Vana&#187; google_fonts=&#187;font_family:Open%20Sans%3A300%2C300italic%2Cregular%2Citalic%2C600%2C600italic%2C700%2C700italic%2C800%2C800italic|font_style:600%20bold%20regular%3A600%3Anormal&#187; link=&#187;url:http%3A%2F%2Fwww.unisera.com%2Fpp-kaplin-cikisli-orjinal-krom-korumali-icten-disli-vana%2F|title:PP%20Kaplin%20%C3%87%C4%B1k%C4%B1%C5%9Fl%C4%B1%20Orjinal%20Krom%20Korumal%C4%B1%20%C4%B0%C3%A7ten%20Di%C5%9Fli%20Vana&#187;][\/vc_column_inner][vc_column_inner width=&#187;1\/3&#8243;][vc_single_image image=&#187;3781&#8243; img_size=&#187;medium&#187; onclick=&#187;custom_link&#187; link=&#187;http:\/\/www.unisera.com\/yuzuklu-plastik-disi-disi-vana\/&#187;][vc_custom_heading text=&#187;PP Plastik K\u00fcreli Orjinal Krom Korumal\u0131 \u0130\u00e7ten Di\u015fli K\u00fcresel Vana&#187; google_fonts=&#187;font_family:Open%20Sans%3A300%2C300italic%2Cregular%2Citalic%2C600%2C600italic%2C700%2C700italic%2C800%2C800italic|font_style:600%20bold%20regular%3A600%3Anormal&#187; link=&#187;url:http%3A%2F%2Fwww.unisera.com%2Fyuzuklu-plastik-disi-disi-vana%2F|title:PP%20Plastik%20K%C3%BCreli%20Orjinal%20Krom%20Korumal%C4%B1%20%C4%B0%C3%A7ten%20Di%C5%9Fli%20K%C3%BCresel%20Vana&#187;][\/vc_column_inner][\/vc_row_inner][vc_separator color=&#187;green&#187;][vc_row_inner][vc_column_inner width=&#187;1\/3&#8243;][vc_single_image image=&#187;3787&#8243; img_size=&#187;medium&#187; onclick=&#187;custom_link&#187; link=&#187;http:\/\/www.unisera.com\/yuzuklu-plastik-disi-erkek-vana\/&#187;][vc_custom_heading text=&#187;PP Orjinal [&hellip;]\" \/>\n<meta property=\"og:url\" content=\"http:\/\/www.unisera.com\/ru\/zirhli-seri\/\" \/>\n<meta property=\"og:site_name\" content=\"Unisera Damla Sulama Sistemleri A.\u015e. - PP Compression Fittings\" \/>\n<meta property=\"article:modified_time\" content=\"2021-06-30T14:18:13+00:00\" \/>\n<meta name=\"twitter:card\" content=\"summary_large_image\" \/>\n<meta name=\"twitter:label1\" content=\"\u041f\u0440\u0438\u043c\u0435\u0440\u043d\u043e\u0435 \u0432\u0440\u0435\u043c\u044f \u0434\u043b\u044f \u0447\u0442\u0435\u043d\u0438\u044f\" \/>\n\t<meta name=\"twitter:data1\" content=\"5 \u043c\u0438\u043d\u0443\u0442\" \/>\n<script type=\"application\/ld+json\" class=\"yoast-schema-graph\">{\"@context\":\"https:\\\/\\\/schema.org\",\"@graph\":[{\"@type\":\"WebPage\",\"@id\":\"http:\\\/\\\/www.unisera.com\\\/ru\\\/zirhli-seri\\\/\",\"url\":\"http:\\\/\\\/www.unisera.com\\\/ru\\\/zirhli-seri\\\/\",\"name\":\"Z\u0131rhl\u0131 Seri - Unisera Damla Sulama Sistemleri A.\u015e. - PP Compression Fittings\",\"isPartOf\":{\"@id\":\"http:\\\/\\\/www.unisera.com\\\/#website\"},\"datePublished\":\"2021-06-14T08:11:42+00:00\",\"dateModified\":\"2021-06-30T14:18:13+00:00\",\"breadcrumb\":{\"@id\":\"http:\\\/\\\/www.unisera.com\\\/ru\\\/zirhli-seri\\\/#breadcrumb\"},\"inLanguage\":\"ru-RU\",\"potentialAction\":[{\"@type\":\"ReadAction\",\"target\":[\"http:\\\/\\\/www.unisera.com\\\/ru\\\/zirhli-seri\\\/\"]}]},{\"@type\":\"BreadcrumbList\",\"@id\":\"http:\\\/\\\/www.unisera.com\\\/ru\\\/zirhli-seri\\\/#breadcrumb\",\"itemListElement\":[{\"@type\":\"ListItem\",\"position\":1,\"name\":\"Home\",\"item\":\"http:\\\/\\\/www.unisera.com\\\/ru\\\/\"},{\"@type\":\"ListItem\",\"position\":2,\"name\":\"Z\u0131rhl\u0131 Seri\"}]},{\"@type\":\"WebSite\",\"@id\":\"http:\\\/\\\/www.unisera.com\\\/#website\",\"url\":\"http:\\\/\\\/www.unisera.com\\\/\",\"name\":\"Unisera Damla Sulama Sistemleri A.\u015e. - PP Compression Fittings\",\"description\":\"Temiz Su Ek Par\u00e7alar\u0131\",\"publisher\":{\"@id\":\"http:\\\/\\\/www.unisera.com\\\/#organization\"},\"potentialAction\":[{\"@type\":\"SearchAction\",\"target\":{\"@type\":\"EntryPoint\",\"urlTemplate\":\"http:\\\/\\\/www.unisera.com\\\/?s={search_term_string}\"},\"query-input\":{\"@type\":\"PropertyValueSpecification\",\"valueRequired\":true,\"valueName\":\"search_term_string\"}}],\"inLanguage\":\"ru-RU\"},{\"@type\":\"Organization\",\"@id\":\"http:\\\/\\\/www.unisera.com\\\/#organization\",\"name\":\"unisera damla sulama sistemleri a.\u015f\",\"url\":\"http:\\\/\\\/www.unisera.com\\\/\",\"logo\":{\"@type\":\"ImageObject\",\"inLanguage\":\"ru-RU\",\"@id\":\"http:\\\/\\\/www.unisera.com\\\/#\\\/schema\\\/logo\\\/image\\\/\",\"url\":\"http:\\\/\\\/www.unisera.com\\\/wp-content\\\/uploads\\\/2021\\\/06\\\/unisera_logo-revize-5-e1664807349517.png\",\"contentUrl\":\"http:\\\/\\\/www.unisera.com\\\/wp-content\\\/uploads\\\/2021\\\/06\\\/unisera_logo-revize-5-e1664807349517.png\",\"width\":200,\"height\":83,\"caption\":\"unisera damla sulama sistemleri a.\u015f\"},\"image\":{\"@id\":\"http:\\\/\\\/www.unisera.com\\\/#\\\/schema\\\/logo\\\/image\\\/\"}}]}<\/script>\n<!-- \/ Yoast SEO Premium plugin. -->","yoast_head_json":{"title":"Z\u0131rhl\u0131 Seri - Unisera Damla Sulama Sistemleri A.\u015e. - PP Compression Fittings","robots":{"index":"index","follow":"follow","max-snippet":"max-snippet:-1","max-image-preview":"max-image-preview:large","max-video-preview":"max-video-preview:-1"},"canonical":"http:\/\/www.unisera.com\/ru\/zirhli-seri\/","og_locale":"ru_RU","og_type":"article","og_title":"Z\u0131rhl\u0131 Seri","og_description":"[vc_row][vc_column][vc_row_inner][vc_column_inner width=&#187;1\/3&#8243;][vc_single_image image=&#187;3769&#8243; img_size=&#187;medium&#187; onclick=&#187;custom_link&#187; link=&#187;http:\/\/www.unisera.com\/orjinal-krom-korumali-icten-disli-adaptor\/&#187;][vc_custom_heading text=&#187;Orjinal Krom Korumal\u0131 \u0130\u00e7ten Di\u015fli Adapt\u00f6r&#187; google_fonts=&#187;font_family:Open%20Sans%3A300%2C300italic%2Cregular%2Citalic%2C600%2C600italic%2C700%2C700italic%2C800%2C800italic|font_style:600%20bold%20regular%3A600%3Anormal&#187; link=&#187;url:http%3A%2F%2Fwww.unisera.com%2Forjinal-krom-korumali-icten-disli-adaptor%2F|title:Orjinal%20Krom%20Korumal%C4%B1%20%C4%B0%C3%A7ten%20Di%C5%9Fli%20Adapt%C3%B6r&#187;][\/vc_column_inner][vc_column_inner width=&#187;1\/3&#8243;][vc_single_image image=&#187;3775&#8243; img_size=&#187;medium&#187; onclick=&#187;custom_link&#187; link=&#187;http:\/\/www.unisera.com\/pp-kaplin-cikisli-orjinal-krom-korumali-icten-disli-vana\/&#187;][vc_custom_heading text=&#187;PP Kaplin \u00c7\u0131k\u0131\u015fl\u0131 Orjinal Krom Korumal\u0131 \u0130\u00e7ten Di\u015fli Vana&#187; google_fonts=&#187;font_family:Open%20Sans%3A300%2C300italic%2Cregular%2Citalic%2C600%2C600italic%2C700%2C700italic%2C800%2C800italic|font_style:600%20bold%20regular%3A600%3Anormal&#187; link=&#187;url:http%3A%2F%2Fwww.unisera.com%2Fpp-kaplin-cikisli-orjinal-krom-korumali-icten-disli-vana%2F|title:PP%20Kaplin%20%C3%87%C4%B1k%C4%B1%C5%9Fl%C4%B1%20Orjinal%20Krom%20Korumal%C4%B1%20%C4%B0%C3%A7ten%20Di%C5%9Fli%20Vana&#187;][\/vc_column_inner][vc_column_inner width=&#187;1\/3&#8243;][vc_single_image image=&#187;3781&#8243; img_size=&#187;medium&#187; onclick=&#187;custom_link&#187; link=&#187;http:\/\/www.unisera.com\/yuzuklu-plastik-disi-disi-vana\/&#187;][vc_custom_heading text=&#187;PP Plastik K\u00fcreli Orjinal Krom Korumal\u0131 \u0130\u00e7ten Di\u015fli K\u00fcresel Vana&#187; google_fonts=&#187;font_family:Open%20Sans%3A300%2C300italic%2Cregular%2Citalic%2C600%2C600italic%2C700%2C700italic%2C800%2C800italic|font_style:600%20bold%20regular%3A600%3Anormal&#187; link=&#187;url:http%3A%2F%2Fwww.unisera.com%2Fyuzuklu-plastik-disi-disi-vana%2F|title:PP%20Plastik%20K%C3%BCreli%20Orjinal%20Krom%20Korumal%C4%B1%20%C4%B0%C3%A7ten%20Di%C5%9Fli%20K%C3%BCresel%20Vana&#187;][\/vc_column_inner][\/vc_row_inner][vc_separator color=&#187;green&#187;][vc_row_inner][vc_column_inner width=&#187;1\/3&#8243;][vc_single_image image=&#187;3787&#8243; img_size=&#187;medium&#187; onclick=&#187;custom_link&#187; link=&#187;http:\/\/www.unisera.com\/yuzuklu-plastik-disi-erkek-vana\/&#187;][vc_custom_heading text=&#187;PP Orjinal [&hellip;]","og_url":"http:\/\/www.unisera.com\/ru\/zirhli-seri\/","og_site_name":"Unisera Damla Sulama Sistemleri A.\u015e. - PP Compression Fittings","article_modified_time":"2021-06-30T14:18:13+00:00","twitter_card":"summary_large_image","twitter_misc":{"\u041f\u0440\u0438\u043c\u0435\u0440\u043d\u043e\u0435 \u0432\u0440\u0435\u043c\u044f \u0434\u043b\u044f \u0447\u0442\u0435\u043d\u0438\u044f":"5 \u043c\u0438\u043d\u0443\u0442"},"schema":{"@context":"https:\/\/schema.org","@graph":[{"@type":"WebPage","@id":"http:\/\/www.unisera.com\/ru\/zirhli-seri\/","url":"http:\/\/www.unisera.com\/ru\/zirhli-seri\/","name":"Z\u0131rhl\u0131 Seri - Unisera Damla Sulama Sistemleri A.\u015e. - PP Compression Fittings","isPartOf":{"@id":"http:\/\/www.unisera.com\/#website"},"datePublished":"2021-06-14T08:11:42+00:00","dateModified":"2021-06-30T14:18:13+00:00","breadcrumb":{"@id":"http:\/\/www.unisera.com\/ru\/zirhli-seri\/#breadcrumb"},"inLanguage":"ru-RU","potentialAction":[{"@type":"ReadAction","target":["http:\/\/www.unisera.com\/ru\/zirhli-seri\/"]}]},{"@type":"BreadcrumbList","@id":"http:\/\/www.unisera.com\/ru\/zirhli-seri\/#breadcrumb","itemListElement":[{"@type":"ListItem","position":1,"name":"Home","item":"http:\/\/www.unisera.com\/ru\/"},{"@type":"ListItem","position":2,"name":"Z\u0131rhl\u0131 Seri"}]},{"@type":"WebSite","@id":"http:\/\/www.unisera.com\/#website","url":"http:\/\/www.unisera.com\/","name":"Unisera Damla Sulama Sistemleri A.\u015e. - PP Compression Fittings","description":"Temiz Su Ek Par\u00e7alar\u0131","publisher":{"@id":"http:\/\/www.unisera.com\/#organization"},"potentialAction":[{"@type":"SearchAction","target":{"@type":"EntryPoint","urlTemplate":"http:\/\/www.unisera.com\/?s={search_term_string}"},"query-input":{"@type":"PropertyValueSpecification","valueRequired":true,"valueName":"search_term_string"}}],"inLanguage":"ru-RU"},{"@type":"Organization","@id":"http:\/\/www.unisera.com\/#organization","name":"unisera damla sulama sistemleri a.\u015f","url":"http:\/\/www.unisera.com\/","logo":{"@type":"ImageObject","inLanguage":"ru-RU","@id":"http:\/\/www.unisera.com\/#\/schema\/logo\/image\/","url":"http:\/\/www.unisera.com\/wp-content\/uploads\/2021\/06\/unisera_logo-revize-5-e1664807349517.png","contentUrl":"http:\/\/www.unisera.com\/wp-content\/uploads\/2021\/06\/unisera_logo-revize-5-e1664807349517.png","width":200,"height":83,"caption":"unisera damla sulama sistemleri a.\u015f"},"image":{"@id":"http:\/\/www.unisera.com\/#\/schema\/logo\/image\/"}}]}},"_links":{"self":[{"href":"http:\/\/www.unisera.com\/ru\/wp-json\/wp\/v2\/pages\/3815","targetHints":{"allow":["GET"]}}],"collection":[{"href":"http:\/\/www.unisera.com\/ru\/wp-json\/wp\/v2\/pages"}],"about":[{"href":"http:\/\/www.unisera.com\/ru\/wp-json\/wp\/v2\/types\/page"}],"author":[{"embeddable":true,"href":"http:\/\/www.unisera.com\/ru\/wp-json\/wp\/v2\/users\/1"}],"replies":[{"embeddable":true,"href":"http:\/\/www.unisera.com\/ru\/wp-json\/wp\/v2\/comments?post=3815"}],"version-history":[{"count":1,"href":"http:\/\/www.unisera.com\/ru\/wp-json\/wp\/v2\/pages\/3815\/revisions"}],"predecessor-version":[{"id":3820,"href":"http:\/\/www.unisera.com\/ru\/wp-json\/wp\/v2\/pages\/3815\/revisions\/3820"}],"wp:attachment":[{"href":"http:\/\/www.unisera.com\/ru\/wp-json\/wp\/v2\/media?parent=3815"}],"curies":[{"name":"wp","href":"https:\/\/api.w.org\/{rel}","templated":true}]}}