{"id":2340,"date":"2019-04-18T07:12:05","date_gmt":"2019-04-18T07:12:05","guid":{"rendered":"http:\/\/www.unisera.com\/index.php\/home-3\/"},"modified":"2023-02-08T12:33:54","modified_gmt":"2023-02-08T09:33:54","slug":"home-3","status":"publish","type":"page","link":"http:\/\/www.unisera.com\/ru\/","title":{"rendered":"\u0434\u043e\u043c\u0430\u0448\u043d\u044f\u044f \u0441\u0442\u0440\u0430\u043d\u0438\u0446\u0430"},"content":{"rendered":"<div class=\"wpb-content-wrapper\"><p>[vc_row][vc_column][rev_slider_vc alias=&#187;home-3&#8243;][\/vc_column][\/vc_row][vc_row el_class=&#187;bg-second&#187; css=&#187;.vc_custom_1555470524461{padding-top: 28px !important;padding-bottom: 28px !important;}&#187;][vc_column offset=&#187;vc_col-md-9&#8243;][vc_column_text el_class=&#187;text-light&#187; css=&#187;.vc_custom_1675848820598{margin-bottom: 0px !important;padding-top: 5px !important;}&#187;]<\/p>\n<h3>\u0418\u0417\u0414\u0410\u041d \u041d\u0410\u0428 \u041a\u0410\u0422\u0410\u041b\u041e\u0413 \u041d\u0410 2023 \u0413\u041e\u0414<\/h3>\n<p>[\/vc_column_text][vc_empty_space height=&#187;20px&#187; el_class=&#187;lg-hidden&#187;][\/vc_column][vc_column offset=&#187;vc_col-md-3&#8243;]\n    <div class=\"text-right mobile-left\">\n        <a  class=\"btn   \" href=\"http:\/\/www.unisera.com\/unisera2023catalog.pdf\" style=\"\">\u041e\u0411\u0417\u041e\u0420<\/a>\n    <\/div>\n\n    [\/vc_column][\/vc_row][vc_row el_class=&#187;section-padd&#187; css=&#187;.vc_custom_1555472376004{background-color: #ffffff !important;}&#187;][vc_column]\n    <div class=\"section-head \">\n                <h2 class=\"section-title\">\u041f\u043e\u0447\u0435\u043c\u0443 \u043d\u0443\u0436\u043d\u043e \u0432\u044b\u0431\u0440\u0430\u0442\u044c \u043d\u0430\u0441?<\/h2>\n            <\/div>\n\n[vc_empty_space height=&#187;30px&#187;][\/vc_column][vc_column width=&#187;1\/2&#8243; offset=&#187;vc_col-md-4&#8243;]\n        <div class=\"service-box icon-box bg-alt box-shadow-hover image \">\n                        <img loading=\"lazy\" decoding=\"async\" width=\"46\" height=\"51\" src=\"http:\/\/www.unisera.com\/wp-content\/uploads\/2019\/04\/icon-diamond.png\" class=\"img-responsive\" alt=\"\" \/>        <div class=\"content-box\">\n            <h4>\u041d\u0430\u0448\u0430 \u043f\u043e\u043b\u0438\u0442\u0438\u043a\u0430 \u043a\u0430\u0447\u0435\u0441\u0442\u0432\u0430<\/h4>\n            <p>\u041f\u0440\u0438 \u043f\u0440\u043e\u0438\u0437\u0432\u043e\u0434\u0441\u0442\u0432\u0435 \u043d\u0430\u0448\u0438\u0445 \u043f\u0440\u043e\u0434\u0443\u043a\u0442\u043e\u0432 \u043c\u044b \u0442\u0435\u0441\u0442\u0438\u0440\u0443\u0435\u043c \u0438 \u043e\u0434\u043e\u0431\u0440\u044f\u0435\u043c \u0438\u0445 \u043d\u0430 \u043d\u043e\u0432\u0435\u0439\u0448\u0438\u0445 \u0438\u0441\u043f\u044b\u0442\u0430\u0442\u0435\u043b\u044c\u043d\u044b\u0445 \u0443\u0441\u0442\u0440\u043e\u0439\u0441\u0442\u0432\u0430\u0445 \u043e\u0431\u043e\u0440\u0443\u0434\u043e\u0432\u0430\u043d\u0438\u044f \u0438 \u0433\u043e\u0442\u043e\u0432\u0438\u043c \u0438\u0445, \u043c\u044b \u0443\u0434\u0435\u043b\u044f\u0435\u043c \u0431\u043e\u043b\u044c\u0448\u043e\u0435 \u0432\u043d\u0438\u043c\u0430\u043d\u0438\u0435 \u043a\u0430\u0436\u0434\u043e\u043c\u0443 \u0438\u0437 \u043d\u0430\u0448\u0438\u0445 \u043f\u0440\u043e\u0434\u0443\u043a\u0442\u043e\u0432 \u043e\u0442 \u0441\u0431\u043e\u0440\u043a\u0438 \u0434\u043e \u043e\u0442\u0433\u0440\u0443\u0437\u043a\u0438.<\/p>\n                    <\/div>\n    <\/div>\n    \n    [vc_empty_space height=&#187;20px&#187; el_class=&#187;lg-hidden&#187;][\/vc_column][vc_column width=&#187;1\/2&#8243; offset=&#187;vc_col-md-4&#8243;]\n        <div class=\"service-box icon-box bg-alt box-shadow-hover image \">\n                        <img loading=\"lazy\" decoding=\"async\" width=\"34\" height=\"50\" src=\"http:\/\/www.unisera.com\/wp-content\/uploads\/2019\/04\/icon-light.png\" class=\"img-responsive\" alt=\"\" \/>        <div class=\"content-box\">\n            <h4>\u041e\u0440\u0438\u0433\u0438\u043d\u0430\u043b\u044c\u043d\u043e\u0435 \u0441\u044b\u0440\u044c\u0435<\/h4>\n            <p>\u041c\u044b \u0438\u0441\u043f\u043e\u043b\u044c\u0437\u0443\u0435\u043c 100% \u043e\u0440\u0438\u0433\u0438\u043d\u0430\u043b\u044c\u043d\u043e\u0435 \u0441\u044b\u0440\u044c\u0435 \u0432\u043e \u0432\u0441\u0435\u0445 \u043d\u0430\u0448\u0438\u0445 \u043f\u0440\u043e\u0434\u0443\u043a\u0442\u0430\u0445.<\/p>\n                    <\/div>\n    <\/div>\n    \n    [vc_empty_space height=&#187;20px&#187; el_class=&#187;lg-hidden&#187;][\/vc_column][vc_column offset=&#187;vc_col-md-4&#8243;]\n        <div class=\"service-box icon-box bg-alt box-shadow-hover image \">\n                        <img loading=\"lazy\" decoding=\"async\" width=\"38\" height=\"50\" src=\"http:\/\/www.unisera.com\/wp-content\/uploads\/2019\/04\/icon-paper.png\" class=\"img-responsive\" alt=\"\" \/>        <div class=\"content-box\">\n            <h4>\u041d\u0430\u0448 \u044d\u043a\u0441\u043f\u043e\u0440\u0442\u043d\u044b\u0439 \u0443\u0441\u043f\u0435\u0445<\/h4>\n            <p>\u041c\u044b \u0433\u043e\u0440\u0434\u0438\u043c\u0441\u044f \u0442\u0435\u043c, \u0447\u0442\u043e \u043c\u043e\u0436\u0435\u043c \u0442\u0449\u0430\u0442\u0435\u043b\u044c\u043d\u043e \u0443\u043f\u0430\u043a\u043e\u0432\u0430\u0442\u044c \u0438 \u043e\u0442\u043f\u0440\u0430\u0432\u0438\u0442\u044c \u043d\u0430\u0448\u0443 \u043f\u0440\u043e\u0434\u0443\u043a\u0446\u0438\u044e \u043f\u043e \u0432\u0441\u0435\u043c\u0443 \u043c\u0438\u0440\u0443.<\/p>\n                    <\/div>\n    <\/div>\n    \n    [\/vc_column][\/vc_row][vc_row el_class=&#187;section-padd&#187; css=&#187;.vc_custom_1555571851249{background-image: url(http:\/\/www.unisera.com\/wp-content\/uploads\/2019\/04\/bg-home3.jpg?id=1922) !important;background-position: center !important;background-repeat: no-repeat !important;background-size: cover !important;}&#187;][vc_column offset=&#187;vc_col-md-9&#8243;]\n    <div class=\"section-head  text-light\">\n                <h2 class=\"section-title\">\u041d\u0410\u0428\u0418 \u041f\u0420\u041e\u0414\u0423\u041a\u0422\u042b<\/h2>\n            <\/div>\n\n[\/vc_column][vc_column offset=&#187;vc_col-md-3&#8243;][\/vc_column][vc_column][vc_empty_space height=&#187;30px&#187;][vc_row_inner][vc_column_inner width=&#187;1\/2&#8243; offset=&#187;vc_col-md-4&#8243; css=&#187;.vc_custom_1555486233143{padding-right: 1px !important;padding-left: 0px !important;}&#187;]\n    <a href=\"http:\/\/www.unisera.com\/index.php\/kaplin-ek-parcalar\/\">    <div class=\"service-box icon-box  image transparent hover-box\">\n                        <img loading=\"lazy\" decoding=\"async\" width=\"50\" height=\"51\" src=\"http:\/\/www.unisera.com\/wp-content\/uploads\/2021\/06\/kaplin1.png\" class=\"img-responsive\" alt=\"kaplin ek par\u00e7alar\" \/>        <div class=\"content-box\">\n            <h4>Kaplin Ek Par\u00e7alar<\/h4>\n            <p><\/p>\n                    <\/div>\n    <\/div>\n    <\/a>\n    [vc_empty_space height=&#187;1px&#187;][\/vc_column_inner][vc_column_inner width=&#187;1\/2&#8243; offset=&#187;vc_col-md-4&#8243; css=&#187;.vc_custom_1555487903528{padding-right: 1px !important;padding-left: 0px !important;}&#187;]\n    <a href=\"http:\/\/www.unisera.com\/index.php\/kuresel-vanalar\/\">    <div class=\"service-box icon-box  image transparent hover-box\">\n                        <img loading=\"lazy\" decoding=\"async\" width=\"50\" height=\"51\" src=\"http:\/\/www.unisera.com\/wp-content\/uploads\/2021\/06\/vanalar1.png\" class=\"img-responsive\" alt=\"\" \/>        <div class=\"content-box\">\n            <h4>K\u00fcresel Vanalar<\/h4>\n            <p><\/p>\n                    <\/div>\n    <\/div>\n    <\/a>\n    [vc_empty_space height=&#187;1px&#187;][\/vc_column_inner][vc_column_inner width=&#187;1\/2&#8243; offset=&#187;vc_col-md-4&#8243; css=&#187;.vc_custom_1555487960055{padding-right: 1px !important;padding-left: 0px !important;}&#187;]\n    <a href=\"http:\/\/www.unisera.com\/index.php\/plastik-fittingsler\/\">    <div class=\"service-box icon-box  image transparent hover-box\">\n                        <img loading=\"lazy\" decoding=\"async\" width=\"50\" height=\"51\" src=\"http:\/\/www.unisera.com\/wp-content\/uploads\/2021\/06\/fittings1.png\" class=\"img-responsive\" alt=\"\" \/>        <div class=\"content-box\">\n            <h4>Plastik Fittingsler<\/h4>\n            <p><\/p>\n                    <\/div>\n    <\/div>\n    <\/a>\n    [vc_empty_space height=&#187;1px&#187;][\/vc_column_inner][vc_column_inner width=&#187;1\/2&#8243; offset=&#187;vc_col-md-4&#8243; css=&#187;.vc_custom_1555486403937{padding-right: 1px !important;padding-left: 0px !important;}&#187;]\n    <a href=\"http:\/\/www.unisera.com\/index.php\/priz-kolyeler\/\">    <div class=\"service-box icon-box  image transparent hover-box\">\n                        <img loading=\"lazy\" decoding=\"async\" width=\"50\" height=\"51\" src=\"http:\/\/www.unisera.com\/wp-content\/uploads\/2021\/06\/kolyeler1.png\" class=\"img-responsive\" alt=\"\" \/>        <div class=\"content-box\">\n            <h4>Priz Kolyeler<\/h4>\n            <p><\/p>\n                    <\/div>\n    <\/div>\n    <\/a>\n    [vc_empty_space height=&#187;1px&#187; el_class=&#187;lg-hidden&#187;][\/vc_column_inner][vc_column_inner width=&#187;1\/2&#8243; offset=&#187;vc_col-md-4&#8243; css=&#187;.vc_custom_1555488243448{padding-right: 1px !important;padding-left: 0px !important;}&#187;]\n    <a href=\"http:\/\/www.unisera.com\/index.php\/zirhli-seri\/\">    <div class=\"service-box icon-box  image transparent hover-box\">\n                        <img loading=\"lazy\" decoding=\"async\" width=\"56\" height=\"56\" src=\"http:\/\/www.unisera.com\/wp-content\/uploads\/2021\/06\/yuzukluler1.png\" class=\"img-responsive\" alt=\"\" \/>        <div class=\"content-box\">\n            <h4>Z\u0131rhl\u0131 Seri<\/h4>\n            <p><\/p>\n                    <\/div>\n    <\/div>\n    <\/a>\n    [vc_empty_space height=&#187;1px&#187; el_class=&#187;lg-hidden&#187;][\/vc_column_inner][vc_column_inner width=&#187;1\/2&#8243; offset=&#187;vc_col-md-4&#8243; css=&#187;.vc_custom_1555488313423{padding-right: 1px !important;padding-left: 0px !important;}&#187;]\n    <a href=\"http:\/\/www.unisera.com\/index.php\/ozel-imalat-adaptorler\/\">    <div class=\"service-box icon-box  image transparent hover-box\">\n                        <img loading=\"lazy\" decoding=\"async\" width=\"50\" height=\"51\" src=\"http:\/\/www.unisera.com\/wp-content\/uploads\/2021\/06\/ozel-imalat.png\" class=\"img-responsive\" alt=\"\" \/>        <div class=\"content-box\">\n            <h4>\u00d6zel \u0130malat Serisi<\/h4>\n            <p><\/p>\n                    <\/div>\n    <\/div>\n    <\/a>\n    [\/vc_column_inner][\/vc_row_inner][\/vc_column][\/vc_row]<\/p>\n<\/div>","protected":false},"excerpt":{"rendered":"<p>[vc_row][vc_column][rev_slider_vc alias=&#187;home-3&#8243;][\/vc_column][\/vc_row][vc_row el_class=&#187;bg-second&#187; css=&#187;.vc_custom_1555470524461{padding-top: 28px !important;padding-bottom: 28px !important;}&#187;][vc_column offset=&#187;vc_col-md-9&#8243;][vc_column_text el_class=&#187;text-light&#187; css=&#187;.vc_custom_1675848820598{margin-bottom: 0px !important;padding-top: 5px !important;}&#187;] \u0418\u0417\u0414\u0410\u041d \u041d\u0410\u0428 \u041a\u0410\u0422\u0410\u041b\u041e\u0413 \u041d\u0410 2023 \u0413\u041e\u0414 [\/vc_column_text][vc_empty_space height=&#187;20px&#187; el_class=&#187;lg-hidden&#187;][\/vc_column][vc_column offset=&#187;vc_col-md-3&#8243;][\/vc_column][\/vc_row][vc_row el_class=&#187;section-padd&#187; css=&#187;.vc_custom_1555472376004{background-color: #ffffff !important;}&#187;][vc_column][vc_empty_space height=&#187;30px&#187;][\/vc_column][vc_column width=&#187;1\/2&#8243; offset=&#187;vc_col-md-4&#8243;][vc_empty_space height=&#187;20px&#187; el_class=&#187;lg-hidden&#187;][\/vc_column][vc_column width=&#187;1\/2&#8243; offset=&#187;vc_col-md-4&#8243;][vc_empty_space height=&#187;20px&#187; el_class=&#187;lg-hidden&#187;][\/vc_column][vc_column offset=&#187;vc_col-md-4&#8243;][\/vc_column][\/vc_row][vc_row el_class=&#187;section-padd&#187; css=&#187;.vc_custom_1555571851249{background-image: url(http:\/\/www.unisera.com\/wp-content\/uploads\/2019\/04\/bg-home3.jpg?id=1922) !important;background-position: center !important;background-repeat: no-repeat !important;background-size: cover !important;}&#187;][vc_column offset=&#187;vc_col-md-9&#8243;][\/vc_column][vc_column offset=&#187;vc_col-md-3&#8243;][\/vc_column][vc_column][vc_empty_space height=&#187;30px&#187;][vc_row_inner][vc_column_inner width=&#187;1\/2&#8243; offset=&#187;vc_col-md-4&#8243; css=&#187;.vc_custom_1555486233143{padding-right: [&hellip;]<\/p>\n","protected":false},"author":1,"featured_media":0,"parent":0,"menu_order":0,"comment_status":"closed","ping_status":"closed","template":"","meta":{"_joinchat":[],"footnotes":""},"class_list":["post-2340","page","type-page","status-publish","hentry"],"yoast_head":"<!-- This site is optimized with the Yoast SEO Premium plugin v24.7 (Yoast SEO v27.4) - https:\/\/yoast.com\/product\/yoast-seo-premium-wordpress\/ -->\n<title>\u0434\u043e\u043c\u0430\u0448\u043d\u044f\u044f \u0441\u0442\u0440\u0430\u043d\u0438\u0446\u0430 - Unisera Damla Sulama Sistemleri A.\u015e. - PP Compression Fittings<\/title>\n<meta name=\"robots\" content=\"index, follow, max-snippet:-1, max-image-preview:large, max-video-preview:-1\" \/>\n<link rel=\"canonical\" href=\"http:\/\/www.unisera.com\/ru\/\" \/>\n<meta property=\"og:locale\" content=\"ru_RU\" \/>\n<meta property=\"og:type\" content=\"article\" \/>\n<meta property=\"og:title\" content=\"\u0434\u043e\u043c\u0430\u0448\u043d\u044f\u044f \u0441\u0442\u0440\u0430\u043d\u0438\u0446\u0430\" \/>\n<meta property=\"og:description\" content=\"[vc_row][vc_column][rev_slider_vc alias=&#187;home-3&#8243;][\/vc_column][\/vc_row][vc_row el_class=&#187;bg-second&#187; css=&#187;.vc_custom_1555470524461{padding-top: 28px !important;padding-bottom: 28px !important;}&#187;][vc_column offset=&#187;vc_col-md-9&#8243;][vc_column_text el_class=&#187;text-light&#187; css=&#187;.vc_custom_1675848820598{margin-bottom: 0px !important;padding-top: 5px !important;}&#187;] \u0418\u0417\u0414\u0410\u041d \u041d\u0410\u0428 \u041a\u0410\u0422\u0410\u041b\u041e\u0413 \u041d\u0410 2023 \u0413\u041e\u0414 [\/vc_column_text][vc_empty_space height=&#187;20px&#187; el_class=&#187;lg-hidden&#187;][\/vc_column][vc_column offset=&#187;vc_col-md-3&#8243;][\/vc_column][\/vc_row][vc_row el_class=&#187;section-padd&#187; css=&#187;.vc_custom_1555472376004{background-color: #ffffff !important;}&#187;][vc_column][vc_empty_space height=&#187;30px&#187;][\/vc_column][vc_column width=&#187;1\/2&#8243; offset=&#187;vc_col-md-4&#8243;][vc_empty_space height=&#187;20px&#187; el_class=&#187;lg-hidden&#187;][\/vc_column][vc_column width=&#187;1\/2&#8243; offset=&#187;vc_col-md-4&#8243;][vc_empty_space height=&#187;20px&#187; el_class=&#187;lg-hidden&#187;][\/vc_column][vc_column offset=&#187;vc_col-md-4&#8243;][\/vc_column][\/vc_row][vc_row el_class=&#187;section-padd&#187; css=&#187;.vc_custom_1555571851249{background-image: url(http:\/\/www.unisera.com\/wp-content\/uploads\/2019\/04\/bg-home3.jpg?id=1922) !important;background-position: center !important;background-repeat: no-repeat !important;background-size: cover !important;}&#187;][vc_column offset=&#187;vc_col-md-9&#8243;][\/vc_column][vc_column offset=&#187;vc_col-md-3&#8243;][\/vc_column][vc_column][vc_empty_space height=&#187;30px&#187;][vc_row_inner][vc_column_inner width=&#187;1\/2&#8243; offset=&#187;vc_col-md-4&#8243; css=&#187;.vc_custom_1555486233143{padding-right: [&hellip;]\" \/>\n<meta property=\"og:url\" content=\"http:\/\/www.unisera.com\/ru\/\" \/>\n<meta property=\"og:site_name\" content=\"Unisera Damla Sulama Sistemleri A.\u015e. - PP Compression Fittings\" \/>\n<meta property=\"article:modified_time\" content=\"2023-02-08T09:33:54+00:00\" \/>\n<meta name=\"twitter:card\" content=\"summary_large_image\" \/>\n<meta name=\"twitter:label1\" content=\"\u041f\u0440\u0438\u043c\u0435\u0440\u043d\u043e\u0435 \u0432\u0440\u0435\u043c\u044f \u0434\u043b\u044f \u0447\u0442\u0435\u043d\u0438\u044f\" \/>\n\t<meta name=\"twitter:data1\" content=\"3 \u043c\u0438\u043d\u0443\u0442\u044b\" \/>\n<script type=\"application\/ld+json\" class=\"yoast-schema-graph\">{\"@context\":\"https:\\\/\\\/schema.org\",\"@graph\":[{\"@type\":\"WebPage\",\"@id\":\"http:\\\/\\\/www.unisera.com\\\/ru\\\/\",\"url\":\"http:\\\/\\\/www.unisera.com\\\/ru\\\/\",\"name\":\"\u0434\u043e\u043c\u0430\u0448\u043d\u044f\u044f \u0441\u0442\u0440\u0430\u043d\u0438\u0446\u0430 - Unisera Damla Sulama Sistemleri A.\u015e. - PP Compression Fittings\",\"isPartOf\":{\"@id\":\"http:\\\/\\\/www.unisera.com\\\/#website\"},\"datePublished\":\"2019-04-18T07:12:05+00:00\",\"dateModified\":\"2023-02-08T09:33:54+00:00\",\"breadcrumb\":{\"@id\":\"http:\\\/\\\/www.unisera.com\\\/ru\\\/#breadcrumb\"},\"inLanguage\":\"ru-RU\",\"potentialAction\":[{\"@type\":\"ReadAction\",\"target\":[\"http:\\\/\\\/www.unisera.com\\\/ru\\\/\"]}]},{\"@type\":\"BreadcrumbList\",\"@id\":\"http:\\\/\\\/www.unisera.com\\\/ru\\\/#breadcrumb\",\"itemListElement\":[{\"@type\":\"ListItem\",\"position\":1,\"name\":\"Home\",\"item\":\"http:\\\/\\\/www.unisera.com\\\/ru\\\/\"},{\"@type\":\"ListItem\",\"position\":2,\"name\":\"\u0434\u043e\u043c\u0430\u0448\u043d\u044f\u044f \u0441\u0442\u0440\u0430\u043d\u0438\u0446\u0430\"}]},{\"@type\":\"WebSite\",\"@id\":\"http:\\\/\\\/www.unisera.com\\\/#website\",\"url\":\"http:\\\/\\\/www.unisera.com\\\/\",\"name\":\"Unisera Damla Sulama Sistemleri A.\u015e. - PP Compression Fittings\",\"description\":\"Temiz Su Ek Par\u00e7alar\u0131\",\"publisher\":{\"@id\":\"http:\\\/\\\/www.unisera.com\\\/#organization\"},\"potentialAction\":[{\"@type\":\"SearchAction\",\"target\":{\"@type\":\"EntryPoint\",\"urlTemplate\":\"http:\\\/\\\/www.unisera.com\\\/?s={search_term_string}\"},\"query-input\":{\"@type\":\"PropertyValueSpecification\",\"valueRequired\":true,\"valueName\":\"search_term_string\"}}],\"inLanguage\":\"ru-RU\"},{\"@type\":\"Organization\",\"@id\":\"http:\\\/\\\/www.unisera.com\\\/#organization\",\"name\":\"unisera damla sulama sistemleri a.\u015f\",\"url\":\"http:\\\/\\\/www.unisera.com\\\/\",\"logo\":{\"@type\":\"ImageObject\",\"inLanguage\":\"ru-RU\",\"@id\":\"http:\\\/\\\/www.unisera.com\\\/#\\\/schema\\\/logo\\\/image\\\/\",\"url\":\"http:\\\/\\\/www.unisera.com\\\/wp-content\\\/uploads\\\/2021\\\/06\\\/unisera_logo-revize-5-e1664807349517.png\",\"contentUrl\":\"http:\\\/\\\/www.unisera.com\\\/wp-content\\\/uploads\\\/2021\\\/06\\\/unisera_logo-revize-5-e1664807349517.png\",\"width\":200,\"height\":83,\"caption\":\"unisera damla sulama sistemleri a.\u015f\"},\"image\":{\"@id\":\"http:\\\/\\\/www.unisera.com\\\/#\\\/schema\\\/logo\\\/image\\\/\"}}]}<\/script>\n<!-- \/ Yoast SEO Premium plugin. -->","yoast_head_json":{"title":"\u0434\u043e\u043c\u0430\u0448\u043d\u044f\u044f \u0441\u0442\u0440\u0430\u043d\u0438\u0446\u0430 - Unisera Damla Sulama Sistemleri A.\u015e. - PP Compression Fittings","robots":{"index":"index","follow":"follow","max-snippet":"max-snippet:-1","max-image-preview":"max-image-preview:large","max-video-preview":"max-video-preview:-1"},"canonical":"http:\/\/www.unisera.com\/ru\/","og_locale":"ru_RU","og_type":"article","og_title":"\u0434\u043e\u043c\u0430\u0448\u043d\u044f\u044f \u0441\u0442\u0440\u0430\u043d\u0438\u0446\u0430","og_description":"[vc_row][vc_column][rev_slider_vc alias=&#187;home-3&#8243;][\/vc_column][\/vc_row][vc_row el_class=&#187;bg-second&#187; css=&#187;.vc_custom_1555470524461{padding-top: 28px !important;padding-bottom: 28px !important;}&#187;][vc_column offset=&#187;vc_col-md-9&#8243;][vc_column_text el_class=&#187;text-light&#187; css=&#187;.vc_custom_1675848820598{margin-bottom: 0px !important;padding-top: 5px !important;}&#187;] \u0418\u0417\u0414\u0410\u041d \u041d\u0410\u0428 \u041a\u0410\u0422\u0410\u041b\u041e\u0413 \u041d\u0410 2023 \u0413\u041e\u0414 [\/vc_column_text][vc_empty_space height=&#187;20px&#187; el_class=&#187;lg-hidden&#187;][\/vc_column][vc_column offset=&#187;vc_col-md-3&#8243;][\/vc_column][\/vc_row][vc_row el_class=&#187;section-padd&#187; css=&#187;.vc_custom_1555472376004{background-color: #ffffff !important;}&#187;][vc_column][vc_empty_space height=&#187;30px&#187;][\/vc_column][vc_column width=&#187;1\/2&#8243; offset=&#187;vc_col-md-4&#8243;][vc_empty_space height=&#187;20px&#187; el_class=&#187;lg-hidden&#187;][\/vc_column][vc_column width=&#187;1\/2&#8243; offset=&#187;vc_col-md-4&#8243;][vc_empty_space height=&#187;20px&#187; el_class=&#187;lg-hidden&#187;][\/vc_column][vc_column offset=&#187;vc_col-md-4&#8243;][\/vc_column][\/vc_row][vc_row el_class=&#187;section-padd&#187; css=&#187;.vc_custom_1555571851249{background-image: url(http:\/\/www.unisera.com\/wp-content\/uploads\/2019\/04\/bg-home3.jpg?id=1922) !important;background-position: center !important;background-repeat: no-repeat !important;background-size: cover !important;}&#187;][vc_column offset=&#187;vc_col-md-9&#8243;][\/vc_column][vc_column offset=&#187;vc_col-md-3&#8243;][\/vc_column][vc_column][vc_empty_space height=&#187;30px&#187;][vc_row_inner][vc_column_inner width=&#187;1\/2&#8243; offset=&#187;vc_col-md-4&#8243; css=&#187;.vc_custom_1555486233143{padding-right: [&hellip;]","og_url":"http:\/\/www.unisera.com\/ru\/","og_site_name":"Unisera Damla Sulama Sistemleri A.\u015e. - PP Compression Fittings","article_modified_time":"2023-02-08T09:33:54+00:00","twitter_card":"summary_large_image","twitter_misc":{"\u041f\u0440\u0438\u043c\u0435\u0440\u043d\u043e\u0435 \u0432\u0440\u0435\u043c\u044f \u0434\u043b\u044f \u0447\u0442\u0435\u043d\u0438\u044f":"3 \u043c\u0438\u043d\u0443\u0442\u044b"},"schema":{"@context":"https:\/\/schema.org","@graph":[{"@type":"WebPage","@id":"http:\/\/www.unisera.com\/ru\/","url":"http:\/\/www.unisera.com\/ru\/","name":"\u0434\u043e\u043c\u0430\u0448\u043d\u044f\u044f \u0441\u0442\u0440\u0430\u043d\u0438\u0446\u0430 - Unisera Damla Sulama Sistemleri A.\u015e. - PP Compression Fittings","isPartOf":{"@id":"http:\/\/www.unisera.com\/#website"},"datePublished":"2019-04-18T07:12:05+00:00","dateModified":"2023-02-08T09:33:54+00:00","breadcrumb":{"@id":"http:\/\/www.unisera.com\/ru\/#breadcrumb"},"inLanguage":"ru-RU","potentialAction":[{"@type":"ReadAction","target":["http:\/\/www.unisera.com\/ru\/"]}]},{"@type":"BreadcrumbList","@id":"http:\/\/www.unisera.com\/ru\/#breadcrumb","itemListElement":[{"@type":"ListItem","position":1,"name":"Home","item":"http:\/\/www.unisera.com\/ru\/"},{"@type":"ListItem","position":2,"name":"\u0434\u043e\u043c\u0430\u0448\u043d\u044f\u044f \u0441\u0442\u0440\u0430\u043d\u0438\u0446\u0430"}]},{"@type":"WebSite","@id":"http:\/\/www.unisera.com\/#website","url":"http:\/\/www.unisera.com\/","name":"Unisera Damla Sulama Sistemleri A.\u015e. - PP Compression Fittings","description":"Temiz Su Ek Par\u00e7alar\u0131","publisher":{"@id":"http:\/\/www.unisera.com\/#organization"},"potentialAction":[{"@type":"SearchAction","target":{"@type":"EntryPoint","urlTemplate":"http:\/\/www.unisera.com\/?s={search_term_string}"},"query-input":{"@type":"PropertyValueSpecification","valueRequired":true,"valueName":"search_term_string"}}],"inLanguage":"ru-RU"},{"@type":"Organization","@id":"http:\/\/www.unisera.com\/#organization","name":"unisera damla sulama sistemleri a.\u015f","url":"http:\/\/www.unisera.com\/","logo":{"@type":"ImageObject","inLanguage":"ru-RU","@id":"http:\/\/www.unisera.com\/#\/schema\/logo\/image\/","url":"http:\/\/www.unisera.com\/wp-content\/uploads\/2021\/06\/unisera_logo-revize-5-e1664807349517.png","contentUrl":"http:\/\/www.unisera.com\/wp-content\/uploads\/2021\/06\/unisera_logo-revize-5-e1664807349517.png","width":200,"height":83,"caption":"unisera damla sulama sistemleri a.\u015f"},"image":{"@id":"http:\/\/www.unisera.com\/#\/schema\/logo\/image\/"}}]}},"_links":{"self":[{"href":"http:\/\/www.unisera.com\/ru\/wp-json\/wp\/v2\/pages\/2340","targetHints":{"allow":["GET"]}}],"collection":[{"href":"http:\/\/www.unisera.com\/ru\/wp-json\/wp\/v2\/pages"}],"about":[{"href":"http:\/\/www.unisera.com\/ru\/wp-json\/wp\/v2\/types\/page"}],"author":[{"embeddable":true,"href":"http:\/\/www.unisera.com\/ru\/wp-json\/wp\/v2\/users\/1"}],"replies":[{"embeddable":true,"href":"http:\/\/www.unisera.com\/ru\/wp-json\/wp\/v2\/comments?post=2340"}],"version-history":[{"count":12,"href":"http:\/\/www.unisera.com\/ru\/wp-json\/wp\/v2\/pages\/2340\/revisions"}],"predecessor-version":[{"id":4880,"href":"http:\/\/www.unisera.com\/ru\/wp-json\/wp\/v2\/pages\/2340\/revisions\/4880"}],"wp:attachment":[{"href":"http:\/\/www.unisera.com\/ru\/wp-json\/wp\/v2\/media?parent=2340"}],"curies":[{"name":"wp","href":"https:\/\/api.w.org\/{rel}","templated":true}]}}