{"id":2338,"date":"2019-04-18T07:12:05","date_gmt":"2019-04-18T07:12:05","guid":{"rendered":"http:\/\/www.unisera.com\/index.php\/home-3\/"},"modified":"2023-02-08T12:33:06","modified_gmt":"2023-02-08T09:33:06","slug":"home-3","status":"publish","type":"page","link":"http:\/\/www.unisera.com\/fr\/","title":{"rendered":"Page D&rsquo;accueil"},"content":{"rendered":"<div class=\"wpb-content-wrapper\"><p>[vc_row][vc_column][rev_slider_vc alias=\u00a0\u00bbhome-3-11&Prime;][\/vc_column][\/vc_row][vc_row el_class=\u00a0\u00bbbg-second\u00a0\u00bb css=\u00a0\u00bb.vc_custom_1555470524461{padding-top: 28px !important;padding-bottom: 28px !important;}\u00a0\u00bb][vc_column offset=\u00a0\u00bbvc_col-md-9&Prime;][vc_column_text el_class=\u00a0\u00bbtext-light\u00a0\u00bb css=\u00a0\u00bb.vc_custom_1675848766067{margin-bottom: 0px !important;padding-top: 5px !important;}\u00a0\u00bb]<\/p>\n<h3 class=\"consulting-custom-title\">2023 Notre Catalogue De Produits Publi\u00e9<\/h3>\n<p>[\/vc_column_text][vc_empty_space height=\u00a0\u00bb10px\u00a0\u00bb el_class=\u00a0\u00bblg-hidden\u00a0\u00bb][\/vc_column][vc_column offset=\u00a0\u00bbvc_col-md-3&Prime;]\n    <div class=\"text-right mobile-left\">\n        <a  class=\"btn   \" href=\"http:\/\/www.unisera.com\/unisera2023catalog.pdf\" style=\"\">REVOIR<\/a>\n    <\/div>\n\n    [\/vc_column][\/vc_row][vc_row el_class=\u00a0\u00bbsection-padd\u00a0\u00bb css=\u00a0\u00bb.vc_custom_1555472376004{background-color: #ffffff !important;}\u00a0\u00bb][vc_column]\n    <div class=\"section-head \">\n                <h2 class=\"section-title\">Pourquoi nous choisir?<\/h2>\n            <\/div>\n\n[vc_empty_space height=\u00a0\u00bb30px\u00a0\u00bb][\/vc_column][vc_column width=\u00a0\u00bb1\/2&Prime; offset=\u00a0\u00bbvc_col-md-4&Prime;]\n        <div class=\"service-box icon-box bg-alt box-shadow-hover image \">\n                        <img loading=\"lazy\" decoding=\"async\" width=\"46\" height=\"51\" src=\"http:\/\/www.unisera.com\/wp-content\/uploads\/2019\/04\/icon-diamond.png\" class=\"img-responsive\" alt=\"\" \/>        <div class=\"content-box\">\n            <h4>Notre politique qualit\u00e9<\/h4>\n            <p>Lors de la fabrication de nos produits, nous les testons et les approuvons dans les derniers appareils de test d&rsquo;\u00e9quipement et les pr\u00e9parons, nous prenons grand soin de chacun de nos produits de l&rsquo;assemblage \u00e0 l&rsquo;exp\u00e9dition.<\/p>\n                    <\/div>\n    <\/div>\n    \n    [vc_empty_space height=\u00a0\u00bb20px\u00a0\u00bb el_class=\u00a0\u00bblg-hidden\u00a0\u00bb][\/vc_column][vc_column width=\u00a0\u00bb1\/2&Prime; offset=\u00a0\u00bbvc_col-md-4&Prime;]\n        <div class=\"service-box icon-box bg-alt box-shadow-hover image \">\n                        <img loading=\"lazy\" decoding=\"async\" width=\"34\" height=\"50\" src=\"http:\/\/www.unisera.com\/wp-content\/uploads\/2019\/04\/icon-light.png\" class=\"img-responsive\" alt=\"\" \/>        <div class=\"content-box\">\n            <h4>Mati\u00e8re premi\u00e8re d'origine<\/h4>\n            <p>Nous utilisons des mati\u00e8res premi\u00e8res 100% originales dans tous nos produits.<\/p>\n                    <\/div>\n    <\/div>\n    \n    [vc_empty_space height=\u00a0\u00bb20px\u00a0\u00bb el_class=\u00a0\u00bblg-hidden\u00a0\u00bb][\/vc_column][vc_column offset=\u00a0\u00bbvc_col-md-4&Prime;]\n        <div class=\"service-box icon-box bg-alt box-shadow-hover image \">\n                        <img loading=\"lazy\" decoding=\"async\" width=\"38\" height=\"50\" src=\"http:\/\/www.unisera.com\/wp-content\/uploads\/2019\/04\/icon-paper.png\" class=\"img-responsive\" alt=\"\" \/>        <div class=\"content-box\">\n            <h4>Notre succ\u00e8s \u00e0 l'exportation<\/h4>\n            <p>Nous sommes fiers de pouvoir soigneusement emballer et envoyer nos produits partout dans le monde.<\/p>\n                    <\/div>\n    <\/div>\n    \n    [\/vc_column][\/vc_row][vc_row el_class=\u00a0\u00bbsection-padd\u00a0\u00bb css=\u00a0\u00bb.vc_custom_1555571851249{background-image: url(http:\/\/www.unisera.com\/wp-content\/uploads\/2019\/04\/bg-home3.jpg?id=1922) !important;background-position: center !important;background-repeat: no-repeat !important;background-size: cover !important;}\u00a0\u00bb][vc_column offset=\u00a0\u00bbvc_col-md-9&Prime;]\n    <div class=\"section-head  text-light\">\n                <h2 class=\"section-title\">NOS PRODUITS<\/h2>\n            <\/div>\n\n[\/vc_column][vc_column offset=\u00a0\u00bbvc_col-md-3&Prime;][\/vc_column][vc_column][vc_empty_space height=\u00a0\u00bb30px\u00a0\u00bb][vc_row_inner][vc_column_inner width=\u00a0\u00bb1\/2&Prime; offset=\u00a0\u00bbvc_col-md-4&Prime; css=\u00a0\u00bb.vc_custom_1555486233143{padding-right: 1px !important;padding-left: 0px !important;}\u00a0\u00bb]\n    <a href=\"http:\/\/www.unisera.com\/index.php\/kaplin-ek-parcalar\/\">    <div class=\"service-box icon-box  image transparent hover-box\">\n                        <img loading=\"lazy\" decoding=\"async\" width=\"50\" height=\"51\" src=\"http:\/\/www.unisera.com\/wp-content\/uploads\/2021\/06\/kaplin1.png\" class=\"img-responsive\" alt=\"kaplin ek par\u00e7alar\" \/>        <div class=\"content-box\">\n            <h4>Kaplin Ek Par\u00e7alar<\/h4>\n            <p><\/p>\n                    <\/div>\n    <\/div>\n    <\/a>\n    [vc_empty_space height=\u00a0\u00bb1px\u00a0\u00bb][\/vc_column_inner][vc_column_inner width=\u00a0\u00bb1\/2&Prime; offset=\u00a0\u00bbvc_col-md-4&Prime; css=\u00a0\u00bb.vc_custom_1555487903528{padding-right: 1px !important;padding-left: 0px !important;}\u00a0\u00bb]\n    <a href=\"http:\/\/www.unisera.com\/index.php\/kuresel-vanalar\/\">    <div class=\"service-box icon-box  image transparent hover-box\">\n                        <img loading=\"lazy\" decoding=\"async\" width=\"50\" height=\"51\" src=\"http:\/\/www.unisera.com\/wp-content\/uploads\/2021\/06\/vanalar1.png\" class=\"img-responsive\" alt=\"\" \/>        <div class=\"content-box\">\n            <h4>K\u00fcresel Vanalar<\/h4>\n            <p><\/p>\n                    <\/div>\n    <\/div>\n    <\/a>\n    [vc_empty_space height=\u00a0\u00bb1px\u00a0\u00bb][\/vc_column_inner][vc_column_inner width=\u00a0\u00bb1\/2&Prime; offset=\u00a0\u00bbvc_col-md-4&Prime; css=\u00a0\u00bb.vc_custom_1555487960055{padding-right: 1px !important;padding-left: 0px !important;}\u00a0\u00bb]\n    <a href=\"http:\/\/www.unisera.com\/index.php\/plastik-fittingsler\/\">    <div class=\"service-box icon-box  image transparent hover-box\">\n                        <img loading=\"lazy\" decoding=\"async\" width=\"50\" height=\"51\" src=\"http:\/\/www.unisera.com\/wp-content\/uploads\/2021\/06\/fittings1.png\" class=\"img-responsive\" alt=\"\" \/>        <div class=\"content-box\">\n            <h4>Plastik Fittingsler<\/h4>\n            <p><\/p>\n                    <\/div>\n    <\/div>\n    <\/a>\n    [vc_empty_space height=\u00a0\u00bb1px\u00a0\u00bb][\/vc_column_inner][vc_column_inner width=\u00a0\u00bb1\/2&Prime; offset=\u00a0\u00bbvc_col-md-4&Prime; css=\u00a0\u00bb.vc_custom_1555486403937{padding-right: 1px !important;padding-left: 0px !important;}\u00a0\u00bb]\n    <a href=\"http:\/\/www.unisera.com\/index.php\/priz-kolyeler\/\">    <div class=\"service-box icon-box  image transparent hover-box\">\n                        <img loading=\"lazy\" decoding=\"async\" width=\"50\" height=\"51\" src=\"http:\/\/www.unisera.com\/wp-content\/uploads\/2021\/06\/kolyeler1.png\" class=\"img-responsive\" alt=\"\" \/>        <div class=\"content-box\">\n            <h4>Priz Kolyeler<\/h4>\n            <p><\/p>\n                    <\/div>\n    <\/div>\n    <\/a>\n    [vc_empty_space height=\u00a0\u00bb1px\u00a0\u00bb el_class=\u00a0\u00bblg-hidden\u00a0\u00bb][\/vc_column_inner][vc_column_inner width=\u00a0\u00bb1\/2&Prime; offset=\u00a0\u00bbvc_col-md-4&Prime; css=\u00a0\u00bb.vc_custom_1555488243448{padding-right: 1px !important;padding-left: 0px !important;}\u00a0\u00bb]\n    <a href=\"http:\/\/www.unisera.com\/index.php\/zirhli-seri\/\">    <div class=\"service-box icon-box  image transparent hover-box\">\n                        <img loading=\"lazy\" decoding=\"async\" width=\"56\" height=\"56\" src=\"http:\/\/www.unisera.com\/wp-content\/uploads\/2021\/06\/yuzukluler1.png\" class=\"img-responsive\" alt=\"\" \/>        <div class=\"content-box\">\n            <h4>Z\u0131rhl\u0131 Seri<\/h4>\n            <p><\/p>\n                    <\/div>\n    <\/div>\n    <\/a>\n    [vc_empty_space height=\u00a0\u00bb1px\u00a0\u00bb el_class=\u00a0\u00bblg-hidden\u00a0\u00bb][\/vc_column_inner][vc_column_inner width=\u00a0\u00bb1\/2&Prime; offset=\u00a0\u00bbvc_col-md-4&Prime; css=\u00a0\u00bb.vc_custom_1555488313423{padding-right: 1px !important;padding-left: 0px !important;}\u00a0\u00bb]\n    <a href=\"http:\/\/www.unisera.com\/index.php\/ozel-imalat-adaptorler\/\">    <div class=\"service-box icon-box  image transparent hover-box\">\n                        <img loading=\"lazy\" decoding=\"async\" width=\"50\" height=\"51\" src=\"http:\/\/www.unisera.com\/wp-content\/uploads\/2021\/06\/ozel-imalat.png\" class=\"img-responsive\" alt=\"\" \/>        <div class=\"content-box\">\n            <h4>\u00d6zel \u0130malat Serisi<\/h4>\n            <p><\/p>\n                    <\/div>\n    <\/div>\n    <\/a>\n    [\/vc_column_inner][\/vc_row_inner][\/vc_column][\/vc_row]<\/p>\n<\/div>","protected":false},"excerpt":{"rendered":"<p>[vc_row][vc_column][rev_slider_vc alias=\u00a0\u00bbhome-3-11&Prime;][\/vc_column][\/vc_row][vc_row el_class=\u00a0\u00bbbg-second\u00a0\u00bb css=\u00a0\u00bb.vc_custom_1555470524461{padding-top: 28px !important;padding-bottom: 28px !important;}\u00a0\u00bb][vc_column offset=\u00a0\u00bbvc_col-md-9&Prime;][vc_column_text el_class=\u00a0\u00bbtext-light\u00a0\u00bb css=\u00a0\u00bb.vc_custom_1675848766067{margin-bottom: 0px !important;padding-top: 5px !important;}\u00a0\u00bb] 2023 Notre Catalogue De Produits Publi\u00e9 [\/vc_column_text][vc_empty_space height=\u00a0\u00bb10px\u00a0\u00bb el_class=\u00a0\u00bblg-hidden\u00a0\u00bb][\/vc_column][vc_column offset=\u00a0\u00bbvc_col-md-3&Prime;][\/vc_column][\/vc_row][vc_row el_class=\u00a0\u00bbsection-padd\u00a0\u00bb css=\u00a0\u00bb.vc_custom_1555472376004{background-color: #ffffff !important;}\u00a0\u00bb][vc_column][vc_empty_space height=\u00a0\u00bb30px\u00a0\u00bb][\/vc_column][vc_column width=\u00a0\u00bb1\/2&Prime; offset=\u00a0\u00bbvc_col-md-4&Prime;][vc_empty_space height=\u00a0\u00bb20px\u00a0\u00bb el_class=\u00a0\u00bblg-hidden\u00a0\u00bb][\/vc_column][vc_column width=\u00a0\u00bb1\/2&Prime; offset=\u00a0\u00bbvc_col-md-4&Prime;][vc_empty_space height=\u00a0\u00bb20px\u00a0\u00bb el_class=\u00a0\u00bblg-hidden\u00a0\u00bb][\/vc_column][vc_column offset=\u00a0\u00bbvc_col-md-4&Prime;][\/vc_column][\/vc_row][vc_row el_class=\u00a0\u00bbsection-padd\u00a0\u00bb css=\u00a0\u00bb.vc_custom_1555571851249{background-image: url(http:\/\/www.unisera.com\/wp-content\/uploads\/2019\/04\/bg-home3.jpg?id=1922) !important;background-position: center !important;background-repeat: no-repeat !important;background-size: cover !important;}\u00a0\u00bb][vc_column offset=\u00a0\u00bbvc_col-md-9&Prime;][\/vc_column][vc_column offset=\u00a0\u00bbvc_col-md-3&Prime;][\/vc_column][vc_column][vc_empty_space height=\u00a0\u00bb30px\u00a0\u00bb][vc_row_inner][vc_column_inner width=\u00a0\u00bb1\/2&Prime; offset=\u00a0\u00bbvc_col-md-4&Prime; css=\u00a0\u00bb.vc_custom_1555486233143{padding-right: [&hellip;]<\/p>\n","protected":false},"author":1,"featured_media":0,"parent":0,"menu_order":0,"comment_status":"closed","ping_status":"closed","template":"","meta":{"_joinchat":[],"footnotes":""},"class_list":["post-2338","page","type-page","status-publish","hentry"],"yoast_head":"<!-- This site is optimized with the Yoast SEO Premium plugin v24.7 (Yoast SEO v27.4) - https:\/\/yoast.com\/product\/yoast-seo-premium-wordpress\/ -->\n<title>Page D&#039;accueil - Unisera Damla Sulama Sistemleri A.\u015e. - PP Compression Fittings<\/title>\n<meta name=\"robots\" content=\"index, follow, max-snippet:-1, max-image-preview:large, max-video-preview:-1\" \/>\n<link rel=\"canonical\" href=\"http:\/\/www.unisera.com\/fr\/\" \/>\n<meta property=\"og:locale\" content=\"fr_FR\" \/>\n<meta property=\"og:type\" content=\"article\" \/>\n<meta property=\"og:title\" content=\"Page D&#039;accueil\" \/>\n<meta property=\"og:description\" content=\"[vc_row][vc_column][rev_slider_vc alias=\u00a0\u00bbhome-3-11&Prime;][\/vc_column][\/vc_row][vc_row el_class=\u00a0\u00bbbg-second\u00a0\u00bb css=\u00a0\u00bb.vc_custom_1555470524461{padding-top: 28px !important;padding-bottom: 28px !important;}\u00a0\u00bb][vc_column offset=\u00a0\u00bbvc_col-md-9&Prime;][vc_column_text el_class=\u00a0\u00bbtext-light\u00a0\u00bb css=\u00a0\u00bb.vc_custom_1675848766067{margin-bottom: 0px !important;padding-top: 5px !important;}\u00a0\u00bb] 2023 Notre Catalogue De Produits Publi\u00e9 [\/vc_column_text][vc_empty_space height=\u00a0\u00bb10px\u00a0\u00bb el_class=\u00a0\u00bblg-hidden\u00a0\u00bb][\/vc_column][vc_column offset=\u00a0\u00bbvc_col-md-3&Prime;][\/vc_column][\/vc_row][vc_row el_class=\u00a0\u00bbsection-padd\u00a0\u00bb css=\u00a0\u00bb.vc_custom_1555472376004{background-color: #ffffff !important;}\u00a0\u00bb][vc_column][vc_empty_space height=\u00a0\u00bb30px\u00a0\u00bb][\/vc_column][vc_column width=\u00a0\u00bb1\/2&Prime; offset=\u00a0\u00bbvc_col-md-4&Prime;][vc_empty_space height=\u00a0\u00bb20px\u00a0\u00bb el_class=\u00a0\u00bblg-hidden\u00a0\u00bb][\/vc_column][vc_column width=\u00a0\u00bb1\/2&Prime; offset=\u00a0\u00bbvc_col-md-4&Prime;][vc_empty_space height=\u00a0\u00bb20px\u00a0\u00bb el_class=\u00a0\u00bblg-hidden\u00a0\u00bb][\/vc_column][vc_column offset=\u00a0\u00bbvc_col-md-4&Prime;][\/vc_column][\/vc_row][vc_row el_class=\u00a0\u00bbsection-padd\u00a0\u00bb css=\u00a0\u00bb.vc_custom_1555571851249{background-image: url(http:\/\/www.unisera.com\/wp-content\/uploads\/2019\/04\/bg-home3.jpg?id=1922) !important;background-position: center !important;background-repeat: no-repeat !important;background-size: cover !important;}\u00a0\u00bb][vc_column offset=\u00a0\u00bbvc_col-md-9&Prime;][\/vc_column][vc_column offset=\u00a0\u00bbvc_col-md-3&Prime;][\/vc_column][vc_column][vc_empty_space height=\u00a0\u00bb30px\u00a0\u00bb][vc_row_inner][vc_column_inner width=\u00a0\u00bb1\/2&Prime; offset=\u00a0\u00bbvc_col-md-4&Prime; css=\u00a0\u00bb.vc_custom_1555486233143{padding-right: [&hellip;]\" \/>\n<meta property=\"og:url\" content=\"http:\/\/www.unisera.com\/fr\/\" \/>\n<meta property=\"og:site_name\" content=\"Unisera Damla Sulama Sistemleri A.\u015e. - PP Compression Fittings\" \/>\n<meta property=\"article:modified_time\" content=\"2023-02-08T09:33:06+00:00\" \/>\n<meta name=\"twitter:card\" content=\"summary_large_image\" \/>\n<meta name=\"twitter:label1\" content=\"Dur\u00e9e de lecture estim\u00e9e\" \/>\n\t<meta name=\"twitter:data1\" content=\"3 minutes\" \/>\n<script type=\"application\/ld+json\" class=\"yoast-schema-graph\">{\"@context\":\"https:\\\/\\\/schema.org\",\"@graph\":[{\"@type\":\"WebPage\",\"@id\":\"http:\\\/\\\/www.unisera.com\\\/fr\\\/\",\"url\":\"http:\\\/\\\/www.unisera.com\\\/fr\\\/\",\"name\":\"Page D'accueil - Unisera Damla Sulama Sistemleri A.\u015e. - PP Compression Fittings\",\"isPartOf\":{\"@id\":\"http:\\\/\\\/www.unisera.com\\\/#website\"},\"datePublished\":\"2019-04-18T07:12:05+00:00\",\"dateModified\":\"2023-02-08T09:33:06+00:00\",\"breadcrumb\":{\"@id\":\"http:\\\/\\\/www.unisera.com\\\/fr\\\/#breadcrumb\"},\"inLanguage\":\"fr-FR\",\"potentialAction\":[{\"@type\":\"ReadAction\",\"target\":[\"http:\\\/\\\/www.unisera.com\\\/fr\\\/\"]}]},{\"@type\":\"BreadcrumbList\",\"@id\":\"http:\\\/\\\/www.unisera.com\\\/fr\\\/#breadcrumb\",\"itemListElement\":[{\"@type\":\"ListItem\",\"position\":1,\"name\":\"Home\",\"item\":\"http:\\\/\\\/www.unisera.com\\\/fr\\\/\"},{\"@type\":\"ListItem\",\"position\":2,\"name\":\"Page D&rsquo;accueil\"}]},{\"@type\":\"WebSite\",\"@id\":\"http:\\\/\\\/www.unisera.com\\\/#website\",\"url\":\"http:\\\/\\\/www.unisera.com\\\/\",\"name\":\"Unisera Damla Sulama Sistemleri A.\u015e. - PP Compression Fittings\",\"description\":\"Temiz Su Ek Par\u00e7alar\u0131\",\"publisher\":{\"@id\":\"http:\\\/\\\/www.unisera.com\\\/#organization\"},\"potentialAction\":[{\"@type\":\"SearchAction\",\"target\":{\"@type\":\"EntryPoint\",\"urlTemplate\":\"http:\\\/\\\/www.unisera.com\\\/?s={search_term_string}\"},\"query-input\":{\"@type\":\"PropertyValueSpecification\",\"valueRequired\":true,\"valueName\":\"search_term_string\"}}],\"inLanguage\":\"fr-FR\"},{\"@type\":\"Organization\",\"@id\":\"http:\\\/\\\/www.unisera.com\\\/#organization\",\"name\":\"unisera damla sulama sistemleri a.\u015f\",\"url\":\"http:\\\/\\\/www.unisera.com\\\/\",\"logo\":{\"@type\":\"ImageObject\",\"inLanguage\":\"fr-FR\",\"@id\":\"http:\\\/\\\/www.unisera.com\\\/#\\\/schema\\\/logo\\\/image\\\/\",\"url\":\"http:\\\/\\\/www.unisera.com\\\/wp-content\\\/uploads\\\/2021\\\/06\\\/unisera_logo-revize-5-e1664807349517.png\",\"contentUrl\":\"http:\\\/\\\/www.unisera.com\\\/wp-content\\\/uploads\\\/2021\\\/06\\\/unisera_logo-revize-5-e1664807349517.png\",\"width\":200,\"height\":83,\"caption\":\"unisera damla sulama sistemleri a.\u015f\"},\"image\":{\"@id\":\"http:\\\/\\\/www.unisera.com\\\/#\\\/schema\\\/logo\\\/image\\\/\"}}]}<\/script>\n<!-- \/ Yoast SEO Premium plugin. -->","yoast_head_json":{"title":"Page D'accueil - Unisera Damla Sulama Sistemleri A.\u015e. - PP Compression Fittings","robots":{"index":"index","follow":"follow","max-snippet":"max-snippet:-1","max-image-preview":"max-image-preview:large","max-video-preview":"max-video-preview:-1"},"canonical":"http:\/\/www.unisera.com\/fr\/","og_locale":"fr_FR","og_type":"article","og_title":"Page D'accueil","og_description":"[vc_row][vc_column][rev_slider_vc alias=\u00a0\u00bbhome-3-11&Prime;][\/vc_column][\/vc_row][vc_row el_class=\u00a0\u00bbbg-second\u00a0\u00bb css=\u00a0\u00bb.vc_custom_1555470524461{padding-top: 28px !important;padding-bottom: 28px !important;}\u00a0\u00bb][vc_column offset=\u00a0\u00bbvc_col-md-9&Prime;][vc_column_text el_class=\u00a0\u00bbtext-light\u00a0\u00bb css=\u00a0\u00bb.vc_custom_1675848766067{margin-bottom: 0px !important;padding-top: 5px !important;}\u00a0\u00bb] 2023 Notre Catalogue De Produits Publi\u00e9 [\/vc_column_text][vc_empty_space height=\u00a0\u00bb10px\u00a0\u00bb el_class=\u00a0\u00bblg-hidden\u00a0\u00bb][\/vc_column][vc_column offset=\u00a0\u00bbvc_col-md-3&Prime;][\/vc_column][\/vc_row][vc_row el_class=\u00a0\u00bbsection-padd\u00a0\u00bb css=\u00a0\u00bb.vc_custom_1555472376004{background-color: #ffffff !important;}\u00a0\u00bb][vc_column][vc_empty_space height=\u00a0\u00bb30px\u00a0\u00bb][\/vc_column][vc_column width=\u00a0\u00bb1\/2&Prime; offset=\u00a0\u00bbvc_col-md-4&Prime;][vc_empty_space height=\u00a0\u00bb20px\u00a0\u00bb el_class=\u00a0\u00bblg-hidden\u00a0\u00bb][\/vc_column][vc_column width=\u00a0\u00bb1\/2&Prime; offset=\u00a0\u00bbvc_col-md-4&Prime;][vc_empty_space height=\u00a0\u00bb20px\u00a0\u00bb el_class=\u00a0\u00bblg-hidden\u00a0\u00bb][\/vc_column][vc_column offset=\u00a0\u00bbvc_col-md-4&Prime;][\/vc_column][\/vc_row][vc_row el_class=\u00a0\u00bbsection-padd\u00a0\u00bb css=\u00a0\u00bb.vc_custom_1555571851249{background-image: url(http:\/\/www.unisera.com\/wp-content\/uploads\/2019\/04\/bg-home3.jpg?id=1922) !important;background-position: center !important;background-repeat: no-repeat !important;background-size: cover !important;}\u00a0\u00bb][vc_column offset=\u00a0\u00bbvc_col-md-9&Prime;][\/vc_column][vc_column offset=\u00a0\u00bbvc_col-md-3&Prime;][\/vc_column][vc_column][vc_empty_space height=\u00a0\u00bb30px\u00a0\u00bb][vc_row_inner][vc_column_inner width=\u00a0\u00bb1\/2&Prime; offset=\u00a0\u00bbvc_col-md-4&Prime; css=\u00a0\u00bb.vc_custom_1555486233143{padding-right: [&hellip;]","og_url":"http:\/\/www.unisera.com\/fr\/","og_site_name":"Unisera Damla Sulama Sistemleri A.\u015e. - PP Compression Fittings","article_modified_time":"2023-02-08T09:33:06+00:00","twitter_card":"summary_large_image","twitter_misc":{"Dur\u00e9e de lecture estim\u00e9e":"3 minutes"},"schema":{"@context":"https:\/\/schema.org","@graph":[{"@type":"WebPage","@id":"http:\/\/www.unisera.com\/fr\/","url":"http:\/\/www.unisera.com\/fr\/","name":"Page D'accueil - Unisera Damla Sulama Sistemleri A.\u015e. - PP Compression Fittings","isPartOf":{"@id":"http:\/\/www.unisera.com\/#website"},"datePublished":"2019-04-18T07:12:05+00:00","dateModified":"2023-02-08T09:33:06+00:00","breadcrumb":{"@id":"http:\/\/www.unisera.com\/fr\/#breadcrumb"},"inLanguage":"fr-FR","potentialAction":[{"@type":"ReadAction","target":["http:\/\/www.unisera.com\/fr\/"]}]},{"@type":"BreadcrumbList","@id":"http:\/\/www.unisera.com\/fr\/#breadcrumb","itemListElement":[{"@type":"ListItem","position":1,"name":"Home","item":"http:\/\/www.unisera.com\/fr\/"},{"@type":"ListItem","position":2,"name":"Page D&rsquo;accueil"}]},{"@type":"WebSite","@id":"http:\/\/www.unisera.com\/#website","url":"http:\/\/www.unisera.com\/","name":"Unisera Damla Sulama Sistemleri A.\u015e. - PP Compression Fittings","description":"Temiz Su Ek Par\u00e7alar\u0131","publisher":{"@id":"http:\/\/www.unisera.com\/#organization"},"potentialAction":[{"@type":"SearchAction","target":{"@type":"EntryPoint","urlTemplate":"http:\/\/www.unisera.com\/?s={search_term_string}"},"query-input":{"@type":"PropertyValueSpecification","valueRequired":true,"valueName":"search_term_string"}}],"inLanguage":"fr-FR"},{"@type":"Organization","@id":"http:\/\/www.unisera.com\/#organization","name":"unisera damla sulama sistemleri a.\u015f","url":"http:\/\/www.unisera.com\/","logo":{"@type":"ImageObject","inLanguage":"fr-FR","@id":"http:\/\/www.unisera.com\/#\/schema\/logo\/image\/","url":"http:\/\/www.unisera.com\/wp-content\/uploads\/2021\/06\/unisera_logo-revize-5-e1664807349517.png","contentUrl":"http:\/\/www.unisera.com\/wp-content\/uploads\/2021\/06\/unisera_logo-revize-5-e1664807349517.png","width":200,"height":83,"caption":"unisera damla sulama sistemleri a.\u015f"},"image":{"@id":"http:\/\/www.unisera.com\/#\/schema\/logo\/image\/"}}]}},"_links":{"self":[{"href":"http:\/\/www.unisera.com\/fr\/wp-json\/wp\/v2\/pages\/2338","targetHints":{"allow":["GET"]}}],"collection":[{"href":"http:\/\/www.unisera.com\/fr\/wp-json\/wp\/v2\/pages"}],"about":[{"href":"http:\/\/www.unisera.com\/fr\/wp-json\/wp\/v2\/types\/page"}],"author":[{"embeddable":true,"href":"http:\/\/www.unisera.com\/fr\/wp-json\/wp\/v2\/users\/1"}],"replies":[{"embeddable":true,"href":"http:\/\/www.unisera.com\/fr\/wp-json\/wp\/v2\/comments?post=2338"}],"version-history":[{"count":18,"href":"http:\/\/www.unisera.com\/fr\/wp-json\/wp\/v2\/pages\/2338\/revisions"}],"predecessor-version":[{"id":4879,"href":"http:\/\/www.unisera.com\/fr\/wp-json\/wp\/v2\/pages\/2338\/revisions\/4879"}],"wp:attachment":[{"href":"http:\/\/www.unisera.com\/fr\/wp-json\/wp\/v2\/media?parent=2338"}],"curies":[{"name":"wp","href":"https:\/\/api.w.org\/{rel}","templated":true}]}}