{"id":4792,"date":"2021-07-28T11:47:51","date_gmt":"2021-07-28T08:47:51","guid":{"rendered":"http:\/\/www.unisera.com\/hakkimizda\/"},"modified":"2021-07-28T11:47:51","modified_gmt":"2021-07-28T08:47:51","slug":"hakkimizda","status":"publish","type":"page","link":"http:\/\/www.unisera.com\/es\/hakkimizda\/","title":{"rendered":"Hakk\u0131m\u0131zda"},"content":{"rendered":"<div class=\"wpb-content-wrapper\"><p>[vc_row el_class=\u00bbsection-padd\u00bb][vc_column width=\u00bb1\/4&#8243;][vc_widget_sidebar][\/vc_column][vc_column width=\u00bb3\/4&#8243;][vc_column_text]Unisera Damla Sulama Sistemleri olarak siz de\u011ferli m\u00fc\u015fterilerimizi , \u00fcst\u00fcn \u00fcr\u00fcn kalitesi ve m\u00fc\u015fteri memnuniyetini ile bulu\u015fturmay\u0131 en \u00f6nemli ilke ve ama\u00e7 olarak kabul etmi\u015f ve b\u00fct\u00fcn g\u00fcc\u00fcm\u00fcz\u00fc ve kaynaklar\u0131m\u0131z\u0131 bu ilke ve ama\u00e7lar do\u011frultusunda kullanmaktay\u0131z;<\/p>\n<p>B\u00fct\u00fcn \u00fcr\u00fcnlerimizi 35 y\u0131ll\u0131k bilgi ve birikimimiz ile en kullan\u0131\u015fl\u0131 ve en kaliteli \u00fcr\u00fcnleri fikir a\u015famas\u0131ndan size ula\u015fana kadarki olan b\u00fct\u00fcn evrelerde titizlikle ele al\u0131p, konusunda uzman personellerimizle ve sizden ald\u0131\u011f\u0131m\u0131z geri d\u00f6n\u00fc\u015flerle s\u00fcrekli olarak geli\u015ftirmekteyiz .\u00dcr\u00fcnlerimiz sizin be\u011feninize sunulmadan \u00f6nce \u00e7al\u0131\u015fma \u015fartlar\u0131n\u0131n \u00e7ok \u00fczerinde testlere tabii tutulmaktad\u0131r ve \u00fcr\u00fcn mekanik montajlar\u0131 uzman personellerimiz taraf\u0131ndan hassasiyetle kontrol edilmektedir, bu testlerden ge\u00e7emeyen b\u00fct\u00fcn \u00fcr\u00fcnler en iyisini \u00fcretmek i\u00e7in tekrar geli\u015ftirilmek \u00fczere geri g\u00f6nderilmektedir .\u00dcr\u00fcnlerimizin her biri \u00fcretimin her evresinde kalite kontrol personellerimiz taraf\u0131ndan s\u00fcrekli olarak kontrol edilip s\u0131k\u0131 olan toleranslar\u0131m\u0131z\u0131n d\u0131\u015f\u0131nda olan b\u00fct\u00fcn \u00fcr\u00fcnler maliyetlerine bak\u0131lmaks\u0131z\u0131n ayr\u0131lmaktad\u0131r. Kalite Unisera Damla Sulama Sistemleri ailesinin b\u00fct\u00fcn personelinin en \u00f6nemli g\u00f6revidir ve b\u00fct\u00fcn personelimize gerekli e\u011fitimler s\u00fcrekli verilmektedir bu sebeplerden dolay\u0131 Unisera Damla Sulama Sistemleri firmas\u0131 \u00fcr\u00fcnleri standartlar\u0131n \u00e7ok \u00fczerindedir ve g\u00f6n\u00fcl rahatl\u0131\u011f\u0131yla kullan\u0131labilir. Firmam\u0131z b\u00fct\u00fcn \u00fcr\u00fcnlerine 10 Y\u0131l garanti vermesi \u00fcr\u00fcnlerimize olan g\u00fcvenimizin kan\u0131t\u0131d\u0131r ve ba\u015fka bir \u00f6rne\u011fini g\u00f6remezsiniz. \u00dcr\u00fcnlerimizi \u00fclkemizde ve d\u00fcnyada 55 farkl\u0131 \u00fclkede tercih edilmektedir ve bu kalitenin asla bir tesad\u00fcf olmayaca\u011f\u0131n\u0131 g\u00f6stermektedir . Bu \u00f6zg\u00fcvenle siz m\u00fc\u015fterilerimize en iyisini ve kalitelisini \u00fcretmek i\u00e7in benimsedi\u011fimiz yolda emin ad\u0131mlarla y\u00fcr\u00fcmekteyiz.\u00a0 Bizim anlay\u0131\u015f\u0131m\u0131z sat\u0131n alman\u0131zla ba\u015flayan ve uzun y\u0131llar boyunca s\u00fcrecek g\u00fcvenebilece\u011finiz bir partner olarak birlikte y\u00fcr\u00fcyebilmektir.<\/p>\n<p>Neden Unisera Damla Sulama Sistemleri Markas\u0131n\u0131 tercih etmelisiniz?<\/p>\n<p>-\u00c7evre ve insan sa\u011fl\u0131\u011f\u0131n\u0131 korumak en \u00f6ncelikli politikam\u0131zd\u0131r b\u00fct\u00fcn \u00fcr\u00fcnlerimiz orijinal hammaddelerden \u00fcretilmektedir,<\/p>\n<p>-\u00dcr\u00fcnlerimiz 10 y\u0131l garantilidir b\u00fct\u00fcn \u00fcr\u00fcnlerimizi firmam\u0131z\u0131n birer aynas\u0131 olarak g\u00f6r\u00fcp bu ciddiyetle \u00fcretimlerini yapar\u0131z,<\/p>\n<p>-Geni\u015f \u00fcretim hatt\u0131m\u0131z ve makine parkurlar\u0131m\u0131z ile h\u0131zl\u0131 ve kaliteli \u00fcretim,<\/p>\n<p>-Geni\u015f stok ve \u00fcr\u00fcn yelpazemizle h\u0131zl\u0131 ve tam zaman\u0131nda teslimat,<\/p>\n<p>-\u00dcr\u00fcnlerimizin tasar\u0131m, Ar-Ge, \u00fcretim ve kontrolleri firmam\u0131z b\u00fcnyesinde yap\u0131lmaktad\u0131r buda \u00fcretimde \u00e7ok b\u00fcy\u00fck esneklik kazand\u0131rmaktad\u0131r,<\/p>\n<p>-\u00dcr\u00fcnlerimizi 35 y\u0131ll\u0131k bilgi ve birikimimizi en y\u00fcksek teknolojiyi kullanarak kendi b\u00fcnyemizde \u00fcretiyoruz<\/p>\n<p>-\u00dcr\u00fcnlerimizin montaj\u0131 kolay ve g\u00fcvenilirdir,<\/p>\n<p>-\u00fcr\u00fcnlerimizde en kaliteli hammaddeler kullan\u0131lmaktad\u0131r,<\/p>\n<p>-\u015eeffaf \u00fcretim yapmaktad\u0131r isteyen b\u00fct\u00fcn m\u00fc\u015fterilerimiz gelip fabrikam\u0131z\u0131 ziyaret edebilir,<\/p>\n<p>-Sekt\u00f6r\u00fcm\u00fczde \u00e7ok fazla \u00fcr\u00fcn \u00e7e\u015fitlili\u011fi ve oldu\u011fu i\u00e7in \u00fcr\u00fcn tan\u0131mlar\u0131nda zorluklar ortaya \u00e7\u0131kmaktad\u0131r firmam\u0131z bu sorunu \u00fcr\u00fcn maliyetlerini y\u00fckseltmeden \u00e7\u00f6zmenin aray\u0131\u015flar\u0131 sonucunda b\u00fcy\u00fck puntolarla \u00fcr\u00fcn \u00fczerine gerekli olan tan\u0131m yaz\u0131lar\u0131n\u0131 yazmaktad\u0131r b\u00f6ylelikle, karma\u015fay\u0131 ve zaman kayb\u0131n\u0131 ortadan kald\u0131rmay\u0131 ama\u00e7lam\u0131\u015ft\u0131r,<\/p>\n<p>-Kaplin (boru) ba\u011flant\u0131l\u0131 \u00fcr\u00fcnlerimizin montajlar\u0131 esnas\u0131nda en \u00e7ok yap\u0131lan hata borular\u0131n \u00fcr\u00fcn i\u00e7erisine gerekti\u011fi gibi sokulmamas\u0131d\u0131r, bu hatalar\u0131n \u00f6n\u00fcne ge\u00e7mek i\u00e7in \u00fcr\u00fcnlerimizin \u00fczerinde borular\u0131n \u00fcr\u00fcn i\u00e7ine girmesi gereken \u00f6l\u00e7\u00fcler yer almaktad\u0131r. Bu \u00f6l\u00e7\u00fcler kullan\u0131larak borular i\u015faretlendikten sonra montaj i\u015flemi i\u015faret kontrol edilerek yap\u0131l\u0131rsa montaj hatalar\u0131n\u0131n ve gereksiz zaman, emek ve para israf\u0131n\u0131n \u00f6n\u00fcne ge\u00e7ilmi\u015f olur,<\/p>\n<p>-B\u00fct\u00fcn \u00fcr\u00fcnlerimizde kesinlikle do\u011fa \u015fartlar\u0131na kar\u015f\u0131 test edilmi\u015f olup genle\u015fme veya b\u00fcz\u00fc\u015fmeler olu\u015fmaz ve bunlardan kaynakl\u0131 ka\u00e7aklar olu\u015fmaz,<\/p>\n<p>-B\u00fct\u00fcn vana grubu \u00fcr\u00fcnlerimizin AR-GE, tasar\u0131m ve \u00fcretimi kendi b\u00fcnyemizde ger\u00e7ekle\u015ftirilmi\u015ftir standartlar\u0131n \u00e7ok \u00fczerindeki bas\u0131n\u00e7larda \u00fcst\u00fcn performans g\u00f6stermi\u015ftir ve hizmetinize sunulmu\u015ftur,<\/p>\n<p>-Eri\u015filebilirlik firmam\u0131z i\u00e7in \u00e7ok \u00f6nemlidir her durumda ve ortamda firmam\u0131zla ileti\u015fime ge\u00e7mek istedi\u011finizde istek ve \u00f6nerilerinizi kar\u015f\u0131layacak konusunda uzman kadromuzla haz\u0131r beklemekteyiz,<\/p>\n<p>-M\u00fc\u015fterilerimiz istedi\u011fi veya merak etti\u011fi her t\u00fcrl\u00fc soru , \u00f6neri i\u00e7in ileti\u015fime ge\u00e7ebilir bu soru ve \u00f6neriler konusunda uzman personel taraf\u0131ndan ciddiyetle ele al\u0131n\u0131p en k\u0131sa s\u00fcrede cevap verilmektedir,<\/p>\n<p>-AR-GE b\u00f6l\u00fcm\u00fczde s\u00fcrekli olarak mevcut ve yeni \u00fcr\u00fcnlerin geli\u015ftirilmeleri s\u00fcrekli olarak devam etmektedir ve b\u00fct\u00fcn bu \u00fcr\u00fcnlerin patent ve tescil i\u015flemleri hassasiyetle takip edilmektedir.<\/p>\n<p>-Yurti\u00e7i ve yurt d\u0131\u015f\u0131ndaki 80 farkl\u0131 \u00fclkede pek \u00e7ok firmada \u00fcr\u00fcnlerimiz tercih edilmektedir.[\/vc_column_text][\/vc_column][\/vc_row]<\/p>\n<\/div>","protected":false},"excerpt":{"rendered":"<p>[vc_row el_class=\u00bbsection-padd\u00bb][vc_column width=\u00bb1\/4&#8243;][vc_widget_sidebar][\/vc_column][vc_column width=\u00bb3\/4&#8243;][vc_column_text]Unisera Damla Sulama Sistemleri olarak siz de\u011ferli m\u00fc\u015fterilerimizi , \u00fcst\u00fcn \u00fcr\u00fcn kalitesi ve m\u00fc\u015fteri memnuniyetini ile bulu\u015fturmay\u0131 en \u00f6nemli ilke ve ama\u00e7 olarak kabul etmi\u015f ve b\u00fct\u00fcn g\u00fcc\u00fcm\u00fcz\u00fc ve kaynaklar\u0131m\u0131z\u0131 bu ilke ve ama\u00e7lar do\u011frultusunda kullanmaktay\u0131z; B\u00fct\u00fcn \u00fcr\u00fcnlerimizi 35 y\u0131ll\u0131k bilgi ve birikimimiz ile en kullan\u0131\u015fl\u0131 ve en kaliteli \u00fcr\u00fcnleri fikir a\u015famas\u0131ndan [&hellip;]<\/p>\n","protected":false},"author":1,"featured_media":0,"parent":0,"menu_order":0,"comment_status":"closed","ping_status":"closed","template":"","meta":{"_joinchat":[],"footnotes":""},"class_list":["post-4792","page","type-page","status-publish","hentry"],"yoast_head":"<!-- This site is optimized with the Yoast SEO Premium plugin v24.7 (Yoast SEO v27.3) - https:\/\/yoast.com\/product\/yoast-seo-premium-wordpress\/ -->\n<title>Hakk\u0131m\u0131zda - Unisera Damla Sulama Sistemleri A.\u015e. - PP Compression Fittings<\/title>\n<meta name=\"robots\" content=\"index, follow, max-snippet:-1, max-image-preview:large, max-video-preview:-1\" \/>\n<link rel=\"canonical\" href=\"http:\/\/www.unisera.com\/es\/hakkimizda\/\" \/>\n<meta property=\"og:locale\" content=\"es_ES\" \/>\n<meta property=\"og:type\" content=\"article\" \/>\n<meta property=\"og:title\" content=\"Hakk\u0131m\u0131zda\" \/>\n<meta property=\"og:description\" content=\"[vc_row el_class=\u00bbsection-padd\u00bb][vc_column width=\u00bb1\/4&#8243;][vc_widget_sidebar][\/vc_column][vc_column width=\u00bb3\/4&#8243;][vc_column_text]Unisera Damla Sulama Sistemleri olarak siz de\u011ferli m\u00fc\u015fterilerimizi , \u00fcst\u00fcn \u00fcr\u00fcn kalitesi ve m\u00fc\u015fteri memnuniyetini ile bulu\u015fturmay\u0131 en \u00f6nemli ilke ve ama\u00e7 olarak kabul etmi\u015f ve b\u00fct\u00fcn g\u00fcc\u00fcm\u00fcz\u00fc ve kaynaklar\u0131m\u0131z\u0131 bu ilke ve ama\u00e7lar do\u011frultusunda kullanmaktay\u0131z; B\u00fct\u00fcn \u00fcr\u00fcnlerimizi 35 y\u0131ll\u0131k bilgi ve birikimimiz ile en kullan\u0131\u015fl\u0131 ve en kaliteli \u00fcr\u00fcnleri fikir a\u015famas\u0131ndan [&hellip;]\" \/>\n<meta property=\"og:url\" content=\"http:\/\/www.unisera.com\/es\/hakkimizda\/\" \/>\n<meta property=\"og:site_name\" content=\"Unisera Damla Sulama Sistemleri A.\u015e. - PP Compression Fittings\" \/>\n<meta name=\"twitter:card\" content=\"summary_large_image\" \/>\n<meta name=\"twitter:label1\" content=\"Tiempo de lectura\" \/>\n\t<meta name=\"twitter:data1\" content=\"4 minutos\" \/>\n<script type=\"application\/ld+json\" class=\"yoast-schema-graph\">{\"@context\":\"https:\\\/\\\/schema.org\",\"@graph\":[{\"@type\":\"WebPage\",\"@id\":\"http:\\\/\\\/www.unisera.com\\\/es\\\/hakkimizda\\\/\",\"url\":\"http:\\\/\\\/www.unisera.com\\\/es\\\/hakkimizda\\\/\",\"name\":\"Hakk\u0131m\u0131zda - Unisera Damla Sulama Sistemleri A.\u015e. - PP Compression Fittings\",\"isPartOf\":{\"@id\":\"http:\\\/\\\/www.unisera.com\\\/#website\"},\"datePublished\":\"2021-07-28T08:47:51+00:00\",\"breadcrumb\":{\"@id\":\"http:\\\/\\\/www.unisera.com\\\/es\\\/hakkimizda\\\/#breadcrumb\"},\"inLanguage\":\"es\",\"potentialAction\":[{\"@type\":\"ReadAction\",\"target\":[\"http:\\\/\\\/www.unisera.com\\\/es\\\/hakkimizda\\\/\"]}]},{\"@type\":\"BreadcrumbList\",\"@id\":\"http:\\\/\\\/www.unisera.com\\\/es\\\/hakkimizda\\\/#breadcrumb\",\"itemListElement\":[{\"@type\":\"ListItem\",\"position\":1,\"name\":\"Home\",\"item\":\"https:\\\/\\\/www.unisera.com\\\/es\\\/\"},{\"@type\":\"ListItem\",\"position\":2,\"name\":\"Hakk\u0131m\u0131zda\"}]},{\"@type\":\"WebSite\",\"@id\":\"http:\\\/\\\/www.unisera.com\\\/#website\",\"url\":\"http:\\\/\\\/www.unisera.com\\\/\",\"name\":\"Unisera Damla Sulama Sistemleri A.\u015e. - PP Compression Fittings\",\"description\":\"Temiz Su Ek Par\u00e7alar\u0131\",\"publisher\":{\"@id\":\"http:\\\/\\\/www.unisera.com\\\/#organization\"},\"potentialAction\":[{\"@type\":\"SearchAction\",\"target\":{\"@type\":\"EntryPoint\",\"urlTemplate\":\"http:\\\/\\\/www.unisera.com\\\/?s={search_term_string}\"},\"query-input\":{\"@type\":\"PropertyValueSpecification\",\"valueRequired\":true,\"valueName\":\"search_term_string\"}}],\"inLanguage\":\"es\"},{\"@type\":\"Organization\",\"@id\":\"http:\\\/\\\/www.unisera.com\\\/#organization\",\"name\":\"unisera damla sulama sistemleri a.\u015f\",\"url\":\"http:\\\/\\\/www.unisera.com\\\/\",\"logo\":{\"@type\":\"ImageObject\",\"inLanguage\":\"es\",\"@id\":\"http:\\\/\\\/www.unisera.com\\\/#\\\/schema\\\/logo\\\/image\\\/\",\"url\":\"http:\\\/\\\/www.unisera.com\\\/wp-content\\\/uploads\\\/2021\\\/06\\\/unisera_logo-revize-5-e1664807349517.png\",\"contentUrl\":\"http:\\\/\\\/www.unisera.com\\\/wp-content\\\/uploads\\\/2021\\\/06\\\/unisera_logo-revize-5-e1664807349517.png\",\"width\":200,\"height\":83,\"caption\":\"unisera damla sulama sistemleri a.\u015f\"},\"image\":{\"@id\":\"http:\\\/\\\/www.unisera.com\\\/#\\\/schema\\\/logo\\\/image\\\/\"}}]}<\/script>\n<!-- \/ Yoast SEO Premium plugin. -->","yoast_head_json":{"title":"Hakk\u0131m\u0131zda - Unisera Damla Sulama Sistemleri A.\u015e. - PP Compression Fittings","robots":{"index":"index","follow":"follow","max-snippet":"max-snippet:-1","max-image-preview":"max-image-preview:large","max-video-preview":"max-video-preview:-1"},"canonical":"http:\/\/www.unisera.com\/es\/hakkimizda\/","og_locale":"es_ES","og_type":"article","og_title":"Hakk\u0131m\u0131zda","og_description":"[vc_row el_class=\u00bbsection-padd\u00bb][vc_column width=\u00bb1\/4&#8243;][vc_widget_sidebar][\/vc_column][vc_column width=\u00bb3\/4&#8243;][vc_column_text]Unisera Damla Sulama Sistemleri olarak siz de\u011ferli m\u00fc\u015fterilerimizi , \u00fcst\u00fcn \u00fcr\u00fcn kalitesi ve m\u00fc\u015fteri memnuniyetini ile bulu\u015fturmay\u0131 en \u00f6nemli ilke ve ama\u00e7 olarak kabul etmi\u015f ve b\u00fct\u00fcn g\u00fcc\u00fcm\u00fcz\u00fc ve kaynaklar\u0131m\u0131z\u0131 bu ilke ve ama\u00e7lar do\u011frultusunda kullanmaktay\u0131z; B\u00fct\u00fcn \u00fcr\u00fcnlerimizi 35 y\u0131ll\u0131k bilgi ve birikimimiz ile en kullan\u0131\u015fl\u0131 ve en kaliteli \u00fcr\u00fcnleri fikir a\u015famas\u0131ndan [&hellip;]","og_url":"http:\/\/www.unisera.com\/es\/hakkimizda\/","og_site_name":"Unisera Damla Sulama Sistemleri A.\u015e. - PP Compression Fittings","twitter_card":"summary_large_image","twitter_misc":{"Tiempo de lectura":"4 minutos"},"schema":{"@context":"https:\/\/schema.org","@graph":[{"@type":"WebPage","@id":"http:\/\/www.unisera.com\/es\/hakkimizda\/","url":"http:\/\/www.unisera.com\/es\/hakkimizda\/","name":"Hakk\u0131m\u0131zda - Unisera Damla Sulama Sistemleri A.\u015e. - PP Compression Fittings","isPartOf":{"@id":"http:\/\/www.unisera.com\/#website"},"datePublished":"2021-07-28T08:47:51+00:00","breadcrumb":{"@id":"http:\/\/www.unisera.com\/es\/hakkimizda\/#breadcrumb"},"inLanguage":"es","potentialAction":[{"@type":"ReadAction","target":["http:\/\/www.unisera.com\/es\/hakkimizda\/"]}]},{"@type":"BreadcrumbList","@id":"http:\/\/www.unisera.com\/es\/hakkimizda\/#breadcrumb","itemListElement":[{"@type":"ListItem","position":1,"name":"Home","item":"https:\/\/www.unisera.com\/es\/"},{"@type":"ListItem","position":2,"name":"Hakk\u0131m\u0131zda"}]},{"@type":"WebSite","@id":"http:\/\/www.unisera.com\/#website","url":"http:\/\/www.unisera.com\/","name":"Unisera Damla Sulama Sistemleri A.\u015e. - PP Compression Fittings","description":"Temiz Su Ek Par\u00e7alar\u0131","publisher":{"@id":"http:\/\/www.unisera.com\/#organization"},"potentialAction":[{"@type":"SearchAction","target":{"@type":"EntryPoint","urlTemplate":"http:\/\/www.unisera.com\/?s={search_term_string}"},"query-input":{"@type":"PropertyValueSpecification","valueRequired":true,"valueName":"search_term_string"}}],"inLanguage":"es"},{"@type":"Organization","@id":"http:\/\/www.unisera.com\/#organization","name":"unisera damla sulama sistemleri a.\u015f","url":"http:\/\/www.unisera.com\/","logo":{"@type":"ImageObject","inLanguage":"es","@id":"http:\/\/www.unisera.com\/#\/schema\/logo\/image\/","url":"http:\/\/www.unisera.com\/wp-content\/uploads\/2021\/06\/unisera_logo-revize-5-e1664807349517.png","contentUrl":"http:\/\/www.unisera.com\/wp-content\/uploads\/2021\/06\/unisera_logo-revize-5-e1664807349517.png","width":200,"height":83,"caption":"unisera damla sulama sistemleri a.\u015f"},"image":{"@id":"http:\/\/www.unisera.com\/#\/schema\/logo\/image\/"}}]}},"_links":{"self":[{"href":"http:\/\/www.unisera.com\/es\/wp-json\/wp\/v2\/pages\/4792","targetHints":{"allow":["GET"]}}],"collection":[{"href":"http:\/\/www.unisera.com\/es\/wp-json\/wp\/v2\/pages"}],"about":[{"href":"http:\/\/www.unisera.com\/es\/wp-json\/wp\/v2\/types\/page"}],"author":[{"embeddable":true,"href":"http:\/\/www.unisera.com\/es\/wp-json\/wp\/v2\/users\/1"}],"replies":[{"embeddable":true,"href":"http:\/\/www.unisera.com\/es\/wp-json\/wp\/v2\/comments?post=4792"}],"version-history":[{"count":0,"href":"http:\/\/www.unisera.com\/es\/wp-json\/wp\/v2\/pages\/4792\/revisions"}],"wp:attachment":[{"href":"http:\/\/www.unisera.com\/es\/wp-json\/wp\/v2\/media?parent=4792"}],"curies":[{"name":"wp","href":"https:\/\/api.w.org\/{rel}","templated":true}]}}