{"id":4576,"date":"2021-06-14T16:17:12","date_gmt":"2021-06-14T13:17:12","guid":{"rendered":"http:\/\/www.unisera.com\/kuresel-vanalar\/"},"modified":"2021-08-02T11:52:31","modified_gmt":"2021-08-02T08:52:31","slug":"kuresel-vanalar","status":"publish","type":"page","link":"http:\/\/www.unisera.com\/es\/kuresel-vanalar\/","title":{"rendered":"K\u00fcresel Vanalar"},"content":{"rendered":"<div class=\"wpb-content-wrapper\"><p>[vc_row][vc_column width=\u00bb1\/4&#8243;][vc_column_text][\/vc_column_text][\/vc_column][vc_column width=\u00bb3\/4&#8243;][vc_row_inner][vc_column_inner width=\u00bb1\/3&#8243;][vc_single_image image=\u00bb2541&#8243; onclick=\u00bbcustom_link\u00bb link=\u00bbhttp:\/\/www.unisera.com\/pp-gecme-kaplin-ic-dis-vana\/\u00bb][vc_custom_heading text=\u00bbPP Ge\u00e7me Kaplin \u0130\u00e7 Di\u015f Vana\u00bb font_container=\u00bbtag:h3|text_align:left\u00bb link=\u00bburl:http%3A%2F%2Fwww.unisera.com%2Fpp-gecme-kaplin-ic-dis-vana%2F|title:PP%20Ge%C3%A7me%20Kaplin%20%C4%B0%C3%A7%20Di%C5%9F%20Vana\u00bb][\/vc_column_inner][vc_column_inner width=\u00bb1\/3&#8243;][vc_single_image image=\u00bb2236&#8243; onclick=\u00bbcustom_link\u00bb link=\u00bbhttp:\/\/www.unisera.com\/pp-kaplin-cikisli-kuresel-vana\/\u00bb][vc_custom_heading text=\u00bbPP Kaplin \u00c7\u0131k\u0131\u015fl\u0131 K\u00fcresel Vana\u00bb font_container=\u00bbtag:h3|text_align:left\u00bb link=\u00bburl:http%3A%2F%2Fwww.unisera.com%2Fpp-kaplin-cikisli-kuresel-vana%2F|title:PP%20Kaplin%20%C3%87%C4%B1k%C4%B1%C5%9Fl%C4%B1%20K%C3%BCresel%20Vana\u00bb][\/vc_column_inner][vc_column_inner width=\u00bb1\/3&#8243;][vc_single_image image=\u00bb3005&#8243; onclick=\u00bbcustom_link\u00bb link=\u00bbhttp:\/\/www.unisera.com\/pp-gecme-kaplin-dis-dis-vana\/\u00bb][vc_custom_heading text=\u00bbPP Ge\u00e7me Kaplin D\u0131\u015f Di\u015f Vana\u00bb font_container=\u00bbtag:h3|text_align:left\u00bb link=\u00bburl:http%3A%2F%2Fwww.unisera.com%2Fpp-gecme-kaplin-dis-dis-vana%2F|title:PP%20Ge%C3%A7me%20Kaplin%20D%C4%B1%C5%9F%20Di%C5%9F%20Vana\u00bb][\/vc_column_inner][\/vc_row_inner][vc_separator][vc_row_inner][vc_column_inner width=\u00bb1\/3&#8243;][vc_single_image image=\u00bb3016&#8243; onclick=\u00bbcustom_link\u00bb link=\u00bbhttp:\/\/www.unisera.com\/pp-plastik-kureli-ic-dis-kuresel-vana\/\u00bb][vc_custom_heading text=\u00bbPP Plastik K\u00fcreli \u0130\u00e7 Di\u015f K\u00fcresel Vana\u00bb font_container=\u00bbtag:h3|text_align:left\u00bb link=\u00bburl:http%3A%2F%2Fwww.unisera.com%2Fpp-plastik-kureli-ic-dis-kuresel-vana%2F|title:PP%20Plastik%20K%C3%BCreli%20%C4%B0%C3%A7%20Di%C5%9F%20K%C3%BCresel%20Vana\u00bb][\/vc_column_inner][vc_column_inner width=\u00bb1\/3&#8243;][vc_single_image image=\u00bb3026&#8243; onclick=\u00bbcustom_link\u00bb link=\u00bbhttp:\/\/www.unisera.com\/pp-plastik-kureli-ic-dis-dis-dis-kuresel-vana\/\u00bb][vc_custom_heading text=\u00bbPP Plastik K\u00fcreli \u0130\u00e7 Di\u015f \u2013 D\u0131\u015f Di\u015f K\u00fcresel Vana\u00bb font_container=\u00bbtag:h3|text_align:left\u00bb link=\u00bburl:http%3A%2F%2Fwww.unisera.com%2Fpp-plastik-kureli-ic-dis-dis-dis-kuresel-vana%2F|title:PP%20Plastik%20K%C3%BCreli%20%C4%B0%C3%A7%20Di%C5%9F%20%E2%80%93%20D%C4%B1%C5%9F%20Di%C5%9F%20K%C3%BCresel%20Vana\u00bb][\/vc_column_inner][vc_column_inner width=\u00bb1\/3&#8243;][vc_single_image image=\u00bb3041&#8243; onclick=\u00bbcustom_link\u00bb link=\u00bbhttp:\/\/www.unisera.com\/icten-disli-orjinal-pirinc-ve-krom-kaplanmis-kureli-plastik-kuresel-vana\/\u00bb][vc_custom_heading text=\u00bb\u0130cten Di\u015fli Orjinal Pirin\u00e7 ve Krom Kaplanmis K\u00fcreli Plastik K\u00fcresel Vana\u00bb font_container=\u00bbtag:h3|text_align:left\u00bb link=\u00bburl:http%3A%2F%2Fwww.unisera.com%2Ficten-disli-orjinal-pirinc-ve-krom-kaplanmis-kureli-plastik-kuresel-vana%2F|title:%C4%B0cten%20Di%C5%9Fli%20Orjinal%20Pirin%C3%A7%20ve%20Krom%20Kaplanmis%20K%C3%BCreli%20Plastik%20K%C3%BCresel%20Vana\u00bb][\/vc_column_inner][\/vc_row_inner][vc_separator][vc_row_inner][vc_column_inner width=\u00bb1\/3&#8243;][vc_single_image image=\u00bb3050&#8243; img_size=\u00bbmedium\u00bb onclick=\u00bbcustom_link\u00bb link=\u00bbhttp:\/\/www.unisera.com\/celik-uzatma-borulu-kaplin-vana\/\u00bb][vc_custom_heading text=\u00bb\u00c7elik Uzatma Borulu Kaplin Vana\u00bb font_container=\u00bbtag:h3|text_align:left\u00bb link=\u00bburl:http%3A%2F%2Fwww.unisera.com%2Fcelik-uzatma-borulu-kaplin-vana%2F|title:%C3%87elik%20Uzatma%20Borulu%20Kaplin%20Vana\u00bb][\/vc_column_inner][vc_column_inner width=\u00bb1\/3&#8243;][\/vc_column_inner][vc_column_inner width=\u00bb1\/3&#8243;][\/vc_column_inner][\/vc_row_inner][vc_separator][\/vc_column][\/vc_row][vc_row][vc_column][vc_column_text][\/vc_column_text][\/vc_column][\/vc_row]<\/p>\n<\/div>","protected":false},"excerpt":{"rendered":"<p>[vc_row][vc_column width=\u00bb1\/4&#8243;][vc_column_text][\/vc_column_text][\/vc_column][vc_column width=\u00bb3\/4&#8243;][vc_row_inner][vc_column_inner width=\u00bb1\/3&#8243;][vc_single_image image=\u00bb2541&#8243; onclick=\u00bbcustom_link\u00bb link=\u00bbhttp:\/\/www.unisera.com\/pp-gecme-kaplin-ic-dis-vana\/\u00bb][vc_custom_heading text=\u00bbPP Ge\u00e7me Kaplin \u0130\u00e7 Di\u015f Vana\u00bb font_container=\u00bbtag:h3|text_align:left\u00bb link=\u00bburl:http%3A%2F%2Fwww.unisera.com%2Fpp-gecme-kaplin-ic-dis-vana%2F|title:PP%20Ge%C3%A7me%20Kaplin%20%C4%B0%C3%A7%20Di%C5%9F%20Vana\u00bb][\/vc_column_inner][vc_column_inner width=\u00bb1\/3&#8243;][vc_single_image image=\u00bb2236&#8243; onclick=\u00bbcustom_link\u00bb link=\u00bbhttp:\/\/www.unisera.com\/pp-kaplin-cikisli-kuresel-vana\/\u00bb][vc_custom_heading text=\u00bbPP Kaplin \u00c7\u0131k\u0131\u015fl\u0131 K\u00fcresel Vana\u00bb font_container=\u00bbtag:h3|text_align:left\u00bb link=\u00bburl:http%3A%2F%2Fwww.unisera.com%2Fpp-kaplin-cikisli-kuresel-vana%2F|title:PP%20Kaplin%20%C3%87%C4%B1k%C4%B1%C5%9Fl%C4%B1%20K%C3%BCresel%20Vana\u00bb][\/vc_column_inner][vc_column_inner width=\u00bb1\/3&#8243;][vc_single_image image=\u00bb3005&#8243; onclick=\u00bbcustom_link\u00bb link=\u00bbhttp:\/\/www.unisera.com\/pp-gecme-kaplin-dis-dis-vana\/\u00bb][vc_custom_heading text=\u00bbPP Ge\u00e7me Kaplin D\u0131\u015f Di\u015f Vana\u00bb font_container=\u00bbtag:h3|text_align:left\u00bb link=\u00bburl:http%3A%2F%2Fwww.unisera.com%2Fpp-gecme-kaplin-dis-dis-vana%2F|title:PP%20Ge%C3%A7me%20Kaplin%20D%C4%B1%C5%9F%20Di%C5%9F%20Vana\u00bb][\/vc_column_inner][\/vc_row_inner][vc_separator][vc_row_inner][vc_column_inner width=\u00bb1\/3&#8243;][vc_single_image image=\u00bb3016&#8243; onclick=\u00bbcustom_link\u00bb link=\u00bbhttp:\/\/www.unisera.com\/pp-plastik-kureli-ic-dis-kuresel-vana\/\u00bb][vc_custom_heading text=\u00bbPP Plastik K\u00fcreli \u0130\u00e7 Di\u015f K\u00fcresel Vana\u00bb font_container=\u00bbtag:h3|text_align:left\u00bb link=\u00bburl:http%3A%2F%2Fwww.unisera.com%2Fpp-plastik-kureli-ic-dis-kuresel-vana%2F|title:PP%20Plastik%20K%C3%BCreli%20%C4%B0%C3%A7%20Di%C5%9F%20K%C3%BCresel%20Vana\u00bb][\/vc_column_inner][vc_column_inner width=\u00bb1\/3&#8243;][vc_single_image image=\u00bb3026&#8243; onclick=\u00bbcustom_link\u00bb link=\u00bbhttp:\/\/www.unisera.com\/pp-plastik-kureli-ic-dis-dis-dis-kuresel-vana\/\u00bb][vc_custom_heading [&hellip;]<\/p>\n","protected":false},"author":1,"featured_media":0,"parent":0,"menu_order":0,"comment_status":"closed","ping_status":"closed","template":"","meta":{"_joinchat":[],"footnotes":""},"class_list":["post-4576","page","type-page","status-publish","hentry"],"yoast_head":"<!-- This site is optimized with the Yoast SEO Premium plugin v24.7 (Yoast SEO v27.3) - https:\/\/yoast.com\/product\/yoast-seo-premium-wordpress\/ -->\n<title>K\u00fcresel Vanalar - Unisera Damla Sulama Sistemleri A.\u015e. - PP Compression Fittings<\/title>\n<meta name=\"robots\" content=\"index, follow, max-snippet:-1, max-image-preview:large, max-video-preview:-1\" \/>\n<link rel=\"canonical\" href=\"http:\/\/www.unisera.com\/es\/kuresel-vanalar\/\" \/>\n<meta property=\"og:locale\" content=\"es_ES\" \/>\n<meta property=\"og:type\" content=\"article\" \/>\n<meta property=\"og:title\" content=\"K\u00fcresel Vanalar\" \/>\n<meta property=\"og:description\" content=\"[vc_row][vc_column width=\u00bb1\/4&#8243;][vc_column_text][\/vc_column_text][\/vc_column][vc_column width=\u00bb3\/4&#8243;][vc_row_inner][vc_column_inner width=\u00bb1\/3&#8243;][vc_single_image image=\u00bb2541&#8243; onclick=\u00bbcustom_link\u00bb link=\u00bbhttp:\/\/www.unisera.com\/pp-gecme-kaplin-ic-dis-vana\/\u00bb][vc_custom_heading text=\u00bbPP Ge\u00e7me Kaplin \u0130\u00e7 Di\u015f Vana\u00bb font_container=\u00bbtag:h3|text_align:left\u00bb link=\u00bburl:http%3A%2F%2Fwww.unisera.com%2Fpp-gecme-kaplin-ic-dis-vana%2F|title:PP%20Ge%C3%A7me%20Kaplin%20%C4%B0%C3%A7%20Di%C5%9F%20Vana\u00bb][\/vc_column_inner][vc_column_inner width=\u00bb1\/3&#8243;][vc_single_image image=\u00bb2236&#8243; onclick=\u00bbcustom_link\u00bb link=\u00bbhttp:\/\/www.unisera.com\/pp-kaplin-cikisli-kuresel-vana\/\u00bb][vc_custom_heading text=\u00bbPP Kaplin \u00c7\u0131k\u0131\u015fl\u0131 K\u00fcresel Vana\u00bb font_container=\u00bbtag:h3|text_align:left\u00bb link=\u00bburl:http%3A%2F%2Fwww.unisera.com%2Fpp-kaplin-cikisli-kuresel-vana%2F|title:PP%20Kaplin%20%C3%87%C4%B1k%C4%B1%C5%9Fl%C4%B1%20K%C3%BCresel%20Vana\u00bb][\/vc_column_inner][vc_column_inner width=\u00bb1\/3&#8243;][vc_single_image image=\u00bb3005&#8243; onclick=\u00bbcustom_link\u00bb link=\u00bbhttp:\/\/www.unisera.com\/pp-gecme-kaplin-dis-dis-vana\/\u00bb][vc_custom_heading text=\u00bbPP Ge\u00e7me Kaplin D\u0131\u015f Di\u015f Vana\u00bb font_container=\u00bbtag:h3|text_align:left\u00bb link=\u00bburl:http%3A%2F%2Fwww.unisera.com%2Fpp-gecme-kaplin-dis-dis-vana%2F|title:PP%20Ge%C3%A7me%20Kaplin%20D%C4%B1%C5%9F%20Di%C5%9F%20Vana\u00bb][\/vc_column_inner][\/vc_row_inner][vc_separator][vc_row_inner][vc_column_inner width=\u00bb1\/3&#8243;][vc_single_image image=\u00bb3016&#8243; onclick=\u00bbcustom_link\u00bb link=\u00bbhttp:\/\/www.unisera.com\/pp-plastik-kureli-ic-dis-kuresel-vana\/\u00bb][vc_custom_heading text=\u00bbPP Plastik K\u00fcreli \u0130\u00e7 Di\u015f K\u00fcresel Vana\u00bb font_container=\u00bbtag:h3|text_align:left\u00bb link=\u00bburl:http%3A%2F%2Fwww.unisera.com%2Fpp-plastik-kureli-ic-dis-kuresel-vana%2F|title:PP%20Plastik%20K%C3%BCreli%20%C4%B0%C3%A7%20Di%C5%9F%20K%C3%BCresel%20Vana\u00bb][\/vc_column_inner][vc_column_inner width=\u00bb1\/3&#8243;][vc_single_image image=\u00bb3026&#8243; onclick=\u00bbcustom_link\u00bb link=\u00bbhttp:\/\/www.unisera.com\/pp-plastik-kureli-ic-dis-dis-dis-kuresel-vana\/\u00bb][vc_custom_heading [&hellip;]\" \/>\n<meta property=\"og:url\" content=\"http:\/\/www.unisera.com\/es\/kuresel-vanalar\/\" \/>\n<meta property=\"og:site_name\" content=\"Unisera Damla Sulama Sistemleri A.\u015e. - PP Compression Fittings\" \/>\n<meta property=\"article:modified_time\" content=\"2021-08-02T08:52:31+00:00\" \/>\n<meta name=\"twitter:card\" content=\"summary_large_image\" \/>\n<meta name=\"twitter:label1\" content=\"Tiempo de lectura\" \/>\n\t<meta name=\"twitter:data1\" content=\"3 minutos\" \/>\n<script type=\"application\/ld+json\" class=\"yoast-schema-graph\">{\"@context\":\"https:\\\/\\\/schema.org\",\"@graph\":[{\"@type\":\"WebPage\",\"@id\":\"http:\\\/\\\/www.unisera.com\\\/es\\\/kuresel-vanalar\\\/\",\"url\":\"http:\\\/\\\/www.unisera.com\\\/es\\\/kuresel-vanalar\\\/\",\"name\":\"K\u00fcresel Vanalar - Unisera Damla Sulama Sistemleri A.\u015e. - PP Compression Fittings\",\"isPartOf\":{\"@id\":\"http:\\\/\\\/www.unisera.com\\\/#website\"},\"datePublished\":\"2021-06-14T13:17:12+00:00\",\"dateModified\":\"2021-08-02T08:52:31+00:00\",\"breadcrumb\":{\"@id\":\"http:\\\/\\\/www.unisera.com\\\/es\\\/kuresel-vanalar\\\/#breadcrumb\"},\"inLanguage\":\"es\",\"potentialAction\":[{\"@type\":\"ReadAction\",\"target\":[\"http:\\\/\\\/www.unisera.com\\\/es\\\/kuresel-vanalar\\\/\"]}]},{\"@type\":\"BreadcrumbList\",\"@id\":\"http:\\\/\\\/www.unisera.com\\\/es\\\/kuresel-vanalar\\\/#breadcrumb\",\"itemListElement\":[{\"@type\":\"ListItem\",\"position\":1,\"name\":\"Home\",\"item\":\"https:\\\/\\\/www.unisera.com\\\/es\\\/\"},{\"@type\":\"ListItem\",\"position\":2,\"name\":\"K\u00fcresel Vanalar\"}]},{\"@type\":\"WebSite\",\"@id\":\"http:\\\/\\\/www.unisera.com\\\/#website\",\"url\":\"http:\\\/\\\/www.unisera.com\\\/\",\"name\":\"Unisera Damla Sulama Sistemleri A.\u015e. - PP Compression Fittings\",\"description\":\"Temiz Su Ek Par\u00e7alar\u0131\",\"publisher\":{\"@id\":\"http:\\\/\\\/www.unisera.com\\\/#organization\"},\"potentialAction\":[{\"@type\":\"SearchAction\",\"target\":{\"@type\":\"EntryPoint\",\"urlTemplate\":\"http:\\\/\\\/www.unisera.com\\\/?s={search_term_string}\"},\"query-input\":{\"@type\":\"PropertyValueSpecification\",\"valueRequired\":true,\"valueName\":\"search_term_string\"}}],\"inLanguage\":\"es\"},{\"@type\":\"Organization\",\"@id\":\"http:\\\/\\\/www.unisera.com\\\/#organization\",\"name\":\"unisera damla sulama sistemleri a.\u015f\",\"url\":\"http:\\\/\\\/www.unisera.com\\\/\",\"logo\":{\"@type\":\"ImageObject\",\"inLanguage\":\"es\",\"@id\":\"http:\\\/\\\/www.unisera.com\\\/#\\\/schema\\\/logo\\\/image\\\/\",\"url\":\"http:\\\/\\\/www.unisera.com\\\/wp-content\\\/uploads\\\/2021\\\/06\\\/unisera_logo-revize-5-e1664807349517.png\",\"contentUrl\":\"http:\\\/\\\/www.unisera.com\\\/wp-content\\\/uploads\\\/2021\\\/06\\\/unisera_logo-revize-5-e1664807349517.png\",\"width\":200,\"height\":83,\"caption\":\"unisera damla sulama sistemleri a.\u015f\"},\"image\":{\"@id\":\"http:\\\/\\\/www.unisera.com\\\/#\\\/schema\\\/logo\\\/image\\\/\"}}]}<\/script>\n<!-- \/ Yoast SEO Premium plugin. -->","yoast_head_json":{"title":"K\u00fcresel Vanalar - Unisera Damla Sulama Sistemleri A.\u015e. - PP Compression Fittings","robots":{"index":"index","follow":"follow","max-snippet":"max-snippet:-1","max-image-preview":"max-image-preview:large","max-video-preview":"max-video-preview:-1"},"canonical":"http:\/\/www.unisera.com\/es\/kuresel-vanalar\/","og_locale":"es_ES","og_type":"article","og_title":"K\u00fcresel Vanalar","og_description":"[vc_row][vc_column width=\u00bb1\/4&#8243;][vc_column_text][\/vc_column_text][\/vc_column][vc_column width=\u00bb3\/4&#8243;][vc_row_inner][vc_column_inner width=\u00bb1\/3&#8243;][vc_single_image image=\u00bb2541&#8243; onclick=\u00bbcustom_link\u00bb link=\u00bbhttp:\/\/www.unisera.com\/pp-gecme-kaplin-ic-dis-vana\/\u00bb][vc_custom_heading text=\u00bbPP Ge\u00e7me Kaplin \u0130\u00e7 Di\u015f Vana\u00bb font_container=\u00bbtag:h3|text_align:left\u00bb link=\u00bburl:http%3A%2F%2Fwww.unisera.com%2Fpp-gecme-kaplin-ic-dis-vana%2F|title:PP%20Ge%C3%A7me%20Kaplin%20%C4%B0%C3%A7%20Di%C5%9F%20Vana\u00bb][\/vc_column_inner][vc_column_inner width=\u00bb1\/3&#8243;][vc_single_image image=\u00bb2236&#8243; onclick=\u00bbcustom_link\u00bb link=\u00bbhttp:\/\/www.unisera.com\/pp-kaplin-cikisli-kuresel-vana\/\u00bb][vc_custom_heading text=\u00bbPP Kaplin \u00c7\u0131k\u0131\u015fl\u0131 K\u00fcresel Vana\u00bb font_container=\u00bbtag:h3|text_align:left\u00bb link=\u00bburl:http%3A%2F%2Fwww.unisera.com%2Fpp-kaplin-cikisli-kuresel-vana%2F|title:PP%20Kaplin%20%C3%87%C4%B1k%C4%B1%C5%9Fl%C4%B1%20K%C3%BCresel%20Vana\u00bb][\/vc_column_inner][vc_column_inner width=\u00bb1\/3&#8243;][vc_single_image image=\u00bb3005&#8243; onclick=\u00bbcustom_link\u00bb link=\u00bbhttp:\/\/www.unisera.com\/pp-gecme-kaplin-dis-dis-vana\/\u00bb][vc_custom_heading text=\u00bbPP Ge\u00e7me Kaplin D\u0131\u015f Di\u015f Vana\u00bb font_container=\u00bbtag:h3|text_align:left\u00bb link=\u00bburl:http%3A%2F%2Fwww.unisera.com%2Fpp-gecme-kaplin-dis-dis-vana%2F|title:PP%20Ge%C3%A7me%20Kaplin%20D%C4%B1%C5%9F%20Di%C5%9F%20Vana\u00bb][\/vc_column_inner][\/vc_row_inner][vc_separator][vc_row_inner][vc_column_inner width=\u00bb1\/3&#8243;][vc_single_image image=\u00bb3016&#8243; onclick=\u00bbcustom_link\u00bb link=\u00bbhttp:\/\/www.unisera.com\/pp-plastik-kureli-ic-dis-kuresel-vana\/\u00bb][vc_custom_heading text=\u00bbPP Plastik K\u00fcreli \u0130\u00e7 Di\u015f K\u00fcresel Vana\u00bb font_container=\u00bbtag:h3|text_align:left\u00bb link=\u00bburl:http%3A%2F%2Fwww.unisera.com%2Fpp-plastik-kureli-ic-dis-kuresel-vana%2F|title:PP%20Plastik%20K%C3%BCreli%20%C4%B0%C3%A7%20Di%C5%9F%20K%C3%BCresel%20Vana\u00bb][\/vc_column_inner][vc_column_inner width=\u00bb1\/3&#8243;][vc_single_image image=\u00bb3026&#8243; onclick=\u00bbcustom_link\u00bb link=\u00bbhttp:\/\/www.unisera.com\/pp-plastik-kureli-ic-dis-dis-dis-kuresel-vana\/\u00bb][vc_custom_heading [&hellip;]","og_url":"http:\/\/www.unisera.com\/es\/kuresel-vanalar\/","og_site_name":"Unisera Damla Sulama Sistemleri A.\u015e. - PP Compression Fittings","article_modified_time":"2021-08-02T08:52:31+00:00","twitter_card":"summary_large_image","twitter_misc":{"Tiempo de lectura":"3 minutos"},"schema":{"@context":"https:\/\/schema.org","@graph":[{"@type":"WebPage","@id":"http:\/\/www.unisera.com\/es\/kuresel-vanalar\/","url":"http:\/\/www.unisera.com\/es\/kuresel-vanalar\/","name":"K\u00fcresel Vanalar - Unisera Damla Sulama Sistemleri A.\u015e. - PP Compression Fittings","isPartOf":{"@id":"http:\/\/www.unisera.com\/#website"},"datePublished":"2021-06-14T13:17:12+00:00","dateModified":"2021-08-02T08:52:31+00:00","breadcrumb":{"@id":"http:\/\/www.unisera.com\/es\/kuresel-vanalar\/#breadcrumb"},"inLanguage":"es","potentialAction":[{"@type":"ReadAction","target":["http:\/\/www.unisera.com\/es\/kuresel-vanalar\/"]}]},{"@type":"BreadcrumbList","@id":"http:\/\/www.unisera.com\/es\/kuresel-vanalar\/#breadcrumb","itemListElement":[{"@type":"ListItem","position":1,"name":"Home","item":"https:\/\/www.unisera.com\/es\/"},{"@type":"ListItem","position":2,"name":"K\u00fcresel Vanalar"}]},{"@type":"WebSite","@id":"http:\/\/www.unisera.com\/#website","url":"http:\/\/www.unisera.com\/","name":"Unisera Damla Sulama Sistemleri A.\u015e. - PP Compression Fittings","description":"Temiz Su Ek Par\u00e7alar\u0131","publisher":{"@id":"http:\/\/www.unisera.com\/#organization"},"potentialAction":[{"@type":"SearchAction","target":{"@type":"EntryPoint","urlTemplate":"http:\/\/www.unisera.com\/?s={search_term_string}"},"query-input":{"@type":"PropertyValueSpecification","valueRequired":true,"valueName":"search_term_string"}}],"inLanguage":"es"},{"@type":"Organization","@id":"http:\/\/www.unisera.com\/#organization","name":"unisera damla sulama sistemleri a.\u015f","url":"http:\/\/www.unisera.com\/","logo":{"@type":"ImageObject","inLanguage":"es","@id":"http:\/\/www.unisera.com\/#\/schema\/logo\/image\/","url":"http:\/\/www.unisera.com\/wp-content\/uploads\/2021\/06\/unisera_logo-revize-5-e1664807349517.png","contentUrl":"http:\/\/www.unisera.com\/wp-content\/uploads\/2021\/06\/unisera_logo-revize-5-e1664807349517.png","width":200,"height":83,"caption":"unisera damla sulama sistemleri a.\u015f"},"image":{"@id":"http:\/\/www.unisera.com\/#\/schema\/logo\/image\/"}}]}},"_links":{"self":[{"href":"http:\/\/www.unisera.com\/es\/wp-json\/wp\/v2\/pages\/4576","targetHints":{"allow":["GET"]}}],"collection":[{"href":"http:\/\/www.unisera.com\/es\/wp-json\/wp\/v2\/pages"}],"about":[{"href":"http:\/\/www.unisera.com\/es\/wp-json\/wp\/v2\/types\/page"}],"author":[{"embeddable":true,"href":"http:\/\/www.unisera.com\/es\/wp-json\/wp\/v2\/users\/1"}],"replies":[{"embeddable":true,"href":"http:\/\/www.unisera.com\/es\/wp-json\/wp\/v2\/comments?post=4576"}],"version-history":[{"count":1,"href":"http:\/\/www.unisera.com\/es\/wp-json\/wp\/v2\/pages\/4576\/revisions"}],"predecessor-version":[{"id":4578,"href":"http:\/\/www.unisera.com\/es\/wp-json\/wp\/v2\/pages\/4576\/revisions\/4578"}],"wp:attachment":[{"href":"http:\/\/www.unisera.com\/es\/wp-json\/wp\/v2\/media?parent=4576"}],"curies":[{"name":"wp","href":"https:\/\/api.w.org\/{rel}","templated":true}]}}