{"id":3880,"date":"2021-06-14T16:22:12","date_gmt":"2021-06-14T13:22:12","guid":{"rendered":"http:\/\/www.unisera.com\/yardimci-ek-parcalar\/"},"modified":"2021-07-29T09:04:45","modified_gmt":"2021-07-29T06:04:45","slug":"yardimci-ek-parcalar","status":"publish","type":"page","link":"http:\/\/www.unisera.com\/es\/yardimci-ek-parcalar\/","title":{"rendered":"Yard\u0131mc\u0131 Ek Par\u00e7alar"},"content":{"rendered":"<div class=\"wpb-content-wrapper\"><p>[vc_row][vc_column][vc_row_inner][vc_column_inner width=\u00bb1\/3&#8243;][vc_single_image image=\u00bb3867&#8243; img_size=\u00bbmedium\u00bb onclick=\u00bbcustom_link\u00bb link=\u00bbhttp:\/\/www.unisera.com\/celik-adaptor-sikma-aparati\/\u00bb][vc_custom_heading text=\u00bb\u00c7elik Adapt\u00f6r S\u0131kma Aparat\u0131\u00bb font_container=\u00bbtag:h3|text_align:left\u00bb google_fonts=\u00bbfont_family:Open%20Sans%3A300%2C300italic%2Cregular%2Citalic%2C600%2C600italic%2C700%2C700italic%2C800%2C800italic|font_style:600%20bold%20regular%3A600%3Anormal\u00bb link=\u00bburl:http%3A%2F%2Fwww.unisera.com%2Fcelik-adaptor-sikma-aparati%2F|title:%C3%87elik%20Adapt%C3%B6r%20S%C4%B1kma%20Aparat%C4%B1&#8243;][\/vc_column_inner][vc_column_inner width=\u00bb1\/3&#8243;][vc_single_image image=\u00bb3942&#8243; img_size=\u00bbmedium\u00bb onclick=\u00bbcustom_link\u00bb link=\u00bbhttp:\/\/www.unisera.com\/aluminyum-adaptor-sikma-aparati\/\u00bb][vc_custom_heading text=\u00bbAl\u00fcminyum Adapt\u00f6r S\u0131kma Aparat\u0131\u00bb font_container=\u00bbtag:h3|text_align:left\u00bb google_fonts=\u00bbfont_family:Open%20Sans%3A300%2C300italic%2Cregular%2Citalic%2C600%2C600italic%2C700%2C700italic%2C800%2C800italic|font_style:600%20bold%20regular%3A600%3Anormal\u00bb link=\u00bburl:http%3A%2F%2Fwww.unisera.com%2Faluminyum-adaptor-sikma-aparati%2F|title:Al%C3%BCminyum%20Adapt%C3%B6r%20S%C4%B1kma%20Aparat%C4%B1&#8243;][\/vc_column_inner][vc_column_inner width=\u00bb1\/3&#8243;][vc_single_image image=\u00bb3925&#8243; img_size=\u00bbmedium\u00bb onclick=\u00bbcustom_link\u00bb link=\u00bbhttp:\/\/www.unisera.com\/plastik-adaptor-sikma-aparati\/\u00bb][vc_custom_heading text=\u00bbPlastik Adapt\u00f6r S\u0131kma Aparat\u0131\u00bb font_container=\u00bbtag:h3|text_align:left\u00bb google_fonts=\u00bbfont_family:Open%20Sans%3A300%2C300italic%2Cregular%2Citalic%2C600%2C600italic%2C700%2C700italic%2C800%2C800italic|font_style:600%20bold%20regular%3A600%3Anormal\u00bb link=\u00bburl:http%3A%2F%2Fwww.unisera.com%2Fplastik-adaptor-sikma-aparati%2F|title:Plastik%20Adapt%C3%B6r%20S%C4%B1kma%20Aparat%C4%B1&#8243;][\/vc_column_inner][\/vc_row_inner][vc_separator color=\u00bbgreen\u00bb][vc_row_inner][vc_column_inner width=\u00bb1\/3&#8243;][vc_single_image image=\u00bb3955&#8243; img_size=\u00bbmedium\u00bb onclick=\u00bbcustom_link\u00bb link=\u00bbhttp:\/\/www.unisera.com\/teflon-bant\/\u00bb][vc_custom_heading text=\u00bbTeflon Bant\u00bb font_container=\u00bbtag:h3|text_align:left\u00bb google_fonts=\u00bbfont_family:Open%20Sans%3A300%2C300italic%2Cregular%2Citalic%2C600%2C600italic%2C700%2C700italic%2C800%2C800italic|font_style:600%20bold%20regular%3A600%3Anormal\u00bb link=\u00bburl:http%3A%2F%2Fwww.unisera.com%2Fteflon-bant%2F|title:Teflon%20Bant\u00bb][\/vc_column_inner][vc_column_inner width=\u00bb1\/3&#8243;][vc_single_image image=\u00bb2431&#8243; img_size=\u00bbmedium\u00bb onclick=\u00bbcustom_link\u00bb link=\u00bbhttp:\/\/www.unisera.com\/boru-ucu-duzeltme-aparati\/\u00bb][vc_custom_heading text=\u00bbBoru Ucu D\u00fczeltme Aparat\u0131\u00bb font_container=\u00bbtag:h3|text_align:left\u00bb google_fonts=\u00bbfont_family:Open%20Sans%3A300%2C300italic%2Cregular%2Citalic%2C600%2C600italic%2C700%2C700italic%2C800%2C800italic|font_style:600%20bold%20regular%3A600%3Anormal\u00bb link=\u00bburl:http%3A%2F%2Fwww.unisera.com%2Fboru-ucu-duzeltme-aparati%2F|title:Boru%20Ucu%20D%C3%BCzeltme%20Aparat%C4%B1&#8243;][\/vc_column_inner][vc_column_inner width=\u00bb1\/3&#8243;][vc_single_image image=\u00bb2275&#8243; img_size=\u00bbmedium\u00bb onclick=\u00bbcustom_link\u00bb link=\u00bbhttp:\/\/www.unisera.com\/vana-kutusu\/\u00bb][vc_custom_heading text=\u00bbVana Kutusu\u00bb font_container=\u00bbtag:h3|text_align:left\u00bb google_fonts=\u00bbfont_family:Open%20Sans%3A300%2C300italic%2Cregular%2Citalic%2C600%2C600italic%2C700%2C700italic%2C800%2C800italic|font_style:600%20bold%20regular%3A600%3Anormal\u00bb link=\u00bburl:http%3A%2F%2Fwww.unisera.com%2Fvana-kutusu%2F|title:Vana%20Kutusu\u00bb][\/vc_column_inner][\/vc_row_inner][vc_separator color=\u00bbgreen\u00bb][vc_row_inner][vc_column_inner width=\u00bb1\/3&#8243;][vc_single_image image=\u00bb3968&#8243; img_size=\u00bbmedium\u00bb onclick=\u00bbcustom_link\u00bb link=\u00bbhttp:\/\/www.unisera.com\/tesisat-keteni\/\u00bb][vc_custom_heading text=\u00bbTesisat Keteni\u00bb font_container=\u00bbtag:h3|text_align:left\u00bb google_fonts=\u00bbfont_family:Open%20Sans%3A300%2C300italic%2Cregular%2Citalic%2C600%2C600italic%2C700%2C700italic%2C800%2C800italic|font_style:600%20bold%20regular%3A600%3Anormal\u00bb link=\u00bburl:http%3A%2F%2Fwww.unisera.com%2Ftesisat-keteni%2F|title:Tesisat%20Keteni\u00bb][\/vc_column_inner][vc_column_inner width=\u00bb1\/3&#8243;][vc_single_image image=\u00bb3981&#8243; img_size=\u00bbmedium\u00bb onclick=\u00bbcustom_link\u00bb link=\u00bbhttp:\/\/www.unisera.com\/strafor-dubeli\/\u00bb][vc_custom_heading text=\u00bbStrafor D\u00fcbeli\u00bb font_container=\u00bbtag:h3|text_align:left\u00bb google_fonts=\u00bbfont_family:Open%20Sans%3A300%2C300italic%2Cregular%2Citalic%2C600%2C600italic%2C700%2C700italic%2C800%2C800italic|font_style:600%20bold%20regular%3A600%3Anormal\u00bb link=\u00bburl:http%3A%2F%2Fwww.unisera.com%2Fstrafor-dubeli%2F|title:Strafor%20D%C3%BCbeli\u00bb][\/vc_column_inner][vc_column_inner width=\u00bb1\/3&#8243;][vc_single_image image=\u00bb3994&#8243; img_size=\u00bbmedium\u00bb onclick=\u00bbcustom_link\u00bb link=\u00bbhttp:\/\/www.unisera.com\/metal-strafor-dubeli\/\u00bb][vc_custom_heading text=\u00bbMetal Strafor D\u00fcbeli\u00bb font_container=\u00bbtag:h3|text_align:left\u00bb google_fonts=\u00bbfont_family:Open%20Sans%3A300%2C300italic%2Cregular%2Citalic%2C600%2C600italic%2C700%2C700italic%2C800%2C800italic|font_style:600%20bold%20regular%3A600%3Anormal\u00bb link=\u00bburl:http%3A%2F%2Fwww.unisera.com%2Fmetal-strafor-dubeli%2F|title:Metal%20Strafor%20D%C3%BCbeli\u00bb][\/vc_column_inner][\/vc_row_inner][vc_separator color=\u00bbgreen\u00bb][\/vc_column][\/vc_row][vc_row][vc_column][vc_column_text][\/vc_column_text][\/vc_column][\/vc_row]<\/p>\n<\/div>","protected":false},"excerpt":{"rendered":"<p>[vc_row][vc_column][vc_row_inner][vc_column_inner width=\u00bb1\/3&#8243;][vc_single_image image=\u00bb3867&#8243; img_size=\u00bbmedium\u00bb onclick=\u00bbcustom_link\u00bb link=\u00bbhttp:\/\/www.unisera.com\/celik-adaptor-sikma-aparati\/\u00bb][vc_custom_heading text=\u00bb\u00c7elik Adapt\u00f6r S\u0131kma Aparat\u0131\u00bb font_container=\u00bbtag:h3|text_align:left\u00bb google_fonts=\u00bbfont_family:Open%20Sans%3A300%2C300italic%2Cregular%2Citalic%2C600%2C600italic%2C700%2C700italic%2C800%2C800italic|font_style:600%20bold%20regular%3A600%3Anormal\u00bb link=\u00bburl:http%3A%2F%2Fwww.unisera.com%2Fcelik-adaptor-sikma-aparati%2F|title:%C3%87elik%20Adapt%C3%B6r%20S%C4%B1kma%20Aparat%C4%B1&#8243;][\/vc_column_inner][vc_column_inner width=\u00bb1\/3&#8243;][vc_single_image image=\u00bb3942&#8243; img_size=\u00bbmedium\u00bb onclick=\u00bbcustom_link\u00bb link=\u00bbhttp:\/\/www.unisera.com\/aluminyum-adaptor-sikma-aparati\/\u00bb][vc_custom_heading text=\u00bbAl\u00fcminyum Adapt\u00f6r S\u0131kma Aparat\u0131\u00bb font_container=\u00bbtag:h3|text_align:left\u00bb google_fonts=\u00bbfont_family:Open%20Sans%3A300%2C300italic%2Cregular%2Citalic%2C600%2C600italic%2C700%2C700italic%2C800%2C800italic|font_style:600%20bold%20regular%3A600%3Anormal\u00bb link=\u00bburl:http%3A%2F%2Fwww.unisera.com%2Faluminyum-adaptor-sikma-aparati%2F|title:Al%C3%BCminyum%20Adapt%C3%B6r%20S%C4%B1kma%20Aparat%C4%B1&#8243;][\/vc_column_inner][vc_column_inner width=\u00bb1\/3&#8243;][vc_single_image image=\u00bb3925&#8243; img_size=\u00bbmedium\u00bb onclick=\u00bbcustom_link\u00bb link=\u00bbhttp:\/\/www.unisera.com\/plastik-adaptor-sikma-aparati\/\u00bb][vc_custom_heading text=\u00bbPlastik Adapt\u00f6r S\u0131kma Aparat\u0131\u00bb font_container=\u00bbtag:h3|text_align:left\u00bb google_fonts=\u00bbfont_family:Open%20Sans%3A300%2C300italic%2Cregular%2Citalic%2C600%2C600italic%2C700%2C700italic%2C800%2C800italic|font_style:600%20bold%20regular%3A600%3Anormal\u00bb link=\u00bburl:http%3A%2F%2Fwww.unisera.com%2Fplastik-adaptor-sikma-aparati%2F|title:Plastik%20Adapt%C3%B6r%20S%C4%B1kma%20Aparat%C4%B1&#8243;][\/vc_column_inner][\/vc_row_inner][vc_separator color=\u00bbgreen\u00bb][vc_row_inner][vc_column_inner width=\u00bb1\/3&#8243;][vc_single_image image=\u00bb3955&#8243; img_size=\u00bbmedium\u00bb onclick=\u00bbcustom_link\u00bb link=\u00bbhttp:\/\/www.unisera.com\/teflon-bant\/\u00bb][vc_custom_heading text=\u00bbTeflon Bant\u00bb font_container=\u00bbtag:h3|text_align:left\u00bb google_fonts=\u00bbfont_family:Open%20Sans%3A300%2C300italic%2Cregular%2Citalic%2C600%2C600italic%2C700%2C700italic%2C800%2C800italic|font_style:600%20bold%20regular%3A600%3Anormal\u00bb link=\u00bburl:http%3A%2F%2Fwww.unisera.com%2Fteflon-bant%2F|title:Teflon%20Bant\u00bb][\/vc_column_inner][vc_column_inner width=\u00bb1\/3&#8243;][vc_single_image image=\u00bb2431&#8243; img_size=\u00bbmedium\u00bb onclick=\u00bbcustom_link\u00bb link=\u00bbhttp:\/\/www.unisera.com\/boru-ucu-duzeltme-aparati\/\u00bb][vc_custom_heading text=\u00bbBoru Ucu [&hellip;]<\/p>\n","protected":false},"author":1,"featured_media":0,"parent":0,"menu_order":0,"comment_status":"closed","ping_status":"closed","template":"","meta":{"_joinchat":[],"footnotes":""},"class_list":["post-3880","page","type-page","status-publish","hentry"],"yoast_head":"<!-- This site is optimized with the Yoast SEO Premium plugin v24.7 (Yoast SEO v27.3) - https:\/\/yoast.com\/product\/yoast-seo-premium-wordpress\/ -->\n<title>Yard\u0131mc\u0131 Ek Par\u00e7alar - Unisera Damla Sulama Sistemleri A.\u015e. - PP Compression Fittings<\/title>\n<meta name=\"robots\" content=\"index, follow, max-snippet:-1, max-image-preview:large, max-video-preview:-1\" \/>\n<link rel=\"canonical\" href=\"https:\/\/www.unisera.com\/es\/yardimci-ek-parcalar\/\" \/>\n<meta property=\"og:locale\" content=\"es_ES\" \/>\n<meta property=\"og:type\" content=\"article\" \/>\n<meta property=\"og:title\" content=\"Yard\u0131mc\u0131 Ek Par\u00e7alar\" \/>\n<meta property=\"og:description\" content=\"[vc_row][vc_column][vc_row_inner][vc_column_inner width=\u00bb1\/3&#8243;][vc_single_image image=\u00bb3867&#8243; img_size=\u00bbmedium\u00bb onclick=\u00bbcustom_link\u00bb link=\u00bbhttp:\/\/www.unisera.com\/celik-adaptor-sikma-aparati\/\u00bb][vc_custom_heading text=\u00bb\u00c7elik Adapt\u00f6r S\u0131kma Aparat\u0131\u00bb font_container=\u00bbtag:h3|text_align:left\u00bb google_fonts=\u00bbfont_family:Open%20Sans%3A300%2C300italic%2Cregular%2Citalic%2C600%2C600italic%2C700%2C700italic%2C800%2C800italic|font_style:600%20bold%20regular%3A600%3Anormal\u00bb link=\u00bburl:http%3A%2F%2Fwww.unisera.com%2Fcelik-adaptor-sikma-aparati%2F|title:%C3%87elik%20Adapt%C3%B6r%20S%C4%B1kma%20Aparat%C4%B1&#8243;][\/vc_column_inner][vc_column_inner width=\u00bb1\/3&#8243;][vc_single_image image=\u00bb3942&#8243; img_size=\u00bbmedium\u00bb onclick=\u00bbcustom_link\u00bb link=\u00bbhttp:\/\/www.unisera.com\/aluminyum-adaptor-sikma-aparati\/\u00bb][vc_custom_heading text=\u00bbAl\u00fcminyum Adapt\u00f6r S\u0131kma Aparat\u0131\u00bb font_container=\u00bbtag:h3|text_align:left\u00bb google_fonts=\u00bbfont_family:Open%20Sans%3A300%2C300italic%2Cregular%2Citalic%2C600%2C600italic%2C700%2C700italic%2C800%2C800italic|font_style:600%20bold%20regular%3A600%3Anormal\u00bb link=\u00bburl:http%3A%2F%2Fwww.unisera.com%2Faluminyum-adaptor-sikma-aparati%2F|title:Al%C3%BCminyum%20Adapt%C3%B6r%20S%C4%B1kma%20Aparat%C4%B1&#8243;][\/vc_column_inner][vc_column_inner width=\u00bb1\/3&#8243;][vc_single_image image=\u00bb3925&#8243; img_size=\u00bbmedium\u00bb onclick=\u00bbcustom_link\u00bb link=\u00bbhttp:\/\/www.unisera.com\/plastik-adaptor-sikma-aparati\/\u00bb][vc_custom_heading text=\u00bbPlastik Adapt\u00f6r S\u0131kma Aparat\u0131\u00bb font_container=\u00bbtag:h3|text_align:left\u00bb google_fonts=\u00bbfont_family:Open%20Sans%3A300%2C300italic%2Cregular%2Citalic%2C600%2C600italic%2C700%2C700italic%2C800%2C800italic|font_style:600%20bold%20regular%3A600%3Anormal\u00bb link=\u00bburl:http%3A%2F%2Fwww.unisera.com%2Fplastik-adaptor-sikma-aparati%2F|title:Plastik%20Adapt%C3%B6r%20S%C4%B1kma%20Aparat%C4%B1&#8243;][\/vc_column_inner][\/vc_row_inner][vc_separator color=\u00bbgreen\u00bb][vc_row_inner][vc_column_inner width=\u00bb1\/3&#8243;][vc_single_image image=\u00bb3955&#8243; img_size=\u00bbmedium\u00bb onclick=\u00bbcustom_link\u00bb link=\u00bbhttp:\/\/www.unisera.com\/teflon-bant\/\u00bb][vc_custom_heading text=\u00bbTeflon Bant\u00bb font_container=\u00bbtag:h3|text_align:left\u00bb google_fonts=\u00bbfont_family:Open%20Sans%3A300%2C300italic%2Cregular%2Citalic%2C600%2C600italic%2C700%2C700italic%2C800%2C800italic|font_style:600%20bold%20regular%3A600%3Anormal\u00bb link=\u00bburl:http%3A%2F%2Fwww.unisera.com%2Fteflon-bant%2F|title:Teflon%20Bant\u00bb][\/vc_column_inner][vc_column_inner width=\u00bb1\/3&#8243;][vc_single_image image=\u00bb2431&#8243; img_size=\u00bbmedium\u00bb onclick=\u00bbcustom_link\u00bb link=\u00bbhttp:\/\/www.unisera.com\/boru-ucu-duzeltme-aparati\/\u00bb][vc_custom_heading text=\u00bbBoru Ucu [&hellip;]\" \/>\n<meta property=\"og:url\" content=\"https:\/\/www.unisera.com\/es\/yardimci-ek-parcalar\/\" \/>\n<meta property=\"og:site_name\" content=\"Unisera Damla Sulama Sistemleri A.\u015e. - PP Compression Fittings\" \/>\n<meta property=\"article:modified_time\" content=\"2021-07-29T06:04:45+00:00\" \/>\n<meta name=\"twitter:card\" content=\"summary_large_image\" \/>\n<meta name=\"twitter:label1\" content=\"Tiempo de lectura\" \/>\n\t<meta name=\"twitter:data1\" content=\"4 minutos\" \/>\n<script type=\"application\/ld+json\" class=\"yoast-schema-graph\">{\"@context\":\"https:\\\/\\\/schema.org\",\"@graph\":[{\"@type\":\"WebPage\",\"@id\":\"https:\\\/\\\/www.unisera.com\\\/es\\\/yardimci-ek-parcalar\\\/\",\"url\":\"https:\\\/\\\/www.unisera.com\\\/es\\\/yardimci-ek-parcalar\\\/\",\"name\":\"Yard\u0131mc\u0131 Ek Par\u00e7alar - Unisera Damla Sulama Sistemleri A.\u015e. - PP Compression Fittings\",\"isPartOf\":{\"@id\":\"http:\\\/\\\/www.unisera.com\\\/#website\"},\"datePublished\":\"2021-06-14T13:22:12+00:00\",\"dateModified\":\"2021-07-29T06:04:45+00:00\",\"breadcrumb\":{\"@id\":\"https:\\\/\\\/www.unisera.com\\\/es\\\/yardimci-ek-parcalar\\\/#breadcrumb\"},\"inLanguage\":\"es\",\"potentialAction\":[{\"@type\":\"ReadAction\",\"target\":[\"https:\\\/\\\/www.unisera.com\\\/es\\\/yardimci-ek-parcalar\\\/\"]}]},{\"@type\":\"BreadcrumbList\",\"@id\":\"https:\\\/\\\/www.unisera.com\\\/es\\\/yardimci-ek-parcalar\\\/#breadcrumb\",\"itemListElement\":[{\"@type\":\"ListItem\",\"position\":1,\"name\":\"Home\",\"item\":\"https:\\\/\\\/www.unisera.com\\\/es\\\/\"},{\"@type\":\"ListItem\",\"position\":2,\"name\":\"Yard\u0131mc\u0131 Ek Par\u00e7alar\"}]},{\"@type\":\"WebSite\",\"@id\":\"http:\\\/\\\/www.unisera.com\\\/#website\",\"url\":\"http:\\\/\\\/www.unisera.com\\\/\",\"name\":\"Unisera Damla Sulama Sistemleri A.\u015e. - PP Compression Fittings\",\"description\":\"Temiz Su Ek Par\u00e7alar\u0131\",\"publisher\":{\"@id\":\"http:\\\/\\\/www.unisera.com\\\/#organization\"},\"potentialAction\":[{\"@type\":\"SearchAction\",\"target\":{\"@type\":\"EntryPoint\",\"urlTemplate\":\"http:\\\/\\\/www.unisera.com\\\/?s={search_term_string}\"},\"query-input\":{\"@type\":\"PropertyValueSpecification\",\"valueRequired\":true,\"valueName\":\"search_term_string\"}}],\"inLanguage\":\"es\"},{\"@type\":\"Organization\",\"@id\":\"http:\\\/\\\/www.unisera.com\\\/#organization\",\"name\":\"unisera damla sulama sistemleri a.\u015f\",\"url\":\"http:\\\/\\\/www.unisera.com\\\/\",\"logo\":{\"@type\":\"ImageObject\",\"inLanguage\":\"es\",\"@id\":\"http:\\\/\\\/www.unisera.com\\\/#\\\/schema\\\/logo\\\/image\\\/\",\"url\":\"http:\\\/\\\/www.unisera.com\\\/wp-content\\\/uploads\\\/2021\\\/06\\\/unisera_logo-revize-5-e1664807349517.png\",\"contentUrl\":\"http:\\\/\\\/www.unisera.com\\\/wp-content\\\/uploads\\\/2021\\\/06\\\/unisera_logo-revize-5-e1664807349517.png\",\"width\":200,\"height\":83,\"caption\":\"unisera damla sulama sistemleri a.\u015f\"},\"image\":{\"@id\":\"http:\\\/\\\/www.unisera.com\\\/#\\\/schema\\\/logo\\\/image\\\/\"}}]}<\/script>\n<!-- \/ Yoast SEO Premium plugin. -->","yoast_head_json":{"title":"Yard\u0131mc\u0131 Ek Par\u00e7alar - Unisera Damla Sulama Sistemleri A.\u015e. - PP Compression Fittings","robots":{"index":"index","follow":"follow","max-snippet":"max-snippet:-1","max-image-preview":"max-image-preview:large","max-video-preview":"max-video-preview:-1"},"canonical":"https:\/\/www.unisera.com\/es\/yardimci-ek-parcalar\/","og_locale":"es_ES","og_type":"article","og_title":"Yard\u0131mc\u0131 Ek Par\u00e7alar","og_description":"[vc_row][vc_column][vc_row_inner][vc_column_inner width=\u00bb1\/3&#8243;][vc_single_image image=\u00bb3867&#8243; img_size=\u00bbmedium\u00bb onclick=\u00bbcustom_link\u00bb link=\u00bbhttp:\/\/www.unisera.com\/celik-adaptor-sikma-aparati\/\u00bb][vc_custom_heading text=\u00bb\u00c7elik Adapt\u00f6r S\u0131kma Aparat\u0131\u00bb font_container=\u00bbtag:h3|text_align:left\u00bb google_fonts=\u00bbfont_family:Open%20Sans%3A300%2C300italic%2Cregular%2Citalic%2C600%2C600italic%2C700%2C700italic%2C800%2C800italic|font_style:600%20bold%20regular%3A600%3Anormal\u00bb link=\u00bburl:http%3A%2F%2Fwww.unisera.com%2Fcelik-adaptor-sikma-aparati%2F|title:%C3%87elik%20Adapt%C3%B6r%20S%C4%B1kma%20Aparat%C4%B1&#8243;][\/vc_column_inner][vc_column_inner width=\u00bb1\/3&#8243;][vc_single_image image=\u00bb3942&#8243; img_size=\u00bbmedium\u00bb onclick=\u00bbcustom_link\u00bb link=\u00bbhttp:\/\/www.unisera.com\/aluminyum-adaptor-sikma-aparati\/\u00bb][vc_custom_heading text=\u00bbAl\u00fcminyum Adapt\u00f6r S\u0131kma Aparat\u0131\u00bb font_container=\u00bbtag:h3|text_align:left\u00bb google_fonts=\u00bbfont_family:Open%20Sans%3A300%2C300italic%2Cregular%2Citalic%2C600%2C600italic%2C700%2C700italic%2C800%2C800italic|font_style:600%20bold%20regular%3A600%3Anormal\u00bb link=\u00bburl:http%3A%2F%2Fwww.unisera.com%2Faluminyum-adaptor-sikma-aparati%2F|title:Al%C3%BCminyum%20Adapt%C3%B6r%20S%C4%B1kma%20Aparat%C4%B1&#8243;][\/vc_column_inner][vc_column_inner width=\u00bb1\/3&#8243;][vc_single_image image=\u00bb3925&#8243; img_size=\u00bbmedium\u00bb onclick=\u00bbcustom_link\u00bb link=\u00bbhttp:\/\/www.unisera.com\/plastik-adaptor-sikma-aparati\/\u00bb][vc_custom_heading text=\u00bbPlastik Adapt\u00f6r S\u0131kma Aparat\u0131\u00bb font_container=\u00bbtag:h3|text_align:left\u00bb google_fonts=\u00bbfont_family:Open%20Sans%3A300%2C300italic%2Cregular%2Citalic%2C600%2C600italic%2C700%2C700italic%2C800%2C800italic|font_style:600%20bold%20regular%3A600%3Anormal\u00bb link=\u00bburl:http%3A%2F%2Fwww.unisera.com%2Fplastik-adaptor-sikma-aparati%2F|title:Plastik%20Adapt%C3%B6r%20S%C4%B1kma%20Aparat%C4%B1&#8243;][\/vc_column_inner][\/vc_row_inner][vc_separator color=\u00bbgreen\u00bb][vc_row_inner][vc_column_inner width=\u00bb1\/3&#8243;][vc_single_image image=\u00bb3955&#8243; img_size=\u00bbmedium\u00bb onclick=\u00bbcustom_link\u00bb link=\u00bbhttp:\/\/www.unisera.com\/teflon-bant\/\u00bb][vc_custom_heading text=\u00bbTeflon Bant\u00bb font_container=\u00bbtag:h3|text_align:left\u00bb google_fonts=\u00bbfont_family:Open%20Sans%3A300%2C300italic%2Cregular%2Citalic%2C600%2C600italic%2C700%2C700italic%2C800%2C800italic|font_style:600%20bold%20regular%3A600%3Anormal\u00bb link=\u00bburl:http%3A%2F%2Fwww.unisera.com%2Fteflon-bant%2F|title:Teflon%20Bant\u00bb][\/vc_column_inner][vc_column_inner width=\u00bb1\/3&#8243;][vc_single_image image=\u00bb2431&#8243; img_size=\u00bbmedium\u00bb onclick=\u00bbcustom_link\u00bb link=\u00bbhttp:\/\/www.unisera.com\/boru-ucu-duzeltme-aparati\/\u00bb][vc_custom_heading text=\u00bbBoru Ucu [&hellip;]","og_url":"https:\/\/www.unisera.com\/es\/yardimci-ek-parcalar\/","og_site_name":"Unisera Damla Sulama Sistemleri A.\u015e. - PP Compression Fittings","article_modified_time":"2021-07-29T06:04:45+00:00","twitter_card":"summary_large_image","twitter_misc":{"Tiempo de lectura":"4 minutos"},"schema":{"@context":"https:\/\/schema.org","@graph":[{"@type":"WebPage","@id":"https:\/\/www.unisera.com\/es\/yardimci-ek-parcalar\/","url":"https:\/\/www.unisera.com\/es\/yardimci-ek-parcalar\/","name":"Yard\u0131mc\u0131 Ek Par\u00e7alar - Unisera Damla Sulama Sistemleri A.\u015e. - PP Compression Fittings","isPartOf":{"@id":"http:\/\/www.unisera.com\/#website"},"datePublished":"2021-06-14T13:22:12+00:00","dateModified":"2021-07-29T06:04:45+00:00","breadcrumb":{"@id":"https:\/\/www.unisera.com\/es\/yardimci-ek-parcalar\/#breadcrumb"},"inLanguage":"es","potentialAction":[{"@type":"ReadAction","target":["https:\/\/www.unisera.com\/es\/yardimci-ek-parcalar\/"]}]},{"@type":"BreadcrumbList","@id":"https:\/\/www.unisera.com\/es\/yardimci-ek-parcalar\/#breadcrumb","itemListElement":[{"@type":"ListItem","position":1,"name":"Home","item":"https:\/\/www.unisera.com\/es\/"},{"@type":"ListItem","position":2,"name":"Yard\u0131mc\u0131 Ek Par\u00e7alar"}]},{"@type":"WebSite","@id":"http:\/\/www.unisera.com\/#website","url":"http:\/\/www.unisera.com\/","name":"Unisera Damla Sulama Sistemleri A.\u015e. - PP Compression Fittings","description":"Temiz Su Ek Par\u00e7alar\u0131","publisher":{"@id":"http:\/\/www.unisera.com\/#organization"},"potentialAction":[{"@type":"SearchAction","target":{"@type":"EntryPoint","urlTemplate":"http:\/\/www.unisera.com\/?s={search_term_string}"},"query-input":{"@type":"PropertyValueSpecification","valueRequired":true,"valueName":"search_term_string"}}],"inLanguage":"es"},{"@type":"Organization","@id":"http:\/\/www.unisera.com\/#organization","name":"unisera damla sulama sistemleri a.\u015f","url":"http:\/\/www.unisera.com\/","logo":{"@type":"ImageObject","inLanguage":"es","@id":"http:\/\/www.unisera.com\/#\/schema\/logo\/image\/","url":"http:\/\/www.unisera.com\/wp-content\/uploads\/2021\/06\/unisera_logo-revize-5-e1664807349517.png","contentUrl":"http:\/\/www.unisera.com\/wp-content\/uploads\/2021\/06\/unisera_logo-revize-5-e1664807349517.png","width":200,"height":83,"caption":"unisera damla sulama sistemleri a.\u015f"},"image":{"@id":"http:\/\/www.unisera.com\/#\/schema\/logo\/image\/"}}]}},"_links":{"self":[{"href":"http:\/\/www.unisera.com\/es\/wp-json\/wp\/v2\/pages\/3880","targetHints":{"allow":["GET"]}}],"collection":[{"href":"http:\/\/www.unisera.com\/es\/wp-json\/wp\/v2\/pages"}],"about":[{"href":"http:\/\/www.unisera.com\/es\/wp-json\/wp\/v2\/types\/page"}],"author":[{"embeddable":true,"href":"http:\/\/www.unisera.com\/es\/wp-json\/wp\/v2\/users\/1"}],"replies":[{"embeddable":true,"href":"http:\/\/www.unisera.com\/es\/wp-json\/wp\/v2\/comments?post=3880"}],"version-history":[{"count":5,"href":"http:\/\/www.unisera.com\/es\/wp-json\/wp\/v2\/pages\/3880\/revisions"}],"predecessor-version":[{"id":4013,"href":"http:\/\/www.unisera.com\/es\/wp-json\/wp\/v2\/pages\/3880\/revisions\/4013"}],"wp:attachment":[{"href":"http:\/\/www.unisera.com\/es\/wp-json\/wp\/v2\/media?parent=3880"}],"curies":[{"name":"wp","href":"https:\/\/api.w.org\/{rel}","templated":true}]}}