{"id":2342,"date":"2019-04-18T07:12:05","date_gmt":"2019-04-18T07:12:05","guid":{"rendered":"http:\/\/www.unisera.com\/index.php\/home-3\/"},"modified":"2023-02-08T12:59:57","modified_gmt":"2023-02-08T09:59:57","slug":"home-3","status":"publish","type":"page","link":"http:\/\/www.unisera.com\/es\/","title":{"rendered":"P\u00c1GINA DE INICIO"},"content":{"rendered":"<div class=\"wpb-content-wrapper\"><p>[vc_row][vc_column][rev_slider_vc alias=\u00bbhome-3&#8243;][\/vc_column][\/vc_row][vc_row el_class=\u00bbbg-second\u00bb css=\u00bb.vc_custom_1555470524461{padding-top: 28px !important;padding-bottom: 28px !important;}\u00bb][vc_column offset=\u00bbvc_col-md-9&#8243;][vc_column_text el_class=\u00bbtext-light\u00bb css=\u00bb.vc_custom_1675850393582{margin-bottom: 0px !important;padding-top: 5px !important;}\u00bb]<\/p>\n<h3>PUBLICADO NUESTRO CAT\u00c1LOGO 2023<\/h3>\n<p>[\/vc_column_text][vc_empty_space height=\u00bb20px\u00bb el_class=\u00bblg-hidden\u00bb][\/vc_column][vc_column offset=\u00bbvc_col-md-3&#8243;]\n    <div class=\"text-right mobile-left\">\n        <a  class=\"btn   \" href=\"http:\/\/www.unisera.com\/unisera2023catalog.pdf\" style=\"\">REVISI\u00d3N<\/a>\n    <\/div>\n\n    [\/vc_column][\/vc_row][vc_row el_class=\u00bbsection-padd\u00bb css=\u00bb.vc_custom_1555472376004{background-color: #ffffff !important;}\u00bb][vc_column]\n    <div class=\"section-head \">\n                <h2 class=\"section-title\">\u00bfPor qu\u00e9 elegirnos?<\/h2>\n            <\/div>\n\n[vc_empty_space height=\u00bb30px\u00bb][\/vc_column][vc_column width=\u00bb1\/2&#8243; offset=\u00bbvc_col-md-4&#8243;]\n        <div class=\"service-box icon-box bg-alt box-shadow-hover image \">\n                        <img loading=\"lazy\" decoding=\"async\" width=\"46\" height=\"51\" src=\"http:\/\/www.unisera.com\/wp-content\/uploads\/2019\/04\/icon-diamond.png\" class=\"img-responsive\" alt=\"\" \/>        <div class=\"content-box\">\n            <h4>Nuestra pol\u00edtica de calidad<\/h4>\n            <p>Mientras fabricamos nuestros productos, los probamos y aprobamos en los \u00faltimos dispositivos de prueba de equipos y los preparamos, cuidamos mucho cada uno de nuestros productos desde el ensamblaje hasta el env\u00edo.<\/p>\n                    <\/div>\n    <\/div>\n    \n    [vc_empty_space height=\u00bb20px\u00bb el_class=\u00bblg-hidden\u00bb][\/vc_column][vc_column width=\u00bb1\/2&#8243; offset=\u00bbvc_col-md-4&#8243;]\n        <div class=\"service-box icon-box bg-alt box-shadow-hover image \">\n                        <img loading=\"lazy\" decoding=\"async\" width=\"34\" height=\"50\" src=\"http:\/\/www.unisera.com\/wp-content\/uploads\/2019\/04\/icon-light.png\" class=\"img-responsive\" alt=\"\" \/>        <div class=\"content-box\">\n            <h4>Materia prima original<\/h4>\n            <p>Utilizamos materias primas 100% originales en todos nuestros productos.<\/p>\n                    <\/div>\n    <\/div>\n    \n    [vc_empty_space height=\u00bb20px\u00bb el_class=\u00bblg-hidden\u00bb][\/vc_column][vc_column offset=\u00bbvc_col-md-4&#8243;]\n        <div class=\"service-box icon-box bg-alt box-shadow-hover image \">\n                        <img loading=\"lazy\" decoding=\"async\" width=\"38\" height=\"50\" src=\"http:\/\/www.unisera.com\/wp-content\/uploads\/2019\/04\/icon-paper.png\" class=\"img-responsive\" alt=\"\" \/>        <div class=\"content-box\">\n            <h4>Nuestro \u00e9xito de exportaci\u00f3n<\/h4>\n            <p>Estamos orgullosos de poder empaquetar y enviar cuidadosamente nuestros productos a todo el mundo.<\/p>\n                    <\/div>\n    <\/div>\n    \n    [\/vc_column][\/vc_row][vc_row el_class=\u00bbsection-padd\u00bb css=\u00bb.vc_custom_1555571851249{background-image: url(http:\/\/www.unisera.com\/wp-content\/uploads\/2019\/04\/bg-home3.jpg?id=1922) !important;background-position: center !important;background-repeat: no-repeat !important;background-size: cover !important;}\u00bb][vc_column offset=\u00bbvc_col-md-9&#8243;]\n    <div class=\"section-head  text-light\">\n                <h2 class=\"section-title\">NUESTROS PRODUCTOS<\/h2>\n            <\/div>\n\n[\/vc_column][vc_column offset=\u00bbvc_col-md-3&#8243;][\/vc_column][vc_column][vc_empty_space height=\u00bb30px\u00bb][vc_row_inner][vc_column_inner width=\u00bb1\/2&#8243; offset=\u00bbvc_col-md-4&#8243; css=\u00bb.vc_custom_1555486233143{padding-right: 1px !important;padding-left: 0px !important;}\u00bb]\n    <a href=\"http:\/\/www.unisera.com\/index.php\/kaplin-ek-parcalar\/\">    <div class=\"service-box icon-box  image transparent hover-box\">\n                        <img loading=\"lazy\" decoding=\"async\" width=\"50\" height=\"51\" src=\"http:\/\/www.unisera.com\/wp-content\/uploads\/2021\/06\/kaplin1.png\" class=\"img-responsive\" alt=\"kaplin ek par\u00e7alar\" \/>        <div class=\"content-box\">\n            <h4>Kaplin Ek Par\u00e7alar<\/h4>\n            <p><\/p>\n                    <\/div>\n    <\/div>\n    <\/a>\n    [vc_empty_space height=\u00bb1px\u00bb][\/vc_column_inner][vc_column_inner width=\u00bb1\/2&#8243; offset=\u00bbvc_col-md-4&#8243; css=\u00bb.vc_custom_1555487903528{padding-right: 1px !important;padding-left: 0px !important;}\u00bb]\n    <a href=\"http:\/\/www.unisera.com\/index.php\/kuresel-vanalar\/\">    <div class=\"service-box icon-box  image transparent hover-box\">\n                        <img loading=\"lazy\" decoding=\"async\" width=\"50\" height=\"51\" src=\"http:\/\/www.unisera.com\/wp-content\/uploads\/2021\/06\/vanalar1.png\" class=\"img-responsive\" alt=\"\" \/>        <div class=\"content-box\">\n            <h4>K\u00fcresel Vanalar<\/h4>\n            <p><\/p>\n                    <\/div>\n    <\/div>\n    <\/a>\n    [vc_empty_space height=\u00bb1px\u00bb][\/vc_column_inner][vc_column_inner width=\u00bb1\/2&#8243; offset=\u00bbvc_col-md-4&#8243; css=\u00bb.vc_custom_1555487960055{padding-right: 1px !important;padding-left: 0px !important;}\u00bb]\n    <a href=\"http:\/\/www.unisera.com\/index.php\/plastik-fittingsler\/\">    <div class=\"service-box icon-box  image transparent hover-box\">\n                        <img loading=\"lazy\" decoding=\"async\" width=\"50\" height=\"51\" src=\"http:\/\/www.unisera.com\/wp-content\/uploads\/2021\/06\/fittings1.png\" class=\"img-responsive\" alt=\"\" \/>        <div class=\"content-box\">\n            <h4>Plastik Fittingsler<\/h4>\n            <p><\/p>\n                    <\/div>\n    <\/div>\n    <\/a>\n    [vc_empty_space height=\u00bb1px\u00bb][\/vc_column_inner][vc_column_inner width=\u00bb1\/2&#8243; offset=\u00bbvc_col-md-4&#8243; css=\u00bb.vc_custom_1555486403937{padding-right: 1px !important;padding-left: 0px !important;}\u00bb]\n    <a href=\"http:\/\/www.unisera.com\/index.php\/priz-kolyeler\/\">    <div class=\"service-box icon-box  image transparent hover-box\">\n                        <img loading=\"lazy\" decoding=\"async\" width=\"50\" height=\"51\" src=\"http:\/\/www.unisera.com\/wp-content\/uploads\/2021\/06\/kolyeler1.png\" class=\"img-responsive\" alt=\"\" \/>        <div class=\"content-box\">\n            <h4>Priz Kolyeler<\/h4>\n            <p><\/p>\n                    <\/div>\n    <\/div>\n    <\/a>\n    [vc_empty_space height=\u00bb1px\u00bb el_class=\u00bblg-hidden\u00bb][\/vc_column_inner][vc_column_inner width=\u00bb1\/2&#8243; offset=\u00bbvc_col-md-4&#8243; css=\u00bb.vc_custom_1555488243448{padding-right: 1px !important;padding-left: 0px !important;}\u00bb]\n    <a href=\"http:\/\/www.unisera.com\/index.php\/zirhli-seri\/\">    <div class=\"service-box icon-box  image transparent hover-box\">\n                        <img loading=\"lazy\" decoding=\"async\" width=\"56\" height=\"56\" src=\"http:\/\/www.unisera.com\/wp-content\/uploads\/2021\/06\/yuzukluler1.png\" class=\"img-responsive\" alt=\"\" \/>        <div class=\"content-box\">\n            <h4>Z\u0131rhl\u0131 Seri<\/h4>\n            <p><\/p>\n                    <\/div>\n    <\/div>\n    <\/a>\n    [vc_empty_space height=\u00bb1px\u00bb el_class=\u00bblg-hidden\u00bb][\/vc_column_inner][vc_column_inner width=\u00bb1\/2&#8243; offset=\u00bbvc_col-md-4&#8243; css=\u00bb.vc_custom_1555488313423{padding-right: 1px !important;padding-left: 0px !important;}\u00bb]\n    <a href=\"http:\/\/www.unisera.com\/index.php\/ozel-imalat-adaptorler\/\">    <div class=\"service-box icon-box  image transparent hover-box\">\n                        <img loading=\"lazy\" decoding=\"async\" width=\"50\" height=\"51\" src=\"http:\/\/www.unisera.com\/wp-content\/uploads\/2021\/06\/ozel-imalat.png\" class=\"img-responsive\" alt=\"\" \/>        <div class=\"content-box\">\n            <h4>\u00d6zel \u0130malat Serisi<\/h4>\n            <p><\/p>\n                    <\/div>\n    <\/div>\n    <\/a>\n    [\/vc_column_inner][\/vc_row_inner][\/vc_column][\/vc_row]<\/p>\n<\/div>","protected":false},"excerpt":{"rendered":"<p>[vc_row][vc_column][rev_slider_vc alias=\u00bbhome-3&#8243;][\/vc_column][\/vc_row][vc_row el_class=\u00bbbg-second\u00bb css=\u00bb.vc_custom_1555470524461{padding-top: 28px !important;padding-bottom: 28px !important;}\u00bb][vc_column offset=\u00bbvc_col-md-9&#8243;][vc_column_text el_class=\u00bbtext-light\u00bb css=\u00bb.vc_custom_1675850393582{margin-bottom: 0px !important;padding-top: 5px !important;}\u00bb] PUBLICADO NUESTRO CAT\u00c1LOGO 2023 [\/vc_column_text][vc_empty_space height=\u00bb20px\u00bb el_class=\u00bblg-hidden\u00bb][\/vc_column][vc_column offset=\u00bbvc_col-md-3&#8243;][\/vc_column][\/vc_row][vc_row el_class=\u00bbsection-padd\u00bb css=\u00bb.vc_custom_1555472376004{background-color: #ffffff !important;}\u00bb][vc_column][vc_empty_space height=\u00bb30px\u00bb][\/vc_column][vc_column width=\u00bb1\/2&#8243; offset=\u00bbvc_col-md-4&#8243;][vc_empty_space height=\u00bb20px\u00bb el_class=\u00bblg-hidden\u00bb][\/vc_column][vc_column width=\u00bb1\/2&#8243; offset=\u00bbvc_col-md-4&#8243;][vc_empty_space height=\u00bb20px\u00bb el_class=\u00bblg-hidden\u00bb][\/vc_column][vc_column offset=\u00bbvc_col-md-4&#8243;][\/vc_column][\/vc_row][vc_row el_class=\u00bbsection-padd\u00bb css=\u00bb.vc_custom_1555571851249{background-image: url(http:\/\/www.unisera.com\/wp-content\/uploads\/2019\/04\/bg-home3.jpg?id=1922) !important;background-position: center !important;background-repeat: no-repeat !important;background-size: cover !important;}\u00bb][vc_column offset=\u00bbvc_col-md-9&#8243;][\/vc_column][vc_column offset=\u00bbvc_col-md-3&#8243;][\/vc_column][vc_column][vc_empty_space height=\u00bb30px\u00bb][vc_row_inner][vc_column_inner width=\u00bb1\/2&#8243; offset=\u00bbvc_col-md-4&#8243; css=\u00bb.vc_custom_1555486233143{padding-right: 1px !important;padding-left: [&hellip;]<\/p>\n","protected":false},"author":1,"featured_media":0,"parent":0,"menu_order":0,"comment_status":"closed","ping_status":"closed","template":"","meta":{"_joinchat":[],"footnotes":""},"class_list":["post-2342","page","type-page","status-publish","hentry"],"yoast_head":"<!-- This site is optimized with the Yoast SEO Premium plugin v24.7 (Yoast SEO v27.3) - https:\/\/yoast.com\/product\/yoast-seo-premium-wordpress\/ -->\n<title>P\u00c1GINA DE INICIO - Unisera Damla Sulama Sistemleri A.\u015e. - PP Compression Fittings<\/title>\n<meta name=\"robots\" content=\"index, follow, max-snippet:-1, max-image-preview:large, max-video-preview:-1\" \/>\n<link rel=\"canonical\" href=\"https:\/\/www.unisera.com\/es\/\" \/>\n<meta property=\"og:locale\" content=\"es_ES\" \/>\n<meta property=\"og:type\" content=\"article\" \/>\n<meta property=\"og:title\" content=\"P\u00c1GINA DE INICIO\" \/>\n<meta property=\"og:description\" content=\"[vc_row][vc_column][rev_slider_vc alias=\u00bbhome-3&#8243;][\/vc_column][\/vc_row][vc_row el_class=\u00bbbg-second\u00bb css=\u00bb.vc_custom_1555470524461{padding-top: 28px !important;padding-bottom: 28px !important;}\u00bb][vc_column offset=\u00bbvc_col-md-9&#8243;][vc_column_text el_class=\u00bbtext-light\u00bb css=\u00bb.vc_custom_1675850393582{margin-bottom: 0px !important;padding-top: 5px !important;}\u00bb] PUBLICADO NUESTRO CAT\u00c1LOGO 2023 [\/vc_column_text][vc_empty_space height=\u00bb20px\u00bb el_class=\u00bblg-hidden\u00bb][\/vc_column][vc_column offset=\u00bbvc_col-md-3&#8243;][\/vc_column][\/vc_row][vc_row el_class=\u00bbsection-padd\u00bb css=\u00bb.vc_custom_1555472376004{background-color: #ffffff !important;}\u00bb][vc_column][vc_empty_space height=\u00bb30px\u00bb][\/vc_column][vc_column width=\u00bb1\/2&#8243; offset=\u00bbvc_col-md-4&#8243;][vc_empty_space height=\u00bb20px\u00bb el_class=\u00bblg-hidden\u00bb][\/vc_column][vc_column width=\u00bb1\/2&#8243; offset=\u00bbvc_col-md-4&#8243;][vc_empty_space height=\u00bb20px\u00bb el_class=\u00bblg-hidden\u00bb][\/vc_column][vc_column offset=\u00bbvc_col-md-4&#8243;][\/vc_column][\/vc_row][vc_row el_class=\u00bbsection-padd\u00bb css=\u00bb.vc_custom_1555571851249{background-image: url(http:\/\/www.unisera.com\/wp-content\/uploads\/2019\/04\/bg-home3.jpg?id=1922) !important;background-position: center !important;background-repeat: no-repeat !important;background-size: cover !important;}\u00bb][vc_column offset=\u00bbvc_col-md-9&#8243;][\/vc_column][vc_column offset=\u00bbvc_col-md-3&#8243;][\/vc_column][vc_column][vc_empty_space height=\u00bb30px\u00bb][vc_row_inner][vc_column_inner width=\u00bb1\/2&#8243; offset=\u00bbvc_col-md-4&#8243; css=\u00bb.vc_custom_1555486233143{padding-right: 1px !important;padding-left: [&hellip;]\" \/>\n<meta property=\"og:url\" content=\"https:\/\/www.unisera.com\/es\/\" \/>\n<meta property=\"og:site_name\" content=\"Unisera Damla Sulama Sistemleri A.\u015e. - PP Compression Fittings\" \/>\n<meta property=\"article:modified_time\" content=\"2023-02-08T09:59:57+00:00\" \/>\n<meta name=\"twitter:card\" content=\"summary_large_image\" \/>\n<meta name=\"twitter:label1\" content=\"Tiempo de lectura\" \/>\n\t<meta name=\"twitter:data1\" content=\"3 minutos\" \/>\n<script type=\"application\/ld+json\" class=\"yoast-schema-graph\">{\"@context\":\"https:\\\/\\\/schema.org\",\"@graph\":[{\"@type\":\"WebPage\",\"@id\":\"https:\\\/\\\/www.unisera.com\\\/es\\\/\",\"url\":\"https:\\\/\\\/www.unisera.com\\\/es\\\/\",\"name\":\"P\u00c1GINA DE INICIO - Unisera Damla Sulama Sistemleri A.\u015e. - PP Compression Fittings\",\"isPartOf\":{\"@id\":\"http:\\\/\\\/www.unisera.com\\\/#website\"},\"datePublished\":\"2019-04-18T07:12:05+00:00\",\"dateModified\":\"2023-02-08T09:59:57+00:00\",\"breadcrumb\":{\"@id\":\"https:\\\/\\\/www.unisera.com\\\/es\\\/#breadcrumb\"},\"inLanguage\":\"es\",\"potentialAction\":[{\"@type\":\"ReadAction\",\"target\":[\"https:\\\/\\\/www.unisera.com\\\/es\\\/\"]}]},{\"@type\":\"BreadcrumbList\",\"@id\":\"https:\\\/\\\/www.unisera.com\\\/es\\\/#breadcrumb\",\"itemListElement\":[{\"@type\":\"ListItem\",\"position\":1,\"name\":\"Home\",\"item\":\"https:\\\/\\\/www.unisera.com\\\/es\\\/\"},{\"@type\":\"ListItem\",\"position\":2,\"name\":\"P\u00c1GINA DE INICIO\"}]},{\"@type\":\"WebSite\",\"@id\":\"http:\\\/\\\/www.unisera.com\\\/#website\",\"url\":\"http:\\\/\\\/www.unisera.com\\\/\",\"name\":\"Unisera Damla Sulama Sistemleri A.\u015e. - PP Compression Fittings\",\"description\":\"Temiz Su Ek Par\u00e7alar\u0131\",\"publisher\":{\"@id\":\"http:\\\/\\\/www.unisera.com\\\/#organization\"},\"potentialAction\":[{\"@type\":\"SearchAction\",\"target\":{\"@type\":\"EntryPoint\",\"urlTemplate\":\"http:\\\/\\\/www.unisera.com\\\/?s={search_term_string}\"},\"query-input\":{\"@type\":\"PropertyValueSpecification\",\"valueRequired\":true,\"valueName\":\"search_term_string\"}}],\"inLanguage\":\"es\"},{\"@type\":\"Organization\",\"@id\":\"http:\\\/\\\/www.unisera.com\\\/#organization\",\"name\":\"unisera damla sulama sistemleri a.\u015f\",\"url\":\"http:\\\/\\\/www.unisera.com\\\/\",\"logo\":{\"@type\":\"ImageObject\",\"inLanguage\":\"es\",\"@id\":\"http:\\\/\\\/www.unisera.com\\\/#\\\/schema\\\/logo\\\/image\\\/\",\"url\":\"http:\\\/\\\/www.unisera.com\\\/wp-content\\\/uploads\\\/2021\\\/06\\\/unisera_logo-revize-5-e1664807349517.png\",\"contentUrl\":\"http:\\\/\\\/www.unisera.com\\\/wp-content\\\/uploads\\\/2021\\\/06\\\/unisera_logo-revize-5-e1664807349517.png\",\"width\":200,\"height\":83,\"caption\":\"unisera damla sulama sistemleri a.\u015f\"},\"image\":{\"@id\":\"http:\\\/\\\/www.unisera.com\\\/#\\\/schema\\\/logo\\\/image\\\/\"}}]}<\/script>\n<!-- \/ Yoast SEO Premium plugin. -->","yoast_head_json":{"title":"P\u00c1GINA DE INICIO - Unisera Damla Sulama Sistemleri A.\u015e. - PP Compression Fittings","robots":{"index":"index","follow":"follow","max-snippet":"max-snippet:-1","max-image-preview":"max-image-preview:large","max-video-preview":"max-video-preview:-1"},"canonical":"https:\/\/www.unisera.com\/es\/","og_locale":"es_ES","og_type":"article","og_title":"P\u00c1GINA DE INICIO","og_description":"[vc_row][vc_column][rev_slider_vc alias=\u00bbhome-3&#8243;][\/vc_column][\/vc_row][vc_row el_class=\u00bbbg-second\u00bb css=\u00bb.vc_custom_1555470524461{padding-top: 28px !important;padding-bottom: 28px !important;}\u00bb][vc_column offset=\u00bbvc_col-md-9&#8243;][vc_column_text el_class=\u00bbtext-light\u00bb css=\u00bb.vc_custom_1675850393582{margin-bottom: 0px !important;padding-top: 5px !important;}\u00bb] PUBLICADO NUESTRO CAT\u00c1LOGO 2023 [\/vc_column_text][vc_empty_space height=\u00bb20px\u00bb el_class=\u00bblg-hidden\u00bb][\/vc_column][vc_column offset=\u00bbvc_col-md-3&#8243;][\/vc_column][\/vc_row][vc_row el_class=\u00bbsection-padd\u00bb css=\u00bb.vc_custom_1555472376004{background-color: #ffffff !important;}\u00bb][vc_column][vc_empty_space height=\u00bb30px\u00bb][\/vc_column][vc_column width=\u00bb1\/2&#8243; offset=\u00bbvc_col-md-4&#8243;][vc_empty_space height=\u00bb20px\u00bb el_class=\u00bblg-hidden\u00bb][\/vc_column][vc_column width=\u00bb1\/2&#8243; offset=\u00bbvc_col-md-4&#8243;][vc_empty_space height=\u00bb20px\u00bb el_class=\u00bblg-hidden\u00bb][\/vc_column][vc_column offset=\u00bbvc_col-md-4&#8243;][\/vc_column][\/vc_row][vc_row el_class=\u00bbsection-padd\u00bb css=\u00bb.vc_custom_1555571851249{background-image: url(http:\/\/www.unisera.com\/wp-content\/uploads\/2019\/04\/bg-home3.jpg?id=1922) !important;background-position: center !important;background-repeat: no-repeat !important;background-size: cover !important;}\u00bb][vc_column offset=\u00bbvc_col-md-9&#8243;][\/vc_column][vc_column offset=\u00bbvc_col-md-3&#8243;][\/vc_column][vc_column][vc_empty_space height=\u00bb30px\u00bb][vc_row_inner][vc_column_inner width=\u00bb1\/2&#8243; offset=\u00bbvc_col-md-4&#8243; css=\u00bb.vc_custom_1555486233143{padding-right: 1px !important;padding-left: [&hellip;]","og_url":"https:\/\/www.unisera.com\/es\/","og_site_name":"Unisera Damla Sulama Sistemleri A.\u015e. - PP Compression Fittings","article_modified_time":"2023-02-08T09:59:57+00:00","twitter_card":"summary_large_image","twitter_misc":{"Tiempo de lectura":"3 minutos"},"schema":{"@context":"https:\/\/schema.org","@graph":[{"@type":"WebPage","@id":"https:\/\/www.unisera.com\/es\/","url":"https:\/\/www.unisera.com\/es\/","name":"P\u00c1GINA DE INICIO - Unisera Damla Sulama Sistemleri A.\u015e. - PP Compression Fittings","isPartOf":{"@id":"http:\/\/www.unisera.com\/#website"},"datePublished":"2019-04-18T07:12:05+00:00","dateModified":"2023-02-08T09:59:57+00:00","breadcrumb":{"@id":"https:\/\/www.unisera.com\/es\/#breadcrumb"},"inLanguage":"es","potentialAction":[{"@type":"ReadAction","target":["https:\/\/www.unisera.com\/es\/"]}]},{"@type":"BreadcrumbList","@id":"https:\/\/www.unisera.com\/es\/#breadcrumb","itemListElement":[{"@type":"ListItem","position":1,"name":"Home","item":"https:\/\/www.unisera.com\/es\/"},{"@type":"ListItem","position":2,"name":"P\u00c1GINA DE INICIO"}]},{"@type":"WebSite","@id":"http:\/\/www.unisera.com\/#website","url":"http:\/\/www.unisera.com\/","name":"Unisera Damla Sulama Sistemleri A.\u015e. - PP Compression Fittings","description":"Temiz Su Ek Par\u00e7alar\u0131","publisher":{"@id":"http:\/\/www.unisera.com\/#organization"},"potentialAction":[{"@type":"SearchAction","target":{"@type":"EntryPoint","urlTemplate":"http:\/\/www.unisera.com\/?s={search_term_string}"},"query-input":{"@type":"PropertyValueSpecification","valueRequired":true,"valueName":"search_term_string"}}],"inLanguage":"es"},{"@type":"Organization","@id":"http:\/\/www.unisera.com\/#organization","name":"unisera damla sulama sistemleri a.\u015f","url":"http:\/\/www.unisera.com\/","logo":{"@type":"ImageObject","inLanguage":"es","@id":"http:\/\/www.unisera.com\/#\/schema\/logo\/image\/","url":"http:\/\/www.unisera.com\/wp-content\/uploads\/2021\/06\/unisera_logo-revize-5-e1664807349517.png","contentUrl":"http:\/\/www.unisera.com\/wp-content\/uploads\/2021\/06\/unisera_logo-revize-5-e1664807349517.png","width":200,"height":83,"caption":"unisera damla sulama sistemleri a.\u015f"},"image":{"@id":"http:\/\/www.unisera.com\/#\/schema\/logo\/image\/"}}]}},"_links":{"self":[{"href":"http:\/\/www.unisera.com\/es\/wp-json\/wp\/v2\/pages\/2342","targetHints":{"allow":["GET"]}}],"collection":[{"href":"http:\/\/www.unisera.com\/es\/wp-json\/wp\/v2\/pages"}],"about":[{"href":"http:\/\/www.unisera.com\/es\/wp-json\/wp\/v2\/types\/page"}],"author":[{"embeddable":true,"href":"http:\/\/www.unisera.com\/es\/wp-json\/wp\/v2\/users\/1"}],"replies":[{"embeddable":true,"href":"http:\/\/www.unisera.com\/es\/wp-json\/wp\/v2\/comments?post=2342"}],"version-history":[{"count":12,"href":"http:\/\/www.unisera.com\/es\/wp-json\/wp\/v2\/pages\/2342\/revisions"}],"predecessor-version":[{"id":4881,"href":"http:\/\/www.unisera.com\/es\/wp-json\/wp\/v2\/pages\/2342\/revisions\/4881"}],"wp:attachment":[{"href":"http:\/\/www.unisera.com\/es\/wp-json\/wp\/v2\/media?parent=2342"}],"curies":[{"name":"wp","href":"https:\/\/api.w.org\/{rel}","templated":true}]}}