{"id":5022,"date":"2025-03-06T08:13:06","date_gmt":"2025-03-06T05:13:06","guid":{"rendered":"https:\/\/www.unisera.com\/?post_type=product&#038;p=5022"},"modified":"2025-04-09T17:48:06","modified_gmt":"2025-04-09T14:48:06","slug":"icten-disli-adaptor","status":"publish","type":"product","link":"http:\/\/www.unisera.com\/en\/product\/icten-disli-adaptor\/","title":{"rendered":"\u0130\u00e7ten Di\u015fli Adapt\u00f6r"},"content":{"rendered":"<p class=\"wpcf7-contact-form-not-found\"><strong>Error:<\/strong> Contact form not found.<\/p>\n","protected":false},"excerpt":{"rendered":"[jtrt_tables id='2535']\n","protected":false},"featured_media":2586,"template":"","meta":{"_joinchat":[]},"product_brand":[],"product_cat":[15],"product_tag":[],"class_list":{"0":"post-5022","1":"product","2":"type-product","3":"status-publish","4":"has-post-thumbnail","6":"product_cat-kaplinler","8":"first","9":"instock","10":"shipping-taxable","11":"product-type-simple"},"yoast_head":"<!-- This site is optimized with the Yoast SEO Premium plugin v24.7 (Yoast SEO v27.3) - https:\/\/yoast.com\/product\/yoast-seo-premium-wordpress\/ -->\n<title>\u0130\u00e7ten Di\u015fli Adapt\u00f6r - Unisera Damla Sulama Sistemleri A.\u015e. - PP Compression Fittings<\/title>\n<meta name=\"robots\" content=\"index, follow, max-snippet:-1, max-image-preview:large, max-video-preview:-1\" \/>\n<link rel=\"canonical\" href=\"http:\/\/www.unisera.com\/en\/product\/icten-disli-adaptor\/\" \/>\n<meta property=\"og:locale\" content=\"en_US\" \/>\n<meta property=\"og:type\" content=\"article\" \/>\n<meta property=\"og:title\" content=\"\u0130\u00e7ten Di\u015fli Adapt\u00f6r\" \/>\n<meta property=\"og:url\" content=\"http:\/\/www.unisera.com\/product\/icten-disli-adaptor\/\" \/>\n<meta property=\"og:site_name\" content=\"Unisera Damla Sulama Sistemleri A.\u015e. - PP Compression Fittings\" \/>\n<meta property=\"article:modified_time\" content=\"2025-04-09T14:48:06+00:00\" \/>\n<meta property=\"og:image\" content=\"http:\/\/www.unisera.com\/wp-content\/uploads\/2021\/06\/IMG_4351.jpg\" \/>\n\t<meta property=\"og:image:width\" content=\"1200\" \/>\n\t<meta property=\"og:image:height\" content=\"800\" \/>\n\t<meta property=\"og:image:type\" content=\"image\/jpeg\" \/>\n<meta name=\"twitter:card\" content=\"summary_large_image\" \/>\n<meta name=\"twitter:description\" content=\"[jtrt_tables id=&#039;2535&#039;]\" \/>\n<script type=\"application\/ld+json\" class=\"yoast-schema-graph\">{\"@context\":\"https:\\\/\\\/schema.org\",\"@graph\":[{\"@type\":\"WebPage\",\"@id\":\"http:\\\/\\\/www.unisera.com\\\/product\\\/icten-disli-adaptor\\\/\",\"url\":\"http:\\\/\\\/www.unisera.com\\\/product\\\/icten-disli-adaptor\\\/\",\"name\":\"\u0130\u00e7ten Di\u015fli Adapt\u00f6r - Unisera Damla Sulama Sistemleri A.\u015e. - PP Compression Fittings\",\"isPartOf\":{\"@id\":\"http:\\\/\\\/www.unisera.com\\\/#website\"},\"primaryImageOfPage\":{\"@id\":\"http:\\\/\\\/www.unisera.com\\\/product\\\/icten-disli-adaptor\\\/#primaryimage\"},\"image\":{\"@id\":\"http:\\\/\\\/www.unisera.com\\\/product\\\/icten-disli-adaptor\\\/#primaryimage\"},\"thumbnailUrl\":\"http:\\\/\\\/www.unisera.com\\\/wp-content\\\/uploads\\\/2021\\\/06\\\/IMG_4351.jpg\",\"datePublished\":\"2025-03-06T05:13:06+00:00\",\"dateModified\":\"2025-04-09T14:48:06+00:00\",\"breadcrumb\":{\"@id\":\"http:\\\/\\\/www.unisera.com\\\/product\\\/icten-disli-adaptor\\\/#breadcrumb\"},\"inLanguage\":\"en-US\",\"potentialAction\":[{\"@type\":\"ReadAction\",\"target\":[\"http:\\\/\\\/www.unisera.com\\\/product\\\/icten-disli-adaptor\\\/\"]}]},{\"@type\":\"ImageObject\",\"inLanguage\":\"en-US\",\"@id\":\"http:\\\/\\\/www.unisera.com\\\/product\\\/icten-disli-adaptor\\\/#primaryimage\",\"url\":\"http:\\\/\\\/www.unisera.com\\\/wp-content\\\/uploads\\\/2021\\\/06\\\/IMG_4351.jpg\",\"contentUrl\":\"http:\\\/\\\/www.unisera.com\\\/wp-content\\\/uploads\\\/2021\\\/06\\\/IMG_4351.jpg\",\"width\":1200,\"height\":800},{\"@type\":\"BreadcrumbList\",\"@id\":\"http:\\\/\\\/www.unisera.com\\\/product\\\/icten-disli-adaptor\\\/#breadcrumb\",\"itemListElement\":[{\"@type\":\"ListItem\",\"position\":1,\"name\":\"Home\",\"item\":\"http:\\\/\\\/www.unisera.com\\\/en\\\/\"},{\"@type\":\"ListItem\",\"position\":2,\"name\":\"Products\",\"item\":\"http:\\\/\\\/www.unisera.com\\\/en\\\/shop\\\/\"},{\"@type\":\"ListItem\",\"position\":3,\"name\":\"\u0130\u00e7ten Di\u015fli Adapt\u00f6r\"}]},{\"@type\":\"WebSite\",\"@id\":\"http:\\\/\\\/www.unisera.com\\\/#website\",\"url\":\"http:\\\/\\\/www.unisera.com\\\/\",\"name\":\"Unisera Damla Sulama Sistemleri A.\u015e. - PP Compression Fittings\",\"description\":\"Temiz Su Ek Par\u00e7alar\u0131\",\"publisher\":{\"@id\":\"http:\\\/\\\/www.unisera.com\\\/#organization\"},\"potentialAction\":[{\"@type\":\"SearchAction\",\"target\":{\"@type\":\"EntryPoint\",\"urlTemplate\":\"http:\\\/\\\/www.unisera.com\\\/?s={search_term_string}\"},\"query-input\":{\"@type\":\"PropertyValueSpecification\",\"valueRequired\":true,\"valueName\":\"search_term_string\"}}],\"inLanguage\":\"en-US\"},{\"@type\":\"Organization\",\"@id\":\"http:\\\/\\\/www.unisera.com\\\/#organization\",\"name\":\"unisera damla sulama sistemleri a.\u015f\",\"url\":\"http:\\\/\\\/www.unisera.com\\\/\",\"logo\":{\"@type\":\"ImageObject\",\"inLanguage\":\"en-US\",\"@id\":\"http:\\\/\\\/www.unisera.com\\\/#\\\/schema\\\/logo\\\/image\\\/\",\"url\":\"http:\\\/\\\/www.unisera.com\\\/wp-content\\\/uploads\\\/2021\\\/06\\\/unisera_logo-revize-5-e1664807349517.png\",\"contentUrl\":\"http:\\\/\\\/www.unisera.com\\\/wp-content\\\/uploads\\\/2021\\\/06\\\/unisera_logo-revize-5-e1664807349517.png\",\"width\":200,\"height\":83,\"caption\":\"unisera damla sulama sistemleri a.\u015f\"},\"image\":{\"@id\":\"http:\\\/\\\/www.unisera.com\\\/#\\\/schema\\\/logo\\\/image\\\/\"}}]}<\/script>\n<!-- \/ Yoast SEO Premium plugin. -->","yoast_head_json":{"title":"\u0130\u00e7ten Di\u015fli Adapt\u00f6r - Unisera Damla Sulama Sistemleri A.\u015e. - PP Compression Fittings","robots":{"index":"index","follow":"follow","max-snippet":"max-snippet:-1","max-image-preview":"max-image-preview:large","max-video-preview":"max-video-preview:-1"},"canonical":"http:\/\/www.unisera.com\/en\/product\/icten-disli-adaptor\/","og_locale":"en_US","og_type":"article","og_title":"\u0130\u00e7ten Di\u015fli Adapt\u00f6r","og_url":"http:\/\/www.unisera.com\/product\/icten-disli-adaptor\/","og_site_name":"Unisera Damla Sulama Sistemleri A.\u015e. - PP Compression Fittings","article_modified_time":"2025-04-09T14:48:06+00:00","og_image":[{"width":1200,"height":800,"url":"http:\/\/www.unisera.com\/wp-content\/uploads\/2021\/06\/IMG_4351.jpg","type":"image\/jpeg"}],"twitter_card":"summary_large_image","twitter_description":"[jtrt_tables id='2535']","schema":{"@context":"https:\/\/schema.org","@graph":[{"@type":"WebPage","@id":"http:\/\/www.unisera.com\/product\/icten-disli-adaptor\/","url":"http:\/\/www.unisera.com\/product\/icten-disli-adaptor\/","name":"\u0130\u00e7ten Di\u015fli Adapt\u00f6r - Unisera Damla Sulama Sistemleri A.\u015e. - PP Compression Fittings","isPartOf":{"@id":"http:\/\/www.unisera.com\/#website"},"primaryImageOfPage":{"@id":"http:\/\/www.unisera.com\/product\/icten-disli-adaptor\/#primaryimage"},"image":{"@id":"http:\/\/www.unisera.com\/product\/icten-disli-adaptor\/#primaryimage"},"thumbnailUrl":"http:\/\/www.unisera.com\/wp-content\/uploads\/2021\/06\/IMG_4351.jpg","datePublished":"2025-03-06T05:13:06+00:00","dateModified":"2025-04-09T14:48:06+00:00","breadcrumb":{"@id":"http:\/\/www.unisera.com\/product\/icten-disli-adaptor\/#breadcrumb"},"inLanguage":"en-US","potentialAction":[{"@type":"ReadAction","target":["http:\/\/www.unisera.com\/product\/icten-disli-adaptor\/"]}]},{"@type":"ImageObject","inLanguage":"en-US","@id":"http:\/\/www.unisera.com\/product\/icten-disli-adaptor\/#primaryimage","url":"http:\/\/www.unisera.com\/wp-content\/uploads\/2021\/06\/IMG_4351.jpg","contentUrl":"http:\/\/www.unisera.com\/wp-content\/uploads\/2021\/06\/IMG_4351.jpg","width":1200,"height":800},{"@type":"BreadcrumbList","@id":"http:\/\/www.unisera.com\/product\/icten-disli-adaptor\/#breadcrumb","itemListElement":[{"@type":"ListItem","position":1,"name":"Home","item":"http:\/\/www.unisera.com\/en\/"},{"@type":"ListItem","position":2,"name":"Products","item":"http:\/\/www.unisera.com\/en\/shop\/"},{"@type":"ListItem","position":3,"name":"\u0130\u00e7ten Di\u015fli Adapt\u00f6r"}]},{"@type":"WebSite","@id":"http:\/\/www.unisera.com\/#website","url":"http:\/\/www.unisera.com\/","name":"Unisera Damla Sulama Sistemleri A.\u015e. - PP Compression Fittings","description":"Temiz Su Ek Par\u00e7alar\u0131","publisher":{"@id":"http:\/\/www.unisera.com\/#organization"},"potentialAction":[{"@type":"SearchAction","target":{"@type":"EntryPoint","urlTemplate":"http:\/\/www.unisera.com\/?s={search_term_string}"},"query-input":{"@type":"PropertyValueSpecification","valueRequired":true,"valueName":"search_term_string"}}],"inLanguage":"en-US"},{"@type":"Organization","@id":"http:\/\/www.unisera.com\/#organization","name":"unisera damla sulama sistemleri a.\u015f","url":"http:\/\/www.unisera.com\/","logo":{"@type":"ImageObject","inLanguage":"en-US","@id":"http:\/\/www.unisera.com\/#\/schema\/logo\/image\/","url":"http:\/\/www.unisera.com\/wp-content\/uploads\/2021\/06\/unisera_logo-revize-5-e1664807349517.png","contentUrl":"http:\/\/www.unisera.com\/wp-content\/uploads\/2021\/06\/unisera_logo-revize-5-e1664807349517.png","width":200,"height":83,"caption":"unisera damla sulama sistemleri a.\u015f"},"image":{"@id":"http:\/\/www.unisera.com\/#\/schema\/logo\/image\/"}}]}},"_links":{"self":[{"href":"http:\/\/www.unisera.com\/en\/wp-json\/wp\/v2\/product\/5022","targetHints":{"allow":["GET"]}}],"collection":[{"href":"http:\/\/www.unisera.com\/en\/wp-json\/wp\/v2\/product"}],"about":[{"href":"http:\/\/www.unisera.com\/en\/wp-json\/wp\/v2\/types\/product"}],"wp:featuredmedia":[{"embeddable":true,"href":"http:\/\/www.unisera.com\/en\/wp-json\/wp\/v2\/media\/2586"}],"wp:attachment":[{"href":"http:\/\/www.unisera.com\/en\/wp-json\/wp\/v2\/media?parent=5022"}],"wp:term":[{"taxonomy":"product_brand","embeddable":true,"href":"http:\/\/www.unisera.com\/en\/wp-json\/wp\/v2\/product_brand?post=5022"},{"taxonomy":"product_cat","embeddable":true,"href":"http:\/\/www.unisera.com\/en\/wp-json\/wp\/v2\/product_cat?post=5022"},{"taxonomy":"product_tag","embeddable":true,"href":"http:\/\/www.unisera.com\/en\/wp-json\/wp\/v2\/product_tag?post=5022"}],"curies":[{"name":"wp","href":"https:\/\/api.w.org\/{rel}","templated":true}]}}