{"id":2336,"date":"2019-04-18T07:12:05","date_gmt":"2019-04-18T07:12:05","guid":{"rendered":"http:\/\/www.unisera.com\/index.php\/home-3\/"},"modified":"2023-02-08T12:32:20","modified_gmt":"2023-02-08T09:32:20","slug":"home-3","status":"publish","type":"page","link":"http:\/\/www.unisera.com\/en\/","title":{"rendered":"MAIN MENU"},"content":{"rendered":"<div class=\"wpb-content-wrapper\"><p>[vc_row][vc_column][rev_slider_vc alias=&#8221;home-3-1&#8243;][\/vc_column][\/vc_row][vc_row el_class=&#8221;bg-second&#8221; css=&#8221;.vc_custom_1555470524461{padding-top: 28px !important;padding-bottom: 28px !important;}&#8221;][vc_column offset=&#8221;vc_col-md-9&#8243;][vc_column_text el_class=&#8221;text-light&#8221; css=&#8221;.vc_custom_1675848733836{margin-bottom: 0px !important;padding-top: 5px !important;}&#8221;]<\/p>\n<h2>2023 PRODUCT CATALOG PUBLISHED<\/h2>\n<p>[\/vc_column_text][vc_empty_space height=&#8221;20px&#8221; el_class=&#8221;lg-hidden&#8221;][\/vc_column][vc_column offset=&#8221;vc_col-md-3&#8243;]\n    <div class=\"text-right mobile-left\">\n        <a  class=\"btn   \" href=\"http:\/\/www.unisera.com\/unisera2023catalog.pdf\" style=\"\">REVIEW<\/a>\n    <\/div>\n\n    [\/vc_column][\/vc_row][vc_row el_class=&#8221;section-padd&#8221; css=&#8221;.vc_custom_1555472376004{background-color: #ffffff !important;}&#8221;][vc_column]\n    <div class=\"section-head \">\n                <h2 class=\"section-title\">Why Choose Us?<\/h2>\n            <\/div>\n\n[vc_empty_space height=&#8221;30px&#8221;][\/vc_column][vc_column width=&#8221;1\/2&#8243; offset=&#8221;vc_col-md-4&#8243;]\n        <div class=\"service-box icon-box bg-alt box-shadow-hover image \">\n                        <img loading=\"lazy\" decoding=\"async\" width=\"46\" height=\"51\" src=\"http:\/\/www.unisera.com\/wp-content\/uploads\/2019\/04\/icon-diamond.png\" class=\"img-responsive\" alt=\"\" \/>        <div class=\"content-box\">\n            <h4>Our quality policy<\/h4>\n            <p>While manufacturing our products, we test and approve them in the latest equipment test devices and make them ready, we take great care for each of our products from assembly to shipment.<\/p>\n                    <\/div>\n    <\/div>\n    \n    [vc_empty_space height=&#8221;20px&#8221; el_class=&#8221;lg-hidden&#8221;][\/vc_column][vc_column width=&#8221;1\/2&#8243; offset=&#8221;vc_col-md-4&#8243;]\n        <div class=\"service-box icon-box bg-alt box-shadow-hover image \">\n                        <img loading=\"lazy\" decoding=\"async\" width=\"34\" height=\"50\" src=\"http:\/\/www.unisera.com\/wp-content\/uploads\/2019\/04\/icon-light.png\" class=\"img-responsive\" alt=\"\" \/>        <div class=\"content-box\">\n            <h4>Original Raw Material<\/h4>\n            <p>We use 100% original raw materials in all of our products.<\/p>\n                    <\/div>\n    <\/div>\n    \n    [vc_empty_space height=&#8221;20px&#8221; el_class=&#8221;lg-hidden&#8221;][\/vc_column][vc_column offset=&#8221;vc_col-md-4&#8243;]\n        <div class=\"service-box icon-box bg-alt box-shadow-hover image \">\n                        <img loading=\"lazy\" decoding=\"async\" width=\"38\" height=\"50\" src=\"http:\/\/www.unisera.com\/wp-content\/uploads\/2019\/04\/icon-paper.png\" class=\"img-responsive\" alt=\"\" \/>        <div class=\"content-box\">\n            <h4>Our Export Success<\/h4>\n            <p>We are proud of being able to carefully package and send our products to all over the world.<\/p>\n                    <\/div>\n    <\/div>\n    \n    [\/vc_column][\/vc_row][vc_row el_class=&#8221;section-padd&#8221; css=&#8221;.vc_custom_1555571851249{background-image: url(http:\/\/www.unisera.com\/wp-content\/uploads\/2019\/04\/bg-home3.jpg?id=1922) !important;background-position: center !important;background-repeat: no-repeat !important;background-size: cover !important;}&#8221;][vc_column offset=&#8221;vc_col-md-9&#8243;]\n    <div class=\"section-head  text-light\">\n                <h2 class=\"section-title\">OUR PRODUCTS<\/h2>\n            <\/div>\n\n[\/vc_column][vc_column offset=&#8221;vc_col-md-3&#8243;][\/vc_column][vc_column][vc_empty_space height=&#8221;30px&#8221;][vc_row_inner][vc_column_inner width=&#8221;1\/2&#8243; offset=&#8221;vc_col-md-4&#8243; css=&#8221;.vc_custom_1555486233143{padding-right: 1px !important;padding-left: 0px !important;}&#8221;]\n    <a href=\"http:\/\/www.unisera.com\/en\/pp-compression-fittings\/\">    <div class=\"service-box icon-box  image transparent hover-box\">\n                        <img loading=\"lazy\" decoding=\"async\" width=\"50\" height=\"51\" src=\"http:\/\/www.unisera.com\/wp-content\/uploads\/2021\/06\/kaplin1.png\" class=\"img-responsive\" alt=\"kaplin ek par\u00e7alar\" \/>        <div class=\"content-box\">\n            <h4>PP Compression Fittings<\/h4>\n            <p><\/p>\n                    <\/div>\n    <\/div>\n    <\/a>\n    [vc_empty_space height=&#8221;1px&#8221;][\/vc_column_inner][vc_column_inner width=&#8221;1\/2&#8243; offset=&#8221;vc_col-md-4&#8243; css=&#8221;.vc_custom_1555487903528{padding-right: 1px !important;padding-left: 0px !important;}&#8221;]\n    <a href=\"http:\/\/www.unisera.com\/en\/compression-valves\/\">    <div class=\"service-box icon-box  image transparent hover-box\">\n                        <img loading=\"lazy\" decoding=\"async\" width=\"50\" height=\"51\" src=\"http:\/\/www.unisera.com\/wp-content\/uploads\/2021\/06\/vanalar1.png\" class=\"img-responsive\" alt=\"\" \/>        <div class=\"content-box\">\n            <h4>Compression Valves<\/h4>\n            <p><\/p>\n                    <\/div>\n    <\/div>\n    <\/a>\n    [vc_empty_space height=&#8221;1px&#8221;][\/vc_column_inner][vc_column_inner width=&#8221;1\/2&#8243; offset=&#8221;vc_col-md-4&#8243; css=&#8221;.vc_custom_1555487960055{padding-right: 1px !important;padding-left: 0px !important;}&#8221;]\n    <a href=\"http:\/\/www.unisera.com\/en\/plastic-fittings\/\">    <div class=\"service-box icon-box  image transparent hover-box\">\n                        <img loading=\"lazy\" decoding=\"async\" width=\"50\" height=\"51\" src=\"http:\/\/www.unisera.com\/wp-content\/uploads\/2021\/06\/fittings1.png\" class=\"img-responsive\" alt=\"\" \/>        <div class=\"content-box\">\n            <h4>Plastic Fittings<\/h4>\n            <p><\/p>\n                    <\/div>\n    <\/div>\n    <\/a>\n    [vc_empty_space height=&#8221;1px&#8221;][\/vc_column_inner][vc_column_inner width=&#8221;1\/2&#8243; offset=&#8221;vc_col-md-4&#8243; css=&#8221;.vc_custom_1555486403937{padding-right: 1px !important;padding-left: 0px !important;}&#8221;]\n    <a href=\"http:\/\/www.unisera.com\/en\/clamp-saddles\/\">    <div class=\"service-box icon-box  image transparent hover-box\">\n                        <img loading=\"lazy\" decoding=\"async\" width=\"50\" height=\"51\" src=\"http:\/\/www.unisera.com\/wp-content\/uploads\/2021\/06\/kolyeler1.png\" class=\"img-responsive\" alt=\"\" \/>        <div class=\"content-box\">\n            <h4>Clamp Saddles<\/h4>\n            <p><\/p>\n                    <\/div>\n    <\/div>\n    <\/a>\n    [vc_empty_space height=&#8221;1px&#8221; el_class=&#8221;lg-hidden&#8221;][\/vc_column_inner][vc_column_inner width=&#8221;1\/2&#8243; offset=&#8221;vc_col-md-4&#8243; css=&#8221;.vc_custom_1555488243448{padding-right: 1px !important;padding-left: 0px !important;}&#8221;]\n    <a href=\"http:\/\/www.unisera.com\/en\/armored-series\/\">    <div class=\"service-box icon-box  image transparent hover-box\">\n                        <img loading=\"lazy\" decoding=\"async\" width=\"56\" height=\"56\" src=\"http:\/\/www.unisera.com\/wp-content\/uploads\/2021\/06\/yuzukluler1.png\" class=\"img-responsive\" alt=\"\" \/>        <div class=\"content-box\">\n            <h4>Armored Series<\/h4>\n            <p><\/p>\n                    <\/div>\n    <\/div>\n    <\/a>\n    [vc_empty_space height=&#8221;1px&#8221; el_class=&#8221;lg-hidden&#8221;][\/vc_column_inner][vc_column_inner width=&#8221;1\/2&#8243; offset=&#8221;vc_col-md-4&#8243; css=&#8221;.vc_custom_1555488313423{padding-right: 1px !important;padding-left: 0px !important;}&#8221;]\n    <a href=\"http:\/\/www.unisera.com\/en\/custom-made-adapters\/\">    <div class=\"service-box icon-box  image transparent hover-box\">\n                        <img loading=\"lazy\" decoding=\"async\" width=\"50\" height=\"51\" src=\"http:\/\/www.unisera.com\/wp-content\/uploads\/2021\/06\/ozel-imalat.png\" class=\"img-responsive\" alt=\"\" \/>        <div class=\"content-box\">\n            <h4>Custom Made Adapters<\/h4>\n            <p><\/p>\n                    <\/div>\n    <\/div>\n    <\/a>\n    [\/vc_column_inner][\/vc_row_inner][\/vc_column][\/vc_row]<\/p>\n<\/div>","protected":false},"excerpt":{"rendered":"<p>[vc_row][vc_column][rev_slider_vc alias=&#8221;home-3-1&#8243;][\/vc_column][\/vc_row][vc_row el_class=&#8221;bg-second&#8221; css=&#8221;.vc_custom_1555470524461{padding-top: 28px !important;padding-bottom: 28px !important;}&#8221;][vc_column offset=&#8221;vc_col-md-9&#8243;][vc_column_text el_class=&#8221;text-light&#8221; css=&#8221;.vc_custom_1675848733836{margin-bottom: 0px !important;padding-top: 5px !important;}&#8221;] 2023 PRODUCT CATALOG PUBLISHED [\/vc_column_text][vc_empty_space height=&#8221;20px&#8221; el_class=&#8221;lg-hidden&#8221;][\/vc_column][vc_column offset=&#8221;vc_col-md-3&#8243;][\/vc_column][\/vc_row][vc_row el_class=&#8221;section-padd&#8221; css=&#8221;.vc_custom_1555472376004{background-color: #ffffff !important;}&#8221;][vc_column][vc_empty_space height=&#8221;30px&#8221;][\/vc_column][vc_column width=&#8221;1\/2&#8243; offset=&#8221;vc_col-md-4&#8243;][vc_empty_space height=&#8221;20px&#8221; el_class=&#8221;lg-hidden&#8221;][\/vc_column][vc_column width=&#8221;1\/2&#8243; offset=&#8221;vc_col-md-4&#8243;][vc_empty_space height=&#8221;20px&#8221; el_class=&#8221;lg-hidden&#8221;][\/vc_column][vc_column offset=&#8221;vc_col-md-4&#8243;][\/vc_column][\/vc_row][vc_row el_class=&#8221;section-padd&#8221; css=&#8221;.vc_custom_1555571851249{background-image: url(http:\/\/www.unisera.com\/wp-content\/uploads\/2019\/04\/bg-home3.jpg?id=1922) !important;background-position: center !important;background-repeat: no-repeat !important;background-size: cover !important;}&#8221;][vc_column offset=&#8221;vc_col-md-9&#8243;][\/vc_column][vc_column offset=&#8221;vc_col-md-3&#8243;][\/vc_column][vc_column][vc_empty_space height=&#8221;30px&#8221;][vc_row_inner][vc_column_inner width=&#8221;1\/2&#8243; offset=&#8221;vc_col-md-4&#8243; css=&#8221;.vc_custom_1555486233143{padding-right: 1px !important;padding-left: [&hellip;]<\/p>\n","protected":false},"author":1,"featured_media":0,"parent":0,"menu_order":0,"comment_status":"closed","ping_status":"closed","template":"","meta":{"_joinchat":[],"footnotes":""},"class_list":["post-2336","page","type-page","status-publish","hentry"],"yoast_head":"<!-- This site is optimized with the Yoast SEO Premium plugin v24.7 (Yoast SEO v27.4) - https:\/\/yoast.com\/product\/yoast-seo-premium-wordpress\/ -->\n<title>MAIN MENU - Unisera Damla Sulama Sistemleri A.\u015e. - PP Compression Fittings<\/title>\n<meta name=\"robots\" content=\"index, follow, max-snippet:-1, max-image-preview:large, max-video-preview:-1\" \/>\n<link rel=\"canonical\" href=\"https:\/\/www.unisera.com\/en\/\" \/>\n<meta property=\"og:locale\" content=\"en_US\" \/>\n<meta property=\"og:type\" content=\"article\" \/>\n<meta property=\"og:title\" content=\"MAIN MENU\" \/>\n<meta property=\"og:description\" content=\"[vc_row][vc_column][rev_slider_vc alias=&#8221;home-3-1&#8243;][\/vc_column][\/vc_row][vc_row el_class=&#8221;bg-second&#8221; css=&#8221;.vc_custom_1555470524461{padding-top: 28px !important;padding-bottom: 28px !important;}&#8221;][vc_column offset=&#8221;vc_col-md-9&#8243;][vc_column_text el_class=&#8221;text-light&#8221; css=&#8221;.vc_custom_1675848733836{margin-bottom: 0px !important;padding-top: 5px !important;}&#8221;] 2023 PRODUCT CATALOG PUBLISHED [\/vc_column_text][vc_empty_space height=&#8221;20px&#8221; el_class=&#8221;lg-hidden&#8221;][\/vc_column][vc_column offset=&#8221;vc_col-md-3&#8243;][\/vc_column][\/vc_row][vc_row el_class=&#8221;section-padd&#8221; css=&#8221;.vc_custom_1555472376004{background-color: #ffffff !important;}&#8221;][vc_column][vc_empty_space height=&#8221;30px&#8221;][\/vc_column][vc_column width=&#8221;1\/2&#8243; offset=&#8221;vc_col-md-4&#8243;][vc_empty_space height=&#8221;20px&#8221; el_class=&#8221;lg-hidden&#8221;][\/vc_column][vc_column width=&#8221;1\/2&#8243; offset=&#8221;vc_col-md-4&#8243;][vc_empty_space height=&#8221;20px&#8221; el_class=&#8221;lg-hidden&#8221;][\/vc_column][vc_column offset=&#8221;vc_col-md-4&#8243;][\/vc_column][\/vc_row][vc_row el_class=&#8221;section-padd&#8221; css=&#8221;.vc_custom_1555571851249{background-image: url(http:\/\/www.unisera.com\/wp-content\/uploads\/2019\/04\/bg-home3.jpg?id=1922) !important;background-position: center !important;background-repeat: no-repeat !important;background-size: cover !important;}&#8221;][vc_column offset=&#8221;vc_col-md-9&#8243;][\/vc_column][vc_column offset=&#8221;vc_col-md-3&#8243;][\/vc_column][vc_column][vc_empty_space height=&#8221;30px&#8221;][vc_row_inner][vc_column_inner width=&#8221;1\/2&#8243; offset=&#8221;vc_col-md-4&#8243; css=&#8221;.vc_custom_1555486233143{padding-right: 1px !important;padding-left: [&hellip;]\" \/>\n<meta property=\"og:url\" content=\"https:\/\/www.unisera.com\/en\/\" \/>\n<meta property=\"og:site_name\" content=\"Unisera Damla Sulama Sistemleri A.\u015e. - PP Compression Fittings\" \/>\n<meta property=\"article:modified_time\" content=\"2023-02-08T09:32:20+00:00\" \/>\n<meta name=\"twitter:card\" content=\"summary_large_image\" \/>\n<meta name=\"twitter:label1\" content=\"Est. reading time\" \/>\n\t<meta name=\"twitter:data1\" content=\"3 minutes\" \/>\n<script type=\"application\/ld+json\" class=\"yoast-schema-graph\">{\"@context\":\"https:\\\/\\\/schema.org\",\"@graph\":[{\"@type\":\"WebPage\",\"@id\":\"https:\\\/\\\/www.unisera.com\\\/en\\\/\",\"url\":\"https:\\\/\\\/www.unisera.com\\\/en\\\/\",\"name\":\"MAIN MENU - Unisera Damla Sulama Sistemleri A.\u015e. - PP Compression Fittings\",\"isPartOf\":{\"@id\":\"http:\\\/\\\/www.unisera.com\\\/#website\"},\"datePublished\":\"2019-04-18T07:12:05+00:00\",\"dateModified\":\"2023-02-08T09:32:20+00:00\",\"breadcrumb\":{\"@id\":\"https:\\\/\\\/www.unisera.com\\\/en\\\/#breadcrumb\"},\"inLanguage\":\"en-US\",\"potentialAction\":[{\"@type\":\"ReadAction\",\"target\":[\"https:\\\/\\\/www.unisera.com\\\/en\\\/\"]}]},{\"@type\":\"BreadcrumbList\",\"@id\":\"https:\\\/\\\/www.unisera.com\\\/en\\\/#breadcrumb\",\"itemListElement\":[{\"@type\":\"ListItem\",\"position\":1,\"name\":\"Home\",\"item\":\"https:\\\/\\\/www.unisera.com\\\/en\\\/\"},{\"@type\":\"ListItem\",\"position\":2,\"name\":\"MAIN MENU\"}]},{\"@type\":\"WebSite\",\"@id\":\"http:\\\/\\\/www.unisera.com\\\/#website\",\"url\":\"http:\\\/\\\/www.unisera.com\\\/\",\"name\":\"Unisera Damla Sulama Sistemleri A.\u015e. - PP Compression Fittings\",\"description\":\"Temiz Su Ek Par\u00e7alar\u0131\",\"publisher\":{\"@id\":\"http:\\\/\\\/www.unisera.com\\\/#organization\"},\"potentialAction\":[{\"@type\":\"SearchAction\",\"target\":{\"@type\":\"EntryPoint\",\"urlTemplate\":\"http:\\\/\\\/www.unisera.com\\\/?s={search_term_string}\"},\"query-input\":{\"@type\":\"PropertyValueSpecification\",\"valueRequired\":true,\"valueName\":\"search_term_string\"}}],\"inLanguage\":\"en-US\"},{\"@type\":\"Organization\",\"@id\":\"http:\\\/\\\/www.unisera.com\\\/#organization\",\"name\":\"unisera damla sulama sistemleri a.\u015f\",\"url\":\"http:\\\/\\\/www.unisera.com\\\/\",\"logo\":{\"@type\":\"ImageObject\",\"inLanguage\":\"en-US\",\"@id\":\"http:\\\/\\\/www.unisera.com\\\/#\\\/schema\\\/logo\\\/image\\\/\",\"url\":\"http:\\\/\\\/www.unisera.com\\\/wp-content\\\/uploads\\\/2021\\\/06\\\/unisera_logo-revize-5-e1664807349517.png\",\"contentUrl\":\"http:\\\/\\\/www.unisera.com\\\/wp-content\\\/uploads\\\/2021\\\/06\\\/unisera_logo-revize-5-e1664807349517.png\",\"width\":200,\"height\":83,\"caption\":\"unisera damla sulama sistemleri a.\u015f\"},\"image\":{\"@id\":\"http:\\\/\\\/www.unisera.com\\\/#\\\/schema\\\/logo\\\/image\\\/\"}}]}<\/script>\n<!-- \/ Yoast SEO Premium plugin. -->","yoast_head_json":{"title":"MAIN MENU - Unisera Damla Sulama Sistemleri A.\u015e. - PP Compression Fittings","robots":{"index":"index","follow":"follow","max-snippet":"max-snippet:-1","max-image-preview":"max-image-preview:large","max-video-preview":"max-video-preview:-1"},"canonical":"https:\/\/www.unisera.com\/en\/","og_locale":"en_US","og_type":"article","og_title":"MAIN MENU","og_description":"[vc_row][vc_column][rev_slider_vc alias=&#8221;home-3-1&#8243;][\/vc_column][\/vc_row][vc_row el_class=&#8221;bg-second&#8221; css=&#8221;.vc_custom_1555470524461{padding-top: 28px !important;padding-bottom: 28px !important;}&#8221;][vc_column offset=&#8221;vc_col-md-9&#8243;][vc_column_text el_class=&#8221;text-light&#8221; css=&#8221;.vc_custom_1675848733836{margin-bottom: 0px !important;padding-top: 5px !important;}&#8221;] 2023 PRODUCT CATALOG PUBLISHED [\/vc_column_text][vc_empty_space height=&#8221;20px&#8221; el_class=&#8221;lg-hidden&#8221;][\/vc_column][vc_column offset=&#8221;vc_col-md-3&#8243;][\/vc_column][\/vc_row][vc_row el_class=&#8221;section-padd&#8221; css=&#8221;.vc_custom_1555472376004{background-color: #ffffff !important;}&#8221;][vc_column][vc_empty_space height=&#8221;30px&#8221;][\/vc_column][vc_column width=&#8221;1\/2&#8243; offset=&#8221;vc_col-md-4&#8243;][vc_empty_space height=&#8221;20px&#8221; el_class=&#8221;lg-hidden&#8221;][\/vc_column][vc_column width=&#8221;1\/2&#8243; offset=&#8221;vc_col-md-4&#8243;][vc_empty_space height=&#8221;20px&#8221; el_class=&#8221;lg-hidden&#8221;][\/vc_column][vc_column offset=&#8221;vc_col-md-4&#8243;][\/vc_column][\/vc_row][vc_row el_class=&#8221;section-padd&#8221; css=&#8221;.vc_custom_1555571851249{background-image: url(http:\/\/www.unisera.com\/wp-content\/uploads\/2019\/04\/bg-home3.jpg?id=1922) !important;background-position: center !important;background-repeat: no-repeat !important;background-size: cover !important;}&#8221;][vc_column offset=&#8221;vc_col-md-9&#8243;][\/vc_column][vc_column offset=&#8221;vc_col-md-3&#8243;][\/vc_column][vc_column][vc_empty_space height=&#8221;30px&#8221;][vc_row_inner][vc_column_inner width=&#8221;1\/2&#8243; offset=&#8221;vc_col-md-4&#8243; css=&#8221;.vc_custom_1555486233143{padding-right: 1px !important;padding-left: [&hellip;]","og_url":"https:\/\/www.unisera.com\/en\/","og_site_name":"Unisera Damla Sulama Sistemleri A.\u015e. - PP Compression Fittings","article_modified_time":"2023-02-08T09:32:20+00:00","twitter_card":"summary_large_image","twitter_misc":{"Est. reading time":"3 minutes"},"schema":{"@context":"https:\/\/schema.org","@graph":[{"@type":"WebPage","@id":"https:\/\/www.unisera.com\/en\/","url":"https:\/\/www.unisera.com\/en\/","name":"MAIN MENU - Unisera Damla Sulama Sistemleri A.\u015e. - PP Compression Fittings","isPartOf":{"@id":"http:\/\/www.unisera.com\/#website"},"datePublished":"2019-04-18T07:12:05+00:00","dateModified":"2023-02-08T09:32:20+00:00","breadcrumb":{"@id":"https:\/\/www.unisera.com\/en\/#breadcrumb"},"inLanguage":"en-US","potentialAction":[{"@type":"ReadAction","target":["https:\/\/www.unisera.com\/en\/"]}]},{"@type":"BreadcrumbList","@id":"https:\/\/www.unisera.com\/en\/#breadcrumb","itemListElement":[{"@type":"ListItem","position":1,"name":"Home","item":"https:\/\/www.unisera.com\/en\/"},{"@type":"ListItem","position":2,"name":"MAIN MENU"}]},{"@type":"WebSite","@id":"http:\/\/www.unisera.com\/#website","url":"http:\/\/www.unisera.com\/","name":"Unisera Damla Sulama Sistemleri A.\u015e. - PP Compression Fittings","description":"Temiz Su Ek Par\u00e7alar\u0131","publisher":{"@id":"http:\/\/www.unisera.com\/#organization"},"potentialAction":[{"@type":"SearchAction","target":{"@type":"EntryPoint","urlTemplate":"http:\/\/www.unisera.com\/?s={search_term_string}"},"query-input":{"@type":"PropertyValueSpecification","valueRequired":true,"valueName":"search_term_string"}}],"inLanguage":"en-US"},{"@type":"Organization","@id":"http:\/\/www.unisera.com\/#organization","name":"unisera damla sulama sistemleri a.\u015f","url":"http:\/\/www.unisera.com\/","logo":{"@type":"ImageObject","inLanguage":"en-US","@id":"http:\/\/www.unisera.com\/#\/schema\/logo\/image\/","url":"http:\/\/www.unisera.com\/wp-content\/uploads\/2021\/06\/unisera_logo-revize-5-e1664807349517.png","contentUrl":"http:\/\/www.unisera.com\/wp-content\/uploads\/2021\/06\/unisera_logo-revize-5-e1664807349517.png","width":200,"height":83,"caption":"unisera damla sulama sistemleri a.\u015f"},"image":{"@id":"http:\/\/www.unisera.com\/#\/schema\/logo\/image\/"}}]}},"_links":{"self":[{"href":"http:\/\/www.unisera.com\/en\/wp-json\/wp\/v2\/pages\/2336","targetHints":{"allow":["GET"]}}],"collection":[{"href":"http:\/\/www.unisera.com\/en\/wp-json\/wp\/v2\/pages"}],"about":[{"href":"http:\/\/www.unisera.com\/en\/wp-json\/wp\/v2\/types\/page"}],"author":[{"embeddable":true,"href":"http:\/\/www.unisera.com\/en\/wp-json\/wp\/v2\/users\/1"}],"replies":[{"embeddable":true,"href":"http:\/\/www.unisera.com\/en\/wp-json\/wp\/v2\/comments?post=2336"}],"version-history":[{"count":19,"href":"http:\/\/www.unisera.com\/en\/wp-json\/wp\/v2\/pages\/2336\/revisions"}],"predecessor-version":[{"id":4878,"href":"http:\/\/www.unisera.com\/en\/wp-json\/wp\/v2\/pages\/2336\/revisions\/4878"}],"wp:attachment":[{"href":"http:\/\/www.unisera.com\/en\/wp-json\/wp\/v2\/media?parent=2336"}],"curies":[{"name":"wp","href":"https:\/\/api.w.org\/{rel}","templated":true}]}}