{"id":3822,"date":"2021-06-14T16:21:40","date_gmt":"2021-06-14T13:21:40","guid":{"rendered":"http:\/\/www.unisera.com\/priz-kolyeler\/"},"modified":"2021-06-30T12:56:54","modified_gmt":"2021-06-30T09:56:54","slug":"priz-kolyeler","status":"publish","type":"page","link":"http:\/\/www.unisera.com\/ar\/priz-kolyeler\/","title":{"rendered":"Priz Kolyeler"},"content":{"rendered":"<div class=\"wpb-content-wrapper\"><p>[vc_row][vc_column][vc_row_inner][vc_column_inner width=&#8221;1\/3&#8243;][vc_single_image image=&#8221;2561&#8243; onclick=&#8221;custom_link&#8221; link=&#8221;http:\/\/www.unisera.com\/civatali-priz-kolye\/&#8221;][vc_custom_heading text=&#8221;Civatal\u0131 Priz Kolye&#8221; font_container=&#8221;tag:h3|text_align:left&#8221; link=&#8221;url:http%3A%2F%2Fwww.unisera.com%2Fcivatali-priz-kolye%2F|title:Civatal%C4%B1%20Priz%20Kolye&#8221;][\/vc_column_inner][vc_column_inner width=&#8221;1\/3&#8243;][vc_single_image image=&#8221;3065&#8243; onclick=&#8221;custom_link&#8221; link=&#8221;http:\/\/www.unisera.com\/kilitli-conta-ve-desenli-civatali-cift-cikisli-priz-kolye\/&#8221;][vc_custom_heading text=&#8221;Kilitli Contal\u0131 ve Desenli Civatal\u0131 \u00c7ift \u00c7\u0131k\u0131\u015fl\u0131 Priz Kolye&#8221; font_container=&#8221;tag:h3|text_align:left&#8221; link=&#8221;url:http%3A%2F%2Fwww.unisera.com%2Fkilitli-conta-ve-desenli-civatali-cift-cikisli-priz-kolye%2F|title:Kilitli%20Contal%C4%B1%20ve%20Desenli%20Civatal%C4%B1%20%C3%87ift%20%C3%87%C4%B1k%C4%B1%C5%9Fl%C4%B1%20Priz%20Kolye&#8221;][\/vc_column_inner][vc_column_inner width=&#8221;1\/3&#8243;][vc_single_image image=&#8221;3079&#8243; onclick=&#8221;custom_link&#8221; link=&#8221;http:\/\/www.unisera.com\/stoplu-kizakli-priz-kolye\/&#8221;][vc_custom_heading text=&#8221;(Stoplu) K\u0131zakl\u0131 Priz Kolye&#8221; font_container=&#8221;tag:h3|text_align:left&#8221; link=&#8221;url:http%3A%2F%2Fwww.unisera.com%2Fstoplu-kizakli-priz-kolye%2F|title:Stoplu%20K%C4%B1zakl%C4%B1%20Priz%20Kolye&#8221;][\/vc_column_inner][\/vc_row_inner][vc_separator][vc_row_inner][vc_column_inner width=&#8221;1\/3&#8243;][vc_single_image image=&#8221;3087&#8243; onclick=&#8221;custom_link&#8221; link=&#8221;http:\/\/www.unisera.com\/stoplu-kizakli-cift-cikisli-priz-kolye\/&#8221;][vc_custom_heading text=&#8221;(Stoplu) K\u0131zakl\u0131 \u00c7ift \u00c7\u0131k\u0131\u015fl\u0131 Priz Kolye&#8221; font_container=&#8221;tag:h3|text_align:left&#8221; link=&#8221;url:http%3A%2F%2Fwww.unisera.com%2Fstoplu-kizakli-cift-cikisli-priz-kolye%2F|title:Stoplu%20K%C4%B1zakl%C4%B1%20%C3%87ift%20%C3%87%C4%B1k%C4%B1%C5%9Fl%C4%B1%20Priz%20Kolye&#8221;][\/vc_column_inner][vc_column_inner width=&#8221;1\/3&#8243;][vc_single_image image=&#8221;3122&#8243; onclick=&#8221;custom_link&#8221; link=&#8221;http:\/\/www.unisera.com\/metal-cikisli-priz-kolye\/&#8221;][vc_custom_heading text=&#8221;Kilitli Contal\u0131 ve Civatal\u0131 Orjinal Pirin\u00e7 \u00c7\u0131k\u0131\u015fl\u0131 Priz Kolye&#8221; font_container=&#8221;tag:h3|text_align:left&#8221; link=&#8221;url:http%3A%2F%2Fwww.unisera.com%2Fmetal-cikisli-priz-kolye%2F|title:Kilitli%20Contal%C4%B1%20ve%20Civatal%C4%B1%20Orjinal%20Pirin%C3%A7%20%C3%87%C4%B1k%C4%B1%C5%9Fl%C4%B1%20Priz%20Kolye&#8221;][\/vc_column_inner][vc_column_inner width=&#8221;1\/3&#8243;][vc_single_image image=&#8221;3095&#8243; onclick=&#8221;custom_link&#8221; link=&#8221;http:\/\/www.unisera.com\/kaplin-priz-kolye\/&#8221;][vc_custom_heading text=&#8221;Kaplin Priz Kolye&#8221; font_container=&#8221;tag:h3|text_align:left&#8221; link=&#8221;url:http%3A%2F%2Fwww.unisera.com%2Fkaplin-priz-kolye%2F|title:Kaplin%20Priz%20Kolye&#8221;][\/vc_column_inner][\/vc_row_inner][vc_separator][\/vc_column][\/vc_row][vc_row][vc_column][vc_column_text][\/vc_column_text][\/vc_column][\/vc_row]<\/p>\n<\/div>","protected":false},"excerpt":{"rendered":"<p>[vc_row][vc_column][vc_row_inner][vc_column_inner width=&#8221;1\/3&#8243;][vc_single_image image=&#8221;2561&#8243; onclick=&#8221;custom_link&#8221; link=&#8221;http:\/\/www.unisera.com\/civatali-priz-kolye\/&#8221;][vc_custom_heading text=&#8221;Civatal\u0131 Priz Kolye&#8221; font_container=&#8221;tag:h3|text_align:left&#8221; link=&#8221;url:http%3A%2F%2Fwww.unisera.com%2Fcivatali-priz-kolye%2F|title:Civatal%C4%B1%20Priz%20Kolye&#8221;][\/vc_column_inner][vc_column_inner width=&#8221;1\/3&#8243;][vc_single_image image=&#8221;3065&#8243; onclick=&#8221;custom_link&#8221; link=&#8221;http:\/\/www.unisera.com\/kilitli-conta-ve-desenli-civatali-cift-cikisli-priz-kolye\/&#8221;][vc_custom_heading text=&#8221;Kilitli Contal\u0131 ve Desenli Civatal\u0131 \u00c7ift \u00c7\u0131k\u0131\u015fl\u0131 Priz Kolye&#8221; font_container=&#8221;tag:h3|text_align:left&#8221; link=&#8221;url:http%3A%2F%2Fwww.unisera.com%2Fkilitli-conta-ve-desenli-civatali-cift-cikisli-priz-kolye%2F|title:Kilitli%20Contal%C4%B1%20ve%20Desenli%20Civatal%C4%B1%20%C3%87ift%20%C3%87%C4%B1k%C4%B1%C5%9Fl%C4%B1%20Priz%20Kolye&#8221;][\/vc_column_inner][vc_column_inner width=&#8221;1\/3&#8243;][vc_single_image image=&#8221;3079&#8243; onclick=&#8221;custom_link&#8221; link=&#8221;http:\/\/www.unisera.com\/stoplu-kizakli-priz-kolye\/&#8221;][vc_custom_heading text=&#8221;(Stoplu) K\u0131zakl\u0131 Priz Kolye&#8221; font_container=&#8221;tag:h3|text_align:left&#8221; link=&#8221;url:http%3A%2F%2Fwww.unisera.com%2Fstoplu-kizakli-priz-kolye%2F|title:Stoplu%20K%C4%B1zakl%C4%B1%20Priz%20Kolye&#8221;][\/vc_column_inner][\/vc_row_inner][vc_separator][vc_row_inner][vc_column_inner width=&#8221;1\/3&#8243;][vc_single_image image=&#8221;3087&#8243; onclick=&#8221;custom_link&#8221; link=&#8221;http:\/\/www.unisera.com\/stoplu-kizakli-cift-cikisli-priz-kolye\/&#8221;][vc_custom_heading text=&#8221;(Stoplu) K\u0131zakl\u0131 \u00c7ift \u00c7\u0131k\u0131\u015fl\u0131 Priz Kolye&#8221; font_container=&#8221;tag:h3|text_align:left&#8221; link=&#8221;url:http%3A%2F%2Fwww.unisera.com%2Fstoplu-kizakli-cift-cikisli-priz-kolye%2F|title:Stoplu%20K%C4%B1zakl%C4%B1%20%C3%87ift%20%C3%87%C4%B1k%C4%B1%C5%9Fl%C4%B1%20Priz%20Kolye&#8221;][\/vc_column_inner][vc_column_inner width=&#8221;1\/3&#8243;][vc_single_image image=&#8221;3122&#8243; onclick=&#8221;custom_link&#8221; link=&#8221;http:\/\/www.unisera.com\/metal-cikisli-priz-kolye\/&#8221;][vc_custom_heading text=&#8221;Kilitli Contal\u0131 ve Civatal\u0131 [&hellip;]<\/p>\n","protected":false},"author":1,"featured_media":0,"parent":0,"menu_order":0,"comment_status":"closed","ping_status":"closed","template":"","meta":{"_joinchat":[],"footnotes":""},"class_list":["post-3822","page","type-page","status-publish","hentry"],"yoast_head":"<!-- This site is optimized with the Yoast SEO Premium plugin v24.7 (Yoast SEO v27.4) - https:\/\/yoast.com\/product\/yoast-seo-premium-wordpress\/ -->\n<title>Priz Kolyeler - Unisera Damla Sulama Sistemleri A.\u015e. - PP Compression Fittings<\/title>\n<meta name=\"robots\" content=\"index, follow, max-snippet:-1, max-image-preview:large, max-video-preview:-1\" \/>\n<link rel=\"canonical\" href=\"http:\/\/www.unisera.com\/ar\/priz-kolyeler\/\" \/>\n<meta property=\"og:locale\" content=\"ar_AR\" \/>\n<meta property=\"og:type\" content=\"article\" \/>\n<meta property=\"og:title\" content=\"Priz Kolyeler\" \/>\n<meta property=\"og:description\" content=\"[vc_row][vc_column][vc_row_inner][vc_column_inner width=&#8221;1\/3&#8243;][vc_single_image image=&#8221;2561&#8243; onclick=&#8221;custom_link&#8221; link=&#8221;http:\/\/www.unisera.com\/civatali-priz-kolye\/&#8221;][vc_custom_heading text=&#8221;Civatal\u0131 Priz Kolye&#8221; font_container=&#8221;tag:h3|text_align:left&#8221; link=&#8221;url:http%3A%2F%2Fwww.unisera.com%2Fcivatali-priz-kolye%2F|title:Civatal%C4%B1%20Priz%20Kolye&#8221;][\/vc_column_inner][vc_column_inner width=&#8221;1\/3&#8243;][vc_single_image image=&#8221;3065&#8243; onclick=&#8221;custom_link&#8221; link=&#8221;http:\/\/www.unisera.com\/kilitli-conta-ve-desenli-civatali-cift-cikisli-priz-kolye\/&#8221;][vc_custom_heading text=&#8221;Kilitli Contal\u0131 ve Desenli Civatal\u0131 \u00c7ift \u00c7\u0131k\u0131\u015fl\u0131 Priz Kolye&#8221; font_container=&#8221;tag:h3|text_align:left&#8221; link=&#8221;url:http%3A%2F%2Fwww.unisera.com%2Fkilitli-conta-ve-desenli-civatali-cift-cikisli-priz-kolye%2F|title:Kilitli%20Contal%C4%B1%20ve%20Desenli%20Civatal%C4%B1%20%C3%87ift%20%C3%87%C4%B1k%C4%B1%C5%9Fl%C4%B1%20Priz%20Kolye&#8221;][\/vc_column_inner][vc_column_inner width=&#8221;1\/3&#8243;][vc_single_image image=&#8221;3079&#8243; onclick=&#8221;custom_link&#8221; link=&#8221;http:\/\/www.unisera.com\/stoplu-kizakli-priz-kolye\/&#8221;][vc_custom_heading text=&#8221;(Stoplu) K\u0131zakl\u0131 Priz Kolye&#8221; font_container=&#8221;tag:h3|text_align:left&#8221; link=&#8221;url:http%3A%2F%2Fwww.unisera.com%2Fstoplu-kizakli-priz-kolye%2F|title:Stoplu%20K%C4%B1zakl%C4%B1%20Priz%20Kolye&#8221;][\/vc_column_inner][\/vc_row_inner][vc_separator][vc_row_inner][vc_column_inner width=&#8221;1\/3&#8243;][vc_single_image image=&#8221;3087&#8243; onclick=&#8221;custom_link&#8221; link=&#8221;http:\/\/www.unisera.com\/stoplu-kizakli-cift-cikisli-priz-kolye\/&#8221;][vc_custom_heading text=&#8221;(Stoplu) K\u0131zakl\u0131 \u00c7ift \u00c7\u0131k\u0131\u015fl\u0131 Priz Kolye&#8221; font_container=&#8221;tag:h3|text_align:left&#8221; link=&#8221;url:http%3A%2F%2Fwww.unisera.com%2Fstoplu-kizakli-cift-cikisli-priz-kolye%2F|title:Stoplu%20K%C4%B1zakl%C4%B1%20%C3%87ift%20%C3%87%C4%B1k%C4%B1%C5%9Fl%C4%B1%20Priz%20Kolye&#8221;][\/vc_column_inner][vc_column_inner width=&#8221;1\/3&#8243;][vc_single_image image=&#8221;3122&#8243; onclick=&#8221;custom_link&#8221; link=&#8221;http:\/\/www.unisera.com\/metal-cikisli-priz-kolye\/&#8221;][vc_custom_heading text=&#8221;Kilitli Contal\u0131 ve Civatal\u0131 [&hellip;]\" \/>\n<meta property=\"og:url\" content=\"http:\/\/www.unisera.com\/ar\/priz-kolyeler\/\" \/>\n<meta property=\"og:site_name\" content=\"Unisera Damla Sulama Sistemleri A.\u015e. - PP Compression Fittings\" \/>\n<meta property=\"article:modified_time\" content=\"2021-06-30T09:56:54+00:00\" \/>\n<meta name=\"twitter:card\" content=\"summary_large_image\" \/>\n<meta name=\"twitter:label1\" content=\"\u0648\u0642\u062a \u0627\u0644\u0642\u0631\u0627\u0621\u0629 \u0627\u0644\u0645\u064f\u0642\u062f\u0651\u0631\" \/>\n\t<meta name=\"twitter:data1\" content=\"\u062f\u0642\u064a\u0642\u062a\u0627\u0646\" \/>\n<script type=\"application\/ld+json\" class=\"yoast-schema-graph\">{\"@context\":\"https:\\\/\\\/schema.org\",\"@graph\":[{\"@type\":\"WebPage\",\"@id\":\"http:\\\/\\\/www.unisera.com\\\/ar\\\/priz-kolyeler\\\/\",\"url\":\"http:\\\/\\\/www.unisera.com\\\/ar\\\/priz-kolyeler\\\/\",\"name\":\"Priz Kolyeler - Unisera Damla Sulama Sistemleri A.\u015e. - PP Compression Fittings\",\"isPartOf\":{\"@id\":\"http:\\\/\\\/www.unisera.com\\\/#website\"},\"datePublished\":\"2021-06-14T13:21:40+00:00\",\"dateModified\":\"2021-06-30T09:56:54+00:00\",\"breadcrumb\":{\"@id\":\"http:\\\/\\\/www.unisera.com\\\/ar\\\/priz-kolyeler\\\/#breadcrumb\"},\"inLanguage\":\"ar\",\"potentialAction\":[{\"@type\":\"ReadAction\",\"target\":[\"http:\\\/\\\/www.unisera.com\\\/ar\\\/priz-kolyeler\\\/\"]}]},{\"@type\":\"BreadcrumbList\",\"@id\":\"http:\\\/\\\/www.unisera.com\\\/ar\\\/priz-kolyeler\\\/#breadcrumb\",\"itemListElement\":[{\"@type\":\"ListItem\",\"position\":1,\"name\":\"Home\",\"item\":\"http:\\\/\\\/www.unisera.com\\\/ar\\\/\"},{\"@type\":\"ListItem\",\"position\":2,\"name\":\"Priz Kolyeler\"}]},{\"@type\":\"WebSite\",\"@id\":\"http:\\\/\\\/www.unisera.com\\\/#website\",\"url\":\"http:\\\/\\\/www.unisera.com\\\/\",\"name\":\"Unisera Damla Sulama Sistemleri A.\u015e. - PP Compression Fittings\",\"description\":\"Temiz Su Ek Par\u00e7alar\u0131\",\"publisher\":{\"@id\":\"http:\\\/\\\/www.unisera.com\\\/#organization\"},\"potentialAction\":[{\"@type\":\"SearchAction\",\"target\":{\"@type\":\"EntryPoint\",\"urlTemplate\":\"http:\\\/\\\/www.unisera.com\\\/?s={search_term_string}\"},\"query-input\":{\"@type\":\"PropertyValueSpecification\",\"valueRequired\":true,\"valueName\":\"search_term_string\"}}],\"inLanguage\":\"ar\"},{\"@type\":\"Organization\",\"@id\":\"http:\\\/\\\/www.unisera.com\\\/#organization\",\"name\":\"unisera damla sulama sistemleri a.\u015f\",\"url\":\"http:\\\/\\\/www.unisera.com\\\/\",\"logo\":{\"@type\":\"ImageObject\",\"inLanguage\":\"ar\",\"@id\":\"http:\\\/\\\/www.unisera.com\\\/#\\\/schema\\\/logo\\\/image\\\/\",\"url\":\"http:\\\/\\\/www.unisera.com\\\/wp-content\\\/uploads\\\/2021\\\/06\\\/unisera_logo-revize-5-e1664807349517.png\",\"contentUrl\":\"http:\\\/\\\/www.unisera.com\\\/wp-content\\\/uploads\\\/2021\\\/06\\\/unisera_logo-revize-5-e1664807349517.png\",\"width\":200,\"height\":83,\"caption\":\"unisera damla sulama sistemleri a.\u015f\"},\"image\":{\"@id\":\"http:\\\/\\\/www.unisera.com\\\/#\\\/schema\\\/logo\\\/image\\\/\"}}]}<\/script>\n<!-- \/ Yoast SEO Premium plugin. -->","yoast_head_json":{"title":"Priz Kolyeler - Unisera Damla Sulama Sistemleri A.\u015e. - PP Compression Fittings","robots":{"index":"index","follow":"follow","max-snippet":"max-snippet:-1","max-image-preview":"max-image-preview:large","max-video-preview":"max-video-preview:-1"},"canonical":"http:\/\/www.unisera.com\/ar\/priz-kolyeler\/","og_locale":"ar_AR","og_type":"article","og_title":"Priz Kolyeler","og_description":"[vc_row][vc_column][vc_row_inner][vc_column_inner width=&#8221;1\/3&#8243;][vc_single_image image=&#8221;2561&#8243; onclick=&#8221;custom_link&#8221; link=&#8221;http:\/\/www.unisera.com\/civatali-priz-kolye\/&#8221;][vc_custom_heading text=&#8221;Civatal\u0131 Priz Kolye&#8221; font_container=&#8221;tag:h3|text_align:left&#8221; link=&#8221;url:http%3A%2F%2Fwww.unisera.com%2Fcivatali-priz-kolye%2F|title:Civatal%C4%B1%20Priz%20Kolye&#8221;][\/vc_column_inner][vc_column_inner width=&#8221;1\/3&#8243;][vc_single_image image=&#8221;3065&#8243; onclick=&#8221;custom_link&#8221; link=&#8221;http:\/\/www.unisera.com\/kilitli-conta-ve-desenli-civatali-cift-cikisli-priz-kolye\/&#8221;][vc_custom_heading text=&#8221;Kilitli Contal\u0131 ve Desenli Civatal\u0131 \u00c7ift \u00c7\u0131k\u0131\u015fl\u0131 Priz Kolye&#8221; font_container=&#8221;tag:h3|text_align:left&#8221; link=&#8221;url:http%3A%2F%2Fwww.unisera.com%2Fkilitli-conta-ve-desenli-civatali-cift-cikisli-priz-kolye%2F|title:Kilitli%20Contal%C4%B1%20ve%20Desenli%20Civatal%C4%B1%20%C3%87ift%20%C3%87%C4%B1k%C4%B1%C5%9Fl%C4%B1%20Priz%20Kolye&#8221;][\/vc_column_inner][vc_column_inner width=&#8221;1\/3&#8243;][vc_single_image image=&#8221;3079&#8243; onclick=&#8221;custom_link&#8221; link=&#8221;http:\/\/www.unisera.com\/stoplu-kizakli-priz-kolye\/&#8221;][vc_custom_heading text=&#8221;(Stoplu) K\u0131zakl\u0131 Priz Kolye&#8221; font_container=&#8221;tag:h3|text_align:left&#8221; link=&#8221;url:http%3A%2F%2Fwww.unisera.com%2Fstoplu-kizakli-priz-kolye%2F|title:Stoplu%20K%C4%B1zakl%C4%B1%20Priz%20Kolye&#8221;][\/vc_column_inner][\/vc_row_inner][vc_separator][vc_row_inner][vc_column_inner width=&#8221;1\/3&#8243;][vc_single_image image=&#8221;3087&#8243; onclick=&#8221;custom_link&#8221; link=&#8221;http:\/\/www.unisera.com\/stoplu-kizakli-cift-cikisli-priz-kolye\/&#8221;][vc_custom_heading text=&#8221;(Stoplu) K\u0131zakl\u0131 \u00c7ift \u00c7\u0131k\u0131\u015fl\u0131 Priz Kolye&#8221; font_container=&#8221;tag:h3|text_align:left&#8221; link=&#8221;url:http%3A%2F%2Fwww.unisera.com%2Fstoplu-kizakli-cift-cikisli-priz-kolye%2F|title:Stoplu%20K%C4%B1zakl%C4%B1%20%C3%87ift%20%C3%87%C4%B1k%C4%B1%C5%9Fl%C4%B1%20Priz%20Kolye&#8221;][\/vc_column_inner][vc_column_inner width=&#8221;1\/3&#8243;][vc_single_image image=&#8221;3122&#8243; onclick=&#8221;custom_link&#8221; link=&#8221;http:\/\/www.unisera.com\/metal-cikisli-priz-kolye\/&#8221;][vc_custom_heading text=&#8221;Kilitli Contal\u0131 ve Civatal\u0131 [&hellip;]","og_url":"http:\/\/www.unisera.com\/ar\/priz-kolyeler\/","og_site_name":"Unisera Damla Sulama Sistemleri A.\u015e. - PP Compression Fittings","article_modified_time":"2021-06-30T09:56:54+00:00","twitter_card":"summary_large_image","twitter_misc":{"\u0648\u0642\u062a \u0627\u0644\u0642\u0631\u0627\u0621\u0629 \u0627\u0644\u0645\u064f\u0642\u062f\u0651\u0631":"\u062f\u0642\u064a\u0642\u062a\u0627\u0646"},"schema":{"@context":"https:\/\/schema.org","@graph":[{"@type":"WebPage","@id":"http:\/\/www.unisera.com\/ar\/priz-kolyeler\/","url":"http:\/\/www.unisera.com\/ar\/priz-kolyeler\/","name":"Priz Kolyeler - Unisera Damla Sulama Sistemleri A.\u015e. - PP Compression Fittings","isPartOf":{"@id":"http:\/\/www.unisera.com\/#website"},"datePublished":"2021-06-14T13:21:40+00:00","dateModified":"2021-06-30T09:56:54+00:00","breadcrumb":{"@id":"http:\/\/www.unisera.com\/ar\/priz-kolyeler\/#breadcrumb"},"inLanguage":"ar","potentialAction":[{"@type":"ReadAction","target":["http:\/\/www.unisera.com\/ar\/priz-kolyeler\/"]}]},{"@type":"BreadcrumbList","@id":"http:\/\/www.unisera.com\/ar\/priz-kolyeler\/#breadcrumb","itemListElement":[{"@type":"ListItem","position":1,"name":"Home","item":"http:\/\/www.unisera.com\/ar\/"},{"@type":"ListItem","position":2,"name":"Priz Kolyeler"}]},{"@type":"WebSite","@id":"http:\/\/www.unisera.com\/#website","url":"http:\/\/www.unisera.com\/","name":"Unisera Damla Sulama Sistemleri A.\u015e. - PP Compression Fittings","description":"Temiz Su Ek Par\u00e7alar\u0131","publisher":{"@id":"http:\/\/www.unisera.com\/#organization"},"potentialAction":[{"@type":"SearchAction","target":{"@type":"EntryPoint","urlTemplate":"http:\/\/www.unisera.com\/?s={search_term_string}"},"query-input":{"@type":"PropertyValueSpecification","valueRequired":true,"valueName":"search_term_string"}}],"inLanguage":"ar"},{"@type":"Organization","@id":"http:\/\/www.unisera.com\/#organization","name":"unisera damla sulama sistemleri a.\u015f","url":"http:\/\/www.unisera.com\/","logo":{"@type":"ImageObject","inLanguage":"ar","@id":"http:\/\/www.unisera.com\/#\/schema\/logo\/image\/","url":"http:\/\/www.unisera.com\/wp-content\/uploads\/2021\/06\/unisera_logo-revize-5-e1664807349517.png","contentUrl":"http:\/\/www.unisera.com\/wp-content\/uploads\/2021\/06\/unisera_logo-revize-5-e1664807349517.png","width":200,"height":83,"caption":"unisera damla sulama sistemleri a.\u015f"},"image":{"@id":"http:\/\/www.unisera.com\/#\/schema\/logo\/image\/"}}]}},"_links":{"self":[{"href":"http:\/\/www.unisera.com\/ar\/wp-json\/wp\/v2\/pages\/3822","targetHints":{"allow":["GET"]}}],"collection":[{"href":"http:\/\/www.unisera.com\/ar\/wp-json\/wp\/v2\/pages"}],"about":[{"href":"http:\/\/www.unisera.com\/ar\/wp-json\/wp\/v2\/types\/page"}],"author":[{"embeddable":true,"href":"http:\/\/www.unisera.com\/ar\/wp-json\/wp\/v2\/users\/1"}],"replies":[{"embeddable":true,"href":"http:\/\/www.unisera.com\/ar\/wp-json\/wp\/v2\/comments?post=3822"}],"version-history":[{"count":1,"href":"http:\/\/www.unisera.com\/ar\/wp-json\/wp\/v2\/pages\/3822\/revisions"}],"predecessor-version":[{"id":3828,"href":"http:\/\/www.unisera.com\/ar\/wp-json\/wp\/v2\/pages\/3822\/revisions\/3828"}],"wp:attachment":[{"href":"http:\/\/www.unisera.com\/ar\/wp-json\/wp\/v2\/media?parent=3822"}],"curies":[{"name":"wp","href":"https:\/\/api.w.org\/{rel}","templated":true}]}}