{"id":2334,"date":"2019-04-18T07:12:05","date_gmt":"2019-04-18T07:12:05","guid":{"rendered":"http:\/\/www.unisera.com\/index.php\/home-3\/"},"modified":"2023-02-08T12:31:38","modified_gmt":"2023-02-08T09:31:38","slug":"home-3","status":"publish","type":"page","link":"http:\/\/www.unisera.com\/ar\/","title":{"rendered":"ANASAYFA"},"content":{"rendered":"<div class=\"wpb-content-wrapper\"><p>[vc_row][vc_column][rev_slider_vc alias=&#8221;home-3&#8243;][\/vc_column][\/vc_row][vc_row el_class=&#8221;bg-second&#8221; css=&#8221;.vc_custom_1555470524461{padding-top: 28px !important;padding-bottom: 28px !important;}&#8221;][vc_column offset=&#8221;vc_col-md-9&#8243;][vc_column_text el_class=&#8221;text-light&#8221; css=&#8221;.vc_custom_1649946275855{margin-bottom: 0px !important;padding-top: 5px !important;}&#8221;]<\/p>\n<h3>2022 KATALO\u011eUMUZ YAYINLANDI<\/h3>\n<p>[\/vc_column_text][vc_empty_space height=&#8221;20px&#8221; el_class=&#8221;lg-hidden&#8221;][\/vc_column][vc_column offset=&#8221;vc_col-md-3&#8243;]\n    <div class=\"text-right mobile-left\">\n        <a  class=\"btn   \" href=\"http:\/\/www.unisera.com\/unisera2023catalog.pdf\" style=\"\">\u0130NCELE<\/a>\n    <\/div>\n\n    [\/vc_column][\/vc_row][vc_row el_class=&#8221;section-padd&#8221; css=&#8221;.vc_custom_1555472376004{background-color: #ffffff !important;}&#8221;][vc_column]\n    <div class=\"section-head \">\n                <h2 class=\"section-title\">Neden Bizi Se\u00e7melisiniz ?<\/h2>\n            <\/div>\n\n[vc_empty_space height=&#8221;30px&#8221;][\/vc_column][vc_column width=&#8221;1\/2&#8243; offset=&#8221;vc_col-md-4&#8243;]\n        <div class=\"service-box icon-box bg-alt box-shadow-hover image \">\n                        <img loading=\"lazy\" decoding=\"async\" width=\"46\" height=\"51\" src=\"http:\/\/www.unisera.com\/wp-content\/uploads\/2019\/04\/icon-diamond.png\" class=\"img-responsive\" alt=\"\" \/>        <div class=\"content-box\">\n            <h4>Kalite Politikam\u0131z<\/h4>\n            <p>\u00dcr\u00fcnlerimizi imal ederken son te\u00e7hizat test cihazlar\u0131nda test edip onaylayarak haz\u0131r hale getiriyoruz , montaj\u0131ndan \u00fcr\u00fcnlerin sevkine kadar her bir \u00fcr\u00fcn\u00fcm\u00fcz i\u00e7in son derece \u00f6zeniyoruz.<\/p>\n                    <\/div>\n    <\/div>\n    \n    [vc_empty_space height=&#8221;20px&#8221; el_class=&#8221;lg-hidden&#8221;][\/vc_column][vc_column width=&#8221;1\/2&#8243; offset=&#8221;vc_col-md-4&#8243;]\n        <div class=\"service-box icon-box bg-alt box-shadow-hover image \">\n                        <img loading=\"lazy\" decoding=\"async\" width=\"34\" height=\"50\" src=\"http:\/\/www.unisera.com\/wp-content\/uploads\/2019\/04\/icon-light.png\" class=\"img-responsive\" alt=\"\" \/>        <div class=\"content-box\">\n            <h4>Orjinal Hammadde<\/h4>\n            <p>\u00dcr\u00fcnlerimizin t\u00fcm\u00fcnde %100 orjinal hammadde kullan\u0131yoruz.<\/p>\n                    <\/div>\n    <\/div>\n    \n    [vc_empty_space height=&#8221;20px&#8221; el_class=&#8221;lg-hidden&#8221;][\/vc_column][vc_column offset=&#8221;vc_col-md-4&#8243;]\n        <div class=\"service-box icon-box bg-alt box-shadow-hover image \">\n                        <img loading=\"lazy\" decoding=\"async\" width=\"38\" height=\"50\" src=\"http:\/\/www.unisera.com\/wp-content\/uploads\/2019\/04\/icon-paper.png\" class=\"img-responsive\" alt=\"\" \/>        <div class=\"content-box\">\n            <h4>\u0130hracat Ba\u015far\u0131m\u0131z<\/h4>\n            <p>\u00dcr\u00fcnlerimizi D\u00fcnya&#8217;n\u0131n her yerine \u00f6zenle paketleyerek g\u00f6nderebilmenin gururunu ya\u015f\u0131yoruz.<\/p>\n                    <\/div>\n    <\/div>\n    \n    [\/vc_column][\/vc_row][vc_row el_class=&#8221;section-padd&#8221; css=&#8221;.vc_custom_1555571851249{background-image: url(http:\/\/www.unisera.com\/wp-content\/uploads\/2019\/04\/bg-home3.jpg?id=1922) !important;background-position: center !important;background-repeat: no-repeat !important;background-size: cover !important;}&#8221;][vc_column offset=&#8221;vc_col-md-9&#8243;]\n    <div class=\"section-head  text-light\">\n                <h2 class=\"section-title\">\u00dcR\u00dcNLER\u0130M\u0130Z<\/h2>\n            <\/div>\n\n[\/vc_column][vc_column offset=&#8221;vc_col-md-3&#8243;][\/vc_column][vc_column][vc_empty_space height=&#8221;30px&#8221;][vc_row_inner][vc_column_inner width=&#8221;1\/2&#8243; offset=&#8221;vc_col-md-4&#8243; css=&#8221;.vc_custom_1555486233143{padding-right: 1px !important;padding-left: 0px !important;}&#8221;]\n    <a href=\"http:\/\/www.unisera.com\/index.php\/kaplin-ek-parcalar\/\">    <div class=\"service-box icon-box  image transparent hover-box\">\n                        <img loading=\"lazy\" decoding=\"async\" width=\"50\" height=\"51\" src=\"http:\/\/www.unisera.com\/wp-content\/uploads\/2021\/06\/kaplin1.png\" class=\"img-responsive\" alt=\"kaplin ek par\u00e7alar\" \/>        <div class=\"content-box\">\n            <h4>Kaplin Ek Par\u00e7alar<\/h4>\n            <p><\/p>\n                    <\/div>\n    <\/div>\n    <\/a>\n    [vc_empty_space height=&#8221;1px&#8221;][\/vc_column_inner][vc_column_inner width=&#8221;1\/2&#8243; offset=&#8221;vc_col-md-4&#8243; css=&#8221;.vc_custom_1555487903528{padding-right: 1px !important;padding-left: 0px !important;}&#8221;]\n    <a href=\"http:\/\/www.unisera.com\/index.php\/kuresel-vanalar\/\">    <div class=\"service-box icon-box  image transparent hover-box\">\n                        <img loading=\"lazy\" decoding=\"async\" width=\"50\" height=\"51\" src=\"http:\/\/www.unisera.com\/wp-content\/uploads\/2021\/06\/vanalar1.png\" class=\"img-responsive\" alt=\"\" \/>        <div class=\"content-box\">\n            <h4>K\u00fcresel Vanalar<\/h4>\n            <p><\/p>\n                    <\/div>\n    <\/div>\n    <\/a>\n    [vc_empty_space height=&#8221;1px&#8221;][\/vc_column_inner][vc_column_inner width=&#8221;1\/2&#8243; offset=&#8221;vc_col-md-4&#8243; css=&#8221;.vc_custom_1555487960055{padding-right: 1px !important;padding-left: 0px !important;}&#8221;]\n    <a href=\"http:\/\/www.unisera.com\/index.php\/plastik-fittingsler\/\">    <div class=\"service-box icon-box  image transparent hover-box\">\n                        <img loading=\"lazy\" decoding=\"async\" width=\"50\" height=\"51\" src=\"http:\/\/www.unisera.com\/wp-content\/uploads\/2021\/06\/fittings1.png\" class=\"img-responsive\" alt=\"\" \/>        <div class=\"content-box\">\n            <h4>Plastik Fittingsler<\/h4>\n            <p><\/p>\n                    <\/div>\n    <\/div>\n    <\/a>\n    [vc_empty_space height=&#8221;1px&#8221;][\/vc_column_inner][vc_column_inner width=&#8221;1\/2&#8243; offset=&#8221;vc_col-md-4&#8243; css=&#8221;.vc_custom_1555486403937{padding-right: 1px !important;padding-left: 0px !important;}&#8221;]\n    <a href=\"http:\/\/www.unisera.com\/index.php\/priz-kolyeler\/\">    <div class=\"service-box icon-box  image transparent hover-box\">\n                        <img loading=\"lazy\" decoding=\"async\" width=\"50\" height=\"51\" src=\"http:\/\/www.unisera.com\/wp-content\/uploads\/2021\/06\/kolyeler1.png\" class=\"img-responsive\" alt=\"\" \/>        <div class=\"content-box\">\n            <h4>Priz Kolyeler<\/h4>\n            <p><\/p>\n                    <\/div>\n    <\/div>\n    <\/a>\n    [vc_empty_space height=&#8221;1px&#8221; el_class=&#8221;lg-hidden&#8221;][\/vc_column_inner][vc_column_inner width=&#8221;1\/2&#8243; offset=&#8221;vc_col-md-4&#8243; css=&#8221;.vc_custom_1555488243448{padding-right: 1px !important;padding-left: 0px !important;}&#8221;]\n    <a href=\"http:\/\/www.unisera.com\/index.php\/zirhli-seri\/\">    <div class=\"service-box icon-box  image transparent hover-box\">\n                        <img loading=\"lazy\" decoding=\"async\" width=\"56\" height=\"56\" src=\"http:\/\/www.unisera.com\/wp-content\/uploads\/2021\/06\/yuzukluler1.png\" class=\"img-responsive\" alt=\"\" \/>        <div class=\"content-box\">\n            <h4>Z\u0131rhl\u0131 Seri<\/h4>\n            <p><\/p>\n                    <\/div>\n    <\/div>\n    <\/a>\n    [vc_empty_space height=&#8221;1px&#8221; el_class=&#8221;lg-hidden&#8221;][\/vc_column_inner][vc_column_inner width=&#8221;1\/2&#8243; offset=&#8221;vc_col-md-4&#8243; css=&#8221;.vc_custom_1555488313423{padding-right: 1px !important;padding-left: 0px !important;}&#8221;]\n    <a href=\"http:\/\/www.unisera.com\/index.php\/ozel-imalat-adaptorler\/\">    <div class=\"service-box icon-box  image transparent hover-box\">\n                        <img loading=\"lazy\" decoding=\"async\" width=\"50\" height=\"51\" src=\"http:\/\/www.unisera.com\/wp-content\/uploads\/2021\/06\/ozel-imalat.png\" class=\"img-responsive\" alt=\"\" \/>        <div class=\"content-box\">\n            <h4>\u00d6zel \u0130malat Serisi<\/h4>\n            <p><\/p>\n                    <\/div>\n    <\/div>\n    <\/a>\n    [\/vc_column_inner][\/vc_row_inner][\/vc_column][\/vc_row]<\/p>\n<\/div>","protected":false},"excerpt":{"rendered":"<p>[vc_row][vc_column][rev_slider_vc alias=&#8221;home-3&#8243;][\/vc_column][\/vc_row][vc_row el_class=&#8221;bg-second&#8221; css=&#8221;.vc_custom_1555470524461{padding-top: 28px !important;padding-bottom: 28px !important;}&#8221;][vc_column offset=&#8221;vc_col-md-9&#8243;][vc_column_text el_class=&#8221;text-light&#8221; css=&#8221;.vc_custom_1649946275855{margin-bottom: 0px !important;padding-top: 5px !important;}&#8221;] 2022 KATALO\u011eUMUZ YAYINLANDI [\/vc_column_text][vc_empty_space height=&#8221;20px&#8221; el_class=&#8221;lg-hidden&#8221;][\/vc_column][vc_column offset=&#8221;vc_col-md-3&#8243;][\/vc_column][\/vc_row][vc_row el_class=&#8221;section-padd&#8221; css=&#8221;.vc_custom_1555472376004{background-color: #ffffff !important;}&#8221;][vc_column][vc_empty_space height=&#8221;30px&#8221;][\/vc_column][vc_column width=&#8221;1\/2&#8243; offset=&#8221;vc_col-md-4&#8243;][vc_empty_space height=&#8221;20px&#8221; el_class=&#8221;lg-hidden&#8221;][\/vc_column][vc_column width=&#8221;1\/2&#8243; offset=&#8221;vc_col-md-4&#8243;][vc_empty_space height=&#8221;20px&#8221; el_class=&#8221;lg-hidden&#8221;][\/vc_column][vc_column offset=&#8221;vc_col-md-4&#8243;][\/vc_column][\/vc_row][vc_row el_class=&#8221;section-padd&#8221; css=&#8221;.vc_custom_1555571851249{background-image: url(http:\/\/www.unisera.com\/wp-content\/uploads\/2019\/04\/bg-home3.jpg?id=1922) !important;background-position: center !important;background-repeat: no-repeat !important;background-size: cover !important;}&#8221;][vc_column offset=&#8221;vc_col-md-9&#8243;][\/vc_column][vc_column offset=&#8221;vc_col-md-3&#8243;][\/vc_column][vc_column][vc_empty_space height=&#8221;30px&#8221;][vc_row_inner][vc_column_inner width=&#8221;1\/2&#8243; offset=&#8221;vc_col-md-4&#8243; css=&#8221;.vc_custom_1555486233143{padding-right: 1px !important;padding-left: 0px [&hellip;]<\/p>\n","protected":false},"author":1,"featured_media":0,"parent":0,"menu_order":0,"comment_status":"closed","ping_status":"closed","template":"","meta":{"_joinchat":[],"footnotes":""},"class_list":["post-2334","page","type-page","status-publish","hentry"],"yoast_head":"<!-- This site is optimized with the Yoast SEO Premium plugin v24.7 (Yoast SEO v27.3) - https:\/\/yoast.com\/product\/yoast-seo-premium-wordpress\/ -->\n<title>ANASAYFA - Unisera Damla Sulama Sistemleri A.\u015e. - PP Compression Fittings<\/title>\n<meta name=\"robots\" content=\"index, follow, max-snippet:-1, max-image-preview:large, max-video-preview:-1\" \/>\n<link rel=\"canonical\" href=\"http:\/\/www.unisera.com\/ar\/\" \/>\n<meta property=\"og:locale\" content=\"ar_AR\" \/>\n<meta property=\"og:type\" content=\"article\" \/>\n<meta property=\"og:title\" content=\"ANASAYFA\" \/>\n<meta property=\"og:description\" content=\"[vc_row][vc_column][rev_slider_vc alias=&#8221;home-3&#8243;][\/vc_column][\/vc_row][vc_row el_class=&#8221;bg-second&#8221; css=&#8221;.vc_custom_1555470524461{padding-top: 28px !important;padding-bottom: 28px !important;}&#8221;][vc_column offset=&#8221;vc_col-md-9&#8243;][vc_column_text el_class=&#8221;text-light&#8221; css=&#8221;.vc_custom_1649946275855{margin-bottom: 0px !important;padding-top: 5px !important;}&#8221;] 2022 KATALO\u011eUMUZ YAYINLANDI [\/vc_column_text][vc_empty_space height=&#8221;20px&#8221; el_class=&#8221;lg-hidden&#8221;][\/vc_column][vc_column offset=&#8221;vc_col-md-3&#8243;][\/vc_column][\/vc_row][vc_row el_class=&#8221;section-padd&#8221; css=&#8221;.vc_custom_1555472376004{background-color: #ffffff !important;}&#8221;][vc_column][vc_empty_space height=&#8221;30px&#8221;][\/vc_column][vc_column width=&#8221;1\/2&#8243; offset=&#8221;vc_col-md-4&#8243;][vc_empty_space height=&#8221;20px&#8221; el_class=&#8221;lg-hidden&#8221;][\/vc_column][vc_column width=&#8221;1\/2&#8243; offset=&#8221;vc_col-md-4&#8243;][vc_empty_space height=&#8221;20px&#8221; el_class=&#8221;lg-hidden&#8221;][\/vc_column][vc_column offset=&#8221;vc_col-md-4&#8243;][\/vc_column][\/vc_row][vc_row el_class=&#8221;section-padd&#8221; css=&#8221;.vc_custom_1555571851249{background-image: url(http:\/\/www.unisera.com\/wp-content\/uploads\/2019\/04\/bg-home3.jpg?id=1922) !important;background-position: center !important;background-repeat: no-repeat !important;background-size: cover !important;}&#8221;][vc_column offset=&#8221;vc_col-md-9&#8243;][\/vc_column][vc_column offset=&#8221;vc_col-md-3&#8243;][\/vc_column][vc_column][vc_empty_space height=&#8221;30px&#8221;][vc_row_inner][vc_column_inner width=&#8221;1\/2&#8243; offset=&#8221;vc_col-md-4&#8243; css=&#8221;.vc_custom_1555486233143{padding-right: 1px !important;padding-left: 0px [&hellip;]\" \/>\n<meta property=\"og:url\" content=\"http:\/\/www.unisera.com\/ar\/\" \/>\n<meta property=\"og:site_name\" content=\"Unisera Damla Sulama Sistemleri A.\u015e. - PP Compression Fittings\" \/>\n<meta property=\"article:modified_time\" content=\"2023-02-08T09:31:38+00:00\" \/>\n<meta name=\"twitter:card\" content=\"summary_large_image\" \/>\n<meta name=\"twitter:label1\" content=\"\u0648\u0642\u062a \u0627\u0644\u0642\u0631\u0627\u0621\u0629 \u0627\u0644\u0645\u064f\u0642\u062f\u0651\u0631\" \/>\n\t<meta name=\"twitter:data1\" content=\"3 \u062f\u0642\u0627\u0626\u0642\" \/>\n<script type=\"application\/ld+json\" class=\"yoast-schema-graph\">{\"@context\":\"https:\\\/\\\/schema.org\",\"@graph\":[{\"@type\":\"WebPage\",\"@id\":\"http:\\\/\\\/www.unisera.com\\\/ar\\\/\",\"url\":\"http:\\\/\\\/www.unisera.com\\\/ar\\\/\",\"name\":\"ANASAYFA - Unisera Damla Sulama Sistemleri A.\u015e. - PP Compression Fittings\",\"isPartOf\":{\"@id\":\"http:\\\/\\\/www.unisera.com\\\/#website\"},\"datePublished\":\"2019-04-18T07:12:05+00:00\",\"dateModified\":\"2023-02-08T09:31:38+00:00\",\"breadcrumb\":{\"@id\":\"http:\\\/\\\/www.unisera.com\\\/ar\\\/#breadcrumb\"},\"inLanguage\":\"ar\",\"potentialAction\":[{\"@type\":\"ReadAction\",\"target\":[\"http:\\\/\\\/www.unisera.com\\\/ar\\\/\"]}]},{\"@type\":\"BreadcrumbList\",\"@id\":\"http:\\\/\\\/www.unisera.com\\\/ar\\\/#breadcrumb\",\"itemListElement\":[{\"@type\":\"ListItem\",\"position\":1,\"name\":\"Home\",\"item\":\"http:\\\/\\\/www.unisera.com\\\/ar\\\/\"},{\"@type\":\"ListItem\",\"position\":2,\"name\":\"ANASAYFA\"}]},{\"@type\":\"WebSite\",\"@id\":\"http:\\\/\\\/www.unisera.com\\\/#website\",\"url\":\"http:\\\/\\\/www.unisera.com\\\/\",\"name\":\"Unisera Damla Sulama Sistemleri A.\u015e. - PP Compression Fittings\",\"description\":\"Temiz Su Ek Par\u00e7alar\u0131\",\"publisher\":{\"@id\":\"http:\\\/\\\/www.unisera.com\\\/#organization\"},\"potentialAction\":[{\"@type\":\"SearchAction\",\"target\":{\"@type\":\"EntryPoint\",\"urlTemplate\":\"http:\\\/\\\/www.unisera.com\\\/?s={search_term_string}\"},\"query-input\":{\"@type\":\"PropertyValueSpecification\",\"valueRequired\":true,\"valueName\":\"search_term_string\"}}],\"inLanguage\":\"ar\"},{\"@type\":\"Organization\",\"@id\":\"http:\\\/\\\/www.unisera.com\\\/#organization\",\"name\":\"unisera damla sulama sistemleri a.\u015f\",\"url\":\"http:\\\/\\\/www.unisera.com\\\/\",\"logo\":{\"@type\":\"ImageObject\",\"inLanguage\":\"ar\",\"@id\":\"http:\\\/\\\/www.unisera.com\\\/#\\\/schema\\\/logo\\\/image\\\/\",\"url\":\"http:\\\/\\\/www.unisera.com\\\/wp-content\\\/uploads\\\/2021\\\/06\\\/unisera_logo-revize-5-e1664807349517.png\",\"contentUrl\":\"http:\\\/\\\/www.unisera.com\\\/wp-content\\\/uploads\\\/2021\\\/06\\\/unisera_logo-revize-5-e1664807349517.png\",\"width\":200,\"height\":83,\"caption\":\"unisera damla sulama sistemleri a.\u015f\"},\"image\":{\"@id\":\"http:\\\/\\\/www.unisera.com\\\/#\\\/schema\\\/logo\\\/image\\\/\"}}]}<\/script>\n<!-- \/ Yoast SEO Premium plugin. -->","yoast_head_json":{"title":"ANASAYFA - Unisera Damla Sulama Sistemleri A.\u015e. - PP Compression Fittings","robots":{"index":"index","follow":"follow","max-snippet":"max-snippet:-1","max-image-preview":"max-image-preview:large","max-video-preview":"max-video-preview:-1"},"canonical":"http:\/\/www.unisera.com\/ar\/","og_locale":"ar_AR","og_type":"article","og_title":"ANASAYFA","og_description":"[vc_row][vc_column][rev_slider_vc alias=&#8221;home-3&#8243;][\/vc_column][\/vc_row][vc_row el_class=&#8221;bg-second&#8221; css=&#8221;.vc_custom_1555470524461{padding-top: 28px !important;padding-bottom: 28px !important;}&#8221;][vc_column offset=&#8221;vc_col-md-9&#8243;][vc_column_text el_class=&#8221;text-light&#8221; css=&#8221;.vc_custom_1649946275855{margin-bottom: 0px !important;padding-top: 5px !important;}&#8221;] 2022 KATALO\u011eUMUZ YAYINLANDI [\/vc_column_text][vc_empty_space height=&#8221;20px&#8221; el_class=&#8221;lg-hidden&#8221;][\/vc_column][vc_column offset=&#8221;vc_col-md-3&#8243;][\/vc_column][\/vc_row][vc_row el_class=&#8221;section-padd&#8221; css=&#8221;.vc_custom_1555472376004{background-color: #ffffff !important;}&#8221;][vc_column][vc_empty_space height=&#8221;30px&#8221;][\/vc_column][vc_column width=&#8221;1\/2&#8243; offset=&#8221;vc_col-md-4&#8243;][vc_empty_space height=&#8221;20px&#8221; el_class=&#8221;lg-hidden&#8221;][\/vc_column][vc_column width=&#8221;1\/2&#8243; offset=&#8221;vc_col-md-4&#8243;][vc_empty_space height=&#8221;20px&#8221; el_class=&#8221;lg-hidden&#8221;][\/vc_column][vc_column offset=&#8221;vc_col-md-4&#8243;][\/vc_column][\/vc_row][vc_row el_class=&#8221;section-padd&#8221; css=&#8221;.vc_custom_1555571851249{background-image: url(http:\/\/www.unisera.com\/wp-content\/uploads\/2019\/04\/bg-home3.jpg?id=1922) !important;background-position: center !important;background-repeat: no-repeat !important;background-size: cover !important;}&#8221;][vc_column offset=&#8221;vc_col-md-9&#8243;][\/vc_column][vc_column offset=&#8221;vc_col-md-3&#8243;][\/vc_column][vc_column][vc_empty_space height=&#8221;30px&#8221;][vc_row_inner][vc_column_inner width=&#8221;1\/2&#8243; offset=&#8221;vc_col-md-4&#8243; css=&#8221;.vc_custom_1555486233143{padding-right: 1px !important;padding-left: 0px [&hellip;]","og_url":"http:\/\/www.unisera.com\/ar\/","og_site_name":"Unisera Damla Sulama Sistemleri A.\u015e. - PP Compression Fittings","article_modified_time":"2023-02-08T09:31:38+00:00","twitter_card":"summary_large_image","twitter_misc":{"\u0648\u0642\u062a \u0627\u0644\u0642\u0631\u0627\u0621\u0629 \u0627\u0644\u0645\u064f\u0642\u062f\u0651\u0631":"3 \u062f\u0642\u0627\u0626\u0642"},"schema":{"@context":"https:\/\/schema.org","@graph":[{"@type":"WebPage","@id":"http:\/\/www.unisera.com\/ar\/","url":"http:\/\/www.unisera.com\/ar\/","name":"ANASAYFA - Unisera Damla Sulama Sistemleri A.\u015e. - PP Compression Fittings","isPartOf":{"@id":"http:\/\/www.unisera.com\/#website"},"datePublished":"2019-04-18T07:12:05+00:00","dateModified":"2023-02-08T09:31:38+00:00","breadcrumb":{"@id":"http:\/\/www.unisera.com\/ar\/#breadcrumb"},"inLanguage":"ar","potentialAction":[{"@type":"ReadAction","target":["http:\/\/www.unisera.com\/ar\/"]}]},{"@type":"BreadcrumbList","@id":"http:\/\/www.unisera.com\/ar\/#breadcrumb","itemListElement":[{"@type":"ListItem","position":1,"name":"Home","item":"http:\/\/www.unisera.com\/ar\/"},{"@type":"ListItem","position":2,"name":"ANASAYFA"}]},{"@type":"WebSite","@id":"http:\/\/www.unisera.com\/#website","url":"http:\/\/www.unisera.com\/","name":"Unisera Damla Sulama Sistemleri A.\u015e. - PP Compression Fittings","description":"Temiz Su Ek Par\u00e7alar\u0131","publisher":{"@id":"http:\/\/www.unisera.com\/#organization"},"potentialAction":[{"@type":"SearchAction","target":{"@type":"EntryPoint","urlTemplate":"http:\/\/www.unisera.com\/?s={search_term_string}"},"query-input":{"@type":"PropertyValueSpecification","valueRequired":true,"valueName":"search_term_string"}}],"inLanguage":"ar"},{"@type":"Organization","@id":"http:\/\/www.unisera.com\/#organization","name":"unisera damla sulama sistemleri a.\u015f","url":"http:\/\/www.unisera.com\/","logo":{"@type":"ImageObject","inLanguage":"ar","@id":"http:\/\/www.unisera.com\/#\/schema\/logo\/image\/","url":"http:\/\/www.unisera.com\/wp-content\/uploads\/2021\/06\/unisera_logo-revize-5-e1664807349517.png","contentUrl":"http:\/\/www.unisera.com\/wp-content\/uploads\/2021\/06\/unisera_logo-revize-5-e1664807349517.png","width":200,"height":83,"caption":"unisera damla sulama sistemleri a.\u015f"},"image":{"@id":"http:\/\/www.unisera.com\/#\/schema\/logo\/image\/"}}]}},"_links":{"self":[{"href":"http:\/\/www.unisera.com\/ar\/wp-json\/wp\/v2\/pages\/2334","targetHints":{"allow":["GET"]}}],"collection":[{"href":"http:\/\/www.unisera.com\/ar\/wp-json\/wp\/v2\/pages"}],"about":[{"href":"http:\/\/www.unisera.com\/ar\/wp-json\/wp\/v2\/types\/page"}],"author":[{"embeddable":true,"href":"http:\/\/www.unisera.com\/ar\/wp-json\/wp\/v2\/users\/1"}],"replies":[{"embeddable":true,"href":"http:\/\/www.unisera.com\/ar\/wp-json\/wp\/v2\/comments?post=2334"}],"version-history":[{"count":10,"href":"http:\/\/www.unisera.com\/ar\/wp-json\/wp\/v2\/pages\/2334\/revisions"}],"predecessor-version":[{"id":4877,"href":"http:\/\/www.unisera.com\/ar\/wp-json\/wp\/v2\/pages\/2334\/revisions\/4877"}],"wp:attachment":[{"href":"http:\/\/www.unisera.com\/ar\/wp-json\/wp\/v2\/media?parent=2334"}],"curies":[{"name":"wp","href":"https:\/\/api.w.org\/{rel}","templated":true}]}}